{"id":95,"date":"2020-02-28T21:08:52","date_gmt":"2020-02-28T21:08:52","guid":{"rendered":"https:\/\/campdrive.es\/?page_id=95"},"modified":"2020-05-22T12:35:06","modified_gmt":"2020-05-22T12:35:06","slug":"coche","status":"publish","type":"page","link":"https:\/\/campdrive.es\/index.php\/permisos\/coche\/","title":{"rendered":"PERMISO COCHE"},"content":{"rendered":"\n<figure class=\"wp-block-image size-large is-resized is-style-default\"><img loading=\"lazy\" decoding=\"async\" src=\"https:\/\/campdrive.es\/wp-content\/uploads\/2020\/05\/golf-2.jpg\" alt=\"\" class=\"wp-image-228\" width=\"578\" height=\"433\" srcset=\"https:\/\/campdrive.es\/wp-content\/uploads\/2020\/05\/golf-2.jpg 1024w, https:\/\/campdrive.es\/wp-content\/uploads\/2020\/05\/golf-2-300x225.jpg 300w, https:\/\/campdrive.es\/wp-content\/uploads\/2020\/05\/golf-2-768x576.jpg 768w\" sizes=\"auto, (max-width: 578px) 100vw, 578px\" \/><\/figure>\n\n\n\n<figure class=\"wp-block-image size-large is-style-default\"><img loading=\"lazy\" decoding=\"async\" width=\"800\" height=\"300\" src=\"https:\/\/campdrive.es\/wp-content\/uploads\/2020\/05\/APROBAR-EXAMEN-CONDUCIR-CAMPDRIVE.jpg\" alt=\"\" class=\"wp-image-345\" srcset=\"https:\/\/campdrive.es\/wp-content\/uploads\/2020\/05\/APROBAR-EXAMEN-CONDUCIR-CAMPDRIVE.jpg 800w, https:\/\/campdrive.es\/wp-content\/uploads\/2020\/05\/APROBAR-EXAMEN-CONDUCIR-CAMPDRIVE-300x113.jpg 300w, https:\/\/campdrive.es\/wp-content\/uploads\/2020\/05\/APROBAR-EXAMEN-CONDUCIR-CAMPDRIVE-768x288.jpg 768w\" sizes=\"auto, (max-width: 800px) 100vw, 800px\" \/><\/figure>\n\n\n\n<figure class=\"wp-block-pullquote is-style-default\"><blockquote><p><strong>S\u00e1cate el carnet de conducir a la primera con nosotros<\/strong><\/p><p><strong>F\u00e1cil y R\u00e1pido<\/strong><\/p><\/blockquote><\/figure>\n\n\n\n<p class=\"has-text-color has-background has-white-color has-accent-background-color\">Te lo ponemos muy f\u00e1cil &#8230;<\/p>\n\n\n\n<p class=\"has-text-color has-accent-color\">Para conseguir la obtenci\u00f3n de tu&nbsp;<strong>carnet de conducir <\/strong>&nbsp;disponemos de diferentes modalidades, tanto para te\u00f3rica como para pr\u00e1ctica, siempre adapt\u00e1ndonos a tus necesidades.<\/p>\n\n\n\n<p class=\"has-text-color has-background has-text-align-center has-background-color-color has-accent-background-color\"><strong>CURSOS INTENSIVOS <\/strong><\/p>\n\n\n\n<p class=\"has-text-color has-background has-text-align-center has-background-color-color has-accent-background-color\"><br><strong>FLEXIBILIDAD DE HORARIOS DE CLASES<\/strong> <\/p>\n\n\n\n<p class=\"has-text-color has-background has-text-align-center has-background-color-color has-accent-background-color\"><strong>PRECIOS ECON\u00d3MICOS<\/strong><\/p>\n\n\n\n<p class=\"has-text-color has-background has-text-align-center has-background-color-color has-accent-background-color\"><strong>MATERIAL DID\u00c1CTICO COMPLETO CON TEST Y CLASES MULTIMEDIA<\/strong><\/p>\n\n\n\n<figure class=\"wp-block-image size-large is-style-default\"><img loading=\"lazy\" decoding=\"async\" width=\"1024\" height=\"761\" src=\"https:\/\/campdrive.es\/wp-content\/uploads\/2020\/03\/golf-1024x761.jpg\" alt=\"\" class=\"wp-image-139\" srcset=\"https:\/\/campdrive.es\/wp-content\/uploads\/2020\/03\/golf-1024x761.jpg 1024w, https:\/\/campdrive.es\/wp-content\/uploads\/2020\/03\/golf-300x223.jpg 300w, https:\/\/campdrive.es\/wp-content\/uploads\/2020\/03\/golf-768x571.jpg 768w, https:\/\/campdrive.es\/wp-content\/uploads\/2020\/03\/golf.jpg 1033w\" sizes=\"auto, (max-width: 1024px) 100vw, 1024px\" \/><\/figure>\n\n\n\n<p class=\"has-text-color has-background has-text-align-center has-white-color has-accent-background-color\"><strong>PROFESORADO  TITULADO CON EXPERIENCIA<\/strong><\/p>\n\n\n\n<p class=\"has-text-color has-text-align-center has-accent-color\">Si tienes 18 a\u00f1os o m\u00e1s  este es tu momento!!<\/p>\n\n\n\n<p class=\"has-text-color has-background has-text-align-center has-white-color has-black-background-color\"><strong>SI Necesitas REMOLQUE puedes adquirir :<\/strong><\/p>\n\n\n\n<figure class=\"wp-block-image size-large is-style-default\"><img loading=\"lazy\" decoding=\"async\" width=\"1024\" height=\"439\" src=\"https:\/\/campdrive.es\/wp-content\/uploads\/2020\/05\/coche-con-remolque-1024x439.jpg\" alt=\"\" class=\"wp-image-348\" srcset=\"https:\/\/campdrive.es\/wp-content\/uploads\/2020\/05\/coche-con-remolque-1024x439.jpg 1024w, https:\/\/campdrive.es\/wp-content\/uploads\/2020\/05\/coche-con-remolque-300x129.jpg 300w, https:\/\/campdrive.es\/wp-content\/uploads\/2020\/05\/coche-con-remolque-768x330.jpg 768w, https:\/\/campdrive.es\/wp-content\/uploads\/2020\/05\/coche-con-remolque.jpg 1440w\" sizes=\"auto, (max-width: 1024px) 100vw, 1024px\" \/><\/figure>\n\n\n\n<h2 class=\"has-accent-color has-text-color wp-block-heading\">B96 <\/h2>\n\n\n\n<p class=\"has-text-color has-background has-white-color has-accent-background-color\">Autorizaci\u00f3n que permite la conducci\u00f3n de Conjuntos de veh\u00edculos acoplados compuestos por veh\u00edculos autom\u00f3viles de los que autoriza a conducir el permiso B y un remolque cuya masa m\u00e1xima autorizada exceda de 750kg, pero sin superar los 4.250kg de MMA. La edad m\u00ednima para obtenerlo es de 18 a\u00f1os y debe de tener en vigor el permiso de la clase B.<\/p>\n\n\n\n<h2 class=\"has-accent-color has-text-color wp-block-heading\">B+E<\/h2>\n\n\n\n<figure class=\"wp-block-image size-large is-style-default\"><img loading=\"lazy\" decoding=\"async\" width=\"886\" height=\"685\" src=\"https:\/\/campdrive.es\/wp-content\/uploads\/2020\/05\/coche-con-remolque-campdrive.jpg\" alt=\"\" class=\"wp-image-349\" srcset=\"https:\/\/campdrive.es\/wp-content\/uploads\/2020\/05\/coche-con-remolque-campdrive.jpg 886w, https:\/\/campdrive.es\/wp-content\/uploads\/2020\/05\/coche-con-remolque-campdrive-300x232.jpg 300w, https:\/\/campdrive.es\/wp-content\/uploads\/2020\/05\/coche-con-remolque-campdrive-768x594.jpg 768w\" sizes=\"auto, (max-width: 886px) 100vw, 886px\" \/><\/figure>\n\n\n\n<p class=\"has-text-color has-background has-white-color has-accent-background-color\">Conjunto de veh\u00edculos acoplados compuestos por un veh\u00edculo tractor de los que autoriza a conducir el permiso de la clase B y un remolque cuya masa m\u00e1xima autorizada no exceda de 3500 kg, sin perjuicio de las disposiciones que las normas de aprobaci\u00f3n de tipo establezcan para estos veh\u00edculos. La edad m\u00ednima para obtenerlo es de dieciocho a\u00f1os.<\/p>\n\n\n\n<figure class=\"wp-block-image size-large is-style-default\"><img loading=\"lazy\" decoding=\"async\" width=\"1018\" height=\"134\" src=\"https:\/\/campdrive.es\/wp-content\/uploads\/2020\/05\/TELEFONO-CAMPDRIVE-10.jpg\" alt=\"\" class=\"wp-image-336\" srcset=\"https:\/\/campdrive.es\/wp-content\/uploads\/2020\/05\/TELEFONO-CAMPDRIVE-10.jpg 1018w, https:\/\/campdrive.es\/wp-content\/uploads\/2020\/05\/TELEFONO-CAMPDRIVE-10-300x39.jpg 300w, https:\/\/campdrive.es\/wp-content\/uploads\/2020\/05\/TELEFONO-CAMPDRIVE-10-768x101.jpg 768w\" sizes=\"auto, (max-width: 1018px) 100vw, 1018px\" \/><\/figure>\n\n\n\n<figure class=\"wp-block-image size-large is-style-default\"><img loading=\"lazy\" decoding=\"async\" width=\"1024\" height=\"332\" src=\"https:\/\/campdrive.es\/wp-content\/uploads\/2020\/05\/campdrive-5-1024x332.png\" alt=\"\" class=\"wp-image-328\" srcset=\"https:\/\/campdrive.es\/wp-content\/uploads\/2020\/05\/campdrive-5-1024x332.png 1024w, https:\/\/campdrive.es\/wp-content\/uploads\/2020\/05\/campdrive-5-300x97.png 300w, https:\/\/campdrive.es\/wp-content\/uploads\/2020\/05\/campdrive-5-768x249.png 768w, https:\/\/campdrive.es\/wp-content\/uploads\/2020\/05\/campdrive-5.png 1050w\" sizes=\"auto, (max-width: 1024px) 100vw, 1024px\" \/><\/figure>\n","protected":false},"excerpt":{"rendered":"<p>S\u00e1cate el carnet de conducir a la primera con nosotros F\u00e1cil y R\u00e1pido Te lo ponemos muy f\u00e1cil &#8230; Para conseguir la obtenci\u00f3n de tu&nbsp;carnet de conducir &nbsp;disponemos de diferentes modalidades, tanto para te\u00f3rica como para pr\u00e1ctica, siempre adapt\u00e1ndonos a tus necesidades. CURSOS INTENSIVOS FLEXIBILIDAD DE HORARIOS DE CLASES PRECIOS [&hellip;]<\/p>\n","protected":false},"author":1,"featured_media":67,"parent":34,"menu_order":0,"comment_status":"closed","ping_status":"closed","template":"","meta":{"footnotes":""},"class_list":["post-95","page","type-page","status-publish","has-post-thumbnail","hentry"],"yoast_head":"<!-- This site is optimized with the Yoast SEO plugin v27.4 - https:\/\/yoast.com\/product\/yoast-seo-wordpress\/ -->\n<title>PERMISO COCHE - Autoescuela Campdrive<\/title>\n<meta name=\"robots\" content=\"index, follow, max-snippet:-1, max-image-preview:large, max-video-preview:-1\" \/>\n<link rel=\"canonical\" href=\"https:\/\/campdrive.es\/index.php\/permisos\/coche\/\" \/>\n<meta property=\"og:locale\" content=\"es_ES\" \/>\n<meta property=\"og:type\" content=\"article\" \/>\n<meta property=\"og:title\" content=\"PERMISO COCHE - Autoescuela Campdrive\" \/>\n<meta property=\"og:description\" content=\"S\u00e1cate el carnet de conducir a la primera con nosotros F\u00e1cil y R\u00e1pido Te lo ponemos muy f\u00e1cil &#8230; Para conseguir la obtenci\u00f3n de tu&nbsp;carnet de conducir &nbsp;disponemos de diferentes modalidades, tanto para te\u00f3rica como para pr\u00e1ctica, siempre adapt\u00e1ndonos a tus necesidades. CURSOS INTENSIVOS FLEXIBILIDAD DE HORARIOS DE CLASES PRECIOS [&hellip;]\" \/>\n<meta property=\"og:url\" content=\"https:\/\/campdrive.es\/index.php\/permisos\/coche\/\" \/>\n<meta property=\"og:site_name\" content=\"Autoescuela Campdrive\" \/>\n<meta property=\"article:modified_time\" content=\"2020-05-22T12:35:06+00:00\" \/>\n<meta property=\"og:image\" content=\"https:\/\/campdrive.es\/wp-content\/uploads\/2020\/02\/Centro-de-formacion-TRANSPARENTE.png\" \/>\n\t<meta property=\"og:image:width\" content=\"1633\" \/>\n\t<meta property=\"og:image:height\" content=\"601\" \/>\n\t<meta property=\"og:image:type\" content=\"image\/png\" \/>\n<meta name=\"twitter:card\" content=\"summary_large_image\" \/>\n<meta name=\"twitter:label1\" content=\"Tiempo de lectura\" \/>\n\t<meta name=\"twitter:data1\" content=\"1 minuto\" \/>\n<script type=\"application\/ld+json\" class=\"yoast-schema-graph\">{\"@context\":\"https:\\\/\\\/schema.org\",\"@graph\":[{\"@type\":\"WebPage\",\"@id\":\"https:\\\/\\\/campdrive.es\\\/index.php\\\/permisos\\\/coche\\\/\",\"url\":\"https:\\\/\\\/campdrive.es\\\/index.php\\\/permisos\\\/coche\\\/\",\"name\":\"PERMISO COCHE - Autoescuela Campdrive\",\"isPartOf\":{\"@id\":\"https:\\\/\\\/campdrive.es\\\/#website\"},\"primaryImageOfPage\":{\"@id\":\"https:\\\/\\\/campdrive.es\\\/index.php\\\/permisos\\\/coche\\\/#primaryimage\"},\"image\":{\"@id\":\"https:\\\/\\\/campdrive.es\\\/index.php\\\/permisos\\\/coche\\\/#primaryimage\"},\"thumbnailUrl\":\"https:\\\/\\\/campdrive.es\\\/wp-content\\\/uploads\\\/2020\\\/02\\\/Centro-de-formacion-TRANSPARENTE.png\",\"datePublished\":\"2020-02-28T21:08:52+00:00\",\"dateModified\":\"2020-05-22T12:35:06+00:00\",\"breadcrumb\":{\"@id\":\"https:\\\/\\\/campdrive.es\\\/index.php\\\/permisos\\\/coche\\\/#breadcrumb\"},\"inLanguage\":\"es\",\"potentialAction\":[{\"@type\":\"ReadAction\",\"target\":[\"https:\\\/\\\/campdrive.es\\\/index.php\\\/permisos\\\/coche\\\/\"]}]},{\"@type\":\"ImageObject\",\"inLanguage\":\"es\",\"@id\":\"https:\\\/\\\/campdrive.es\\\/index.php\\\/permisos\\\/coche\\\/#primaryimage\",\"url\":\"https:\\\/\\\/campdrive.es\\\/wp-content\\\/uploads\\\/2020\\\/02\\\/Centro-de-formacion-TRANSPARENTE.png\",\"contentUrl\":\"https:\\\/\\\/campdrive.es\\\/wp-content\\\/uploads\\\/2020\\\/02\\\/Centro-de-formacion-TRANSPARENTE.png\",\"width\":1633,\"height\":601},{\"@type\":\"BreadcrumbList\",\"@id\":\"https:\\\/\\\/campdrive.es\\\/index.php\\\/permisos\\\/coche\\\/#breadcrumb\",\"itemListElement\":[{\"@type\":\"ListItem\",\"position\":1,\"name\":\"Home\",\"item\":\"https:\\\/\\\/campdrive.es\\\/\"},{\"@type\":\"ListItem\",\"position\":2,\"name\":\"Permisos\",\"item\":\"https:\\\/\\\/campdrive.es\\\/index.php\\\/permisos\\\/\"},{\"@type\":\"ListItem\",\"position\":3,\"name\":\"PERMISO COCHE\"}]},{\"@type\":\"WebSite\",\"@id\":\"https:\\\/\\\/campdrive.es\\\/#website\",\"url\":\"https:\\\/\\\/campdrive.es\\\/\",\"name\":\"Autoescuela Campdrive\",\"description\":\"\",\"publisher\":{\"@id\":\"https:\\\/\\\/campdrive.es\\\/#organization\"},\"potentialAction\":[{\"@type\":\"SearchAction\",\"target\":{\"@type\":\"EntryPoint\",\"urlTemplate\":\"https:\\\/\\\/campdrive.es\\\/?s={search_term_string}\"},\"query-input\":{\"@type\":\"PropertyValueSpecification\",\"valueRequired\":true,\"valueName\":\"search_term_string\"}}],\"inLanguage\":\"es\"},{\"@type\":\"Organization\",\"@id\":\"https:\\\/\\\/campdrive.es\\\/#organization\",\"name\":\"Autoescuela Campdrive\",\"url\":\"https:\\\/\\\/campdrive.es\\\/\",\"logo\":{\"@type\":\"ImageObject\",\"inLanguage\":\"es\",\"@id\":\"https:\\\/\\\/campdrive.es\\\/#\\\/schema\\\/logo\\\/image\\\/\",\"url\":\"https:\\\/\\\/campdrive.es\\\/wp-content\\\/uploads\\\/2020\\\/02\\\/Centro-de-formacion-TRANSPARENTE.png\",\"contentUrl\":\"https:\\\/\\\/campdrive.es\\\/wp-content\\\/uploads\\\/2020\\\/02\\\/Centro-de-formacion-TRANSPARENTE.png\",\"width\":1633,\"height\":601,\"caption\":\"Autoescuela Campdrive\"},\"image\":{\"@id\":\"https:\\\/\\\/campdrive.es\\\/#\\\/schema\\\/logo\\\/image\\\/\"}}]}<\/script>\n<!-- \/ Yoast SEO plugin. -->","yoast_head_json":{"title":"PERMISO COCHE - Autoescuela Campdrive","robots":{"index":"index","follow":"follow","max-snippet":"max-snippet:-1","max-image-preview":"max-image-preview:large","max-video-preview":"max-video-preview:-1"},"canonical":"https:\/\/campdrive.es\/index.php\/permisos\/coche\/","og_locale":"es_ES","og_type":"article","og_title":"PERMISO COCHE - Autoescuela Campdrive","og_description":"S\u00e1cate el carnet de conducir a la primera con nosotros F\u00e1cil y R\u00e1pido Te lo ponemos muy f\u00e1cil &#8230; Para conseguir la obtenci\u00f3n de tu&nbsp;carnet de conducir &nbsp;disponemos de diferentes modalidades, tanto para te\u00f3rica como para pr\u00e1ctica, siempre adapt\u00e1ndonos a tus necesidades. CURSOS INTENSIVOS FLEXIBILIDAD DE HORARIOS DE CLASES PRECIOS [&hellip;]","og_url":"https:\/\/campdrive.es\/index.php\/permisos\/coche\/","og_site_name":"Autoescuela Campdrive","article_modified_time":"2020-05-22T12:35:06+00:00","og_image":[{"width":1633,"height":601,"url":"https:\/\/campdrive.es\/wp-content\/uploads\/2020\/02\/Centro-de-formacion-TRANSPARENTE.png","type":"image\/png"}],"twitter_card":"summary_large_image","twitter_misc":{"Tiempo de lectura":"1 minuto"},"schema":{"@context":"https:\/\/schema.org","@graph":[{"@type":"WebPage","@id":"https:\/\/campdrive.es\/index.php\/permisos\/coche\/","url":"https:\/\/campdrive.es\/index.php\/permisos\/coche\/","name":"PERMISO COCHE - Autoescuela Campdrive","isPartOf":{"@id":"https:\/\/campdrive.es\/#website"},"primaryImageOfPage":{"@id":"https:\/\/campdrive.es\/index.php\/permisos\/coche\/#primaryimage"},"image":{"@id":"https:\/\/campdrive.es\/index.php\/permisos\/coche\/#primaryimage"},"thumbnailUrl":"https:\/\/campdrive.es\/wp-content\/uploads\/2020\/02\/Centro-de-formacion-TRANSPARENTE.png","datePublished":"2020-02-28T21:08:52+00:00","dateModified":"2020-05-22T12:35:06+00:00","breadcrumb":{"@id":"https:\/\/campdrive.es\/index.php\/permisos\/coche\/#breadcrumb"},"inLanguage":"es","potentialAction":[{"@type":"ReadAction","target":["https:\/\/campdrive.es\/index.php\/permisos\/coche\/"]}]},{"@type":"ImageObject","inLanguage":"es","@id":"https:\/\/campdrive.es\/index.php\/permisos\/coche\/#primaryimage","url":"https:\/\/campdrive.es\/wp-content\/uploads\/2020\/02\/Centro-de-formacion-TRANSPARENTE.png","contentUrl":"https:\/\/campdrive.es\/wp-content\/uploads\/2020\/02\/Centro-de-formacion-TRANSPARENTE.png","width":1633,"height":601},{"@type":"BreadcrumbList","@id":"https:\/\/campdrive.es\/index.php\/permisos\/coche\/#breadcrumb","itemListElement":[{"@type":"ListItem","position":1,"name":"Home","item":"https:\/\/campdrive.es\/"},{"@type":"ListItem","position":2,"name":"Permisos","item":"https:\/\/campdrive.es\/index.php\/permisos\/"},{"@type":"ListItem","position":3,"name":"PERMISO COCHE"}]},{"@type":"WebSite","@id":"https:\/\/campdrive.es\/#website","url":"https:\/\/campdrive.es\/","name":"Autoescuela Campdrive","description":"","publisher":{"@id":"https:\/\/campdrive.es\/#organization"},"potentialAction":[{"@type":"SearchAction","target":{"@type":"EntryPoint","urlTemplate":"https:\/\/campdrive.es\/?s={search_term_string}"},"query-input":{"@type":"PropertyValueSpecification","valueRequired":true,"valueName":"search_term_string"}}],"inLanguage":"es"},{"@type":"Organization","@id":"https:\/\/campdrive.es\/#organization","name":"Autoescuela Campdrive","url":"https:\/\/campdrive.es\/","logo":{"@type":"ImageObject","inLanguage":"es","@id":"https:\/\/campdrive.es\/#\/schema\/logo\/image\/","url":"https:\/\/campdrive.es\/wp-content\/uploads\/2020\/02\/Centro-de-formacion-TRANSPARENTE.png","contentUrl":"https:\/\/campdrive.es\/wp-content\/uploads\/2020\/02\/Centro-de-formacion-TRANSPARENTE.png","width":1633,"height":601,"caption":"Autoescuela Campdrive"},"image":{"@id":"https:\/\/campdrive.es\/#\/schema\/logo\/image\/"}}]}},"_links":{"self":[{"href":"https:\/\/campdrive.es\/index.php\/wp-json\/wp\/v2\/pages\/95","targetHints":{"allow":["GET"]}}],"collection":[{"href":"https:\/\/campdrive.es\/index.php\/wp-json\/wp\/v2\/pages"}],"about":[{"href":"https:\/\/campdrive.es\/index.php\/wp-json\/wp\/v2\/types\/page"}],"author":[{"embeddable":true,"href":"https:\/\/campdrive.es\/index.php\/wp-json\/wp\/v2\/users\/1"}],"replies":[{"embeddable":true,"href":"https:\/\/campdrive.es\/index.php\/wp-json\/wp\/v2\/comments?post=95"}],"version-history":[{"count":8,"href":"https:\/\/campdrive.es\/index.php\/wp-json\/wp\/v2\/pages\/95\/revisions"}],"predecessor-version":[{"id":350,"href":"https:\/\/campdrive.es\/index.php\/wp-json\/wp\/v2\/pages\/95\/revisions\/350"}],"up":[{"embeddable":true,"href":"https:\/\/campdrive.es\/index.php\/wp-json\/wp\/v2\/pages\/34"}],"wp:featuredmedia":[{"embeddable":true,"href":"https:\/\/campdrive.es\/index.php\/wp-json\/wp\/v2\/media\/67"}],"wp:attachment":[{"href":"https:\/\/campdrive.es\/index.php\/wp-json\/wp\/v2\/media?parent=95"}],"curies":[{"name":"wp","href":"https:\/\/api.w.org\/{rel}","templated":true}]}}