{"id":87,"date":"2020-02-28T21:03:01","date_gmt":"2020-02-28T21:03:01","guid":{"rendered":"https:\/\/campdrive.es\/?page_id=87"},"modified":"2020-05-22T12:15:31","modified_gmt":"2020-05-22T12:15:31","slug":"motocicletas-a1-y-a2","status":"publish","type":"page","link":"https:\/\/campdrive.es\/index.php\/permisos\/motocicletas-a1-y-a2\/","title":{"rendered":"PERMISO MOTO"},"content":{"rendered":"\n<figure class=\"wp-block-image size-large is-resized is-style-default\"><img loading=\"lazy\" decoding=\"async\" src=\"https:\/\/campdrive.es\/wp-content\/uploads\/2020\/05\/MOTO-CAMPDRIVE.jpeg\" alt=\"\" class=\"wp-image-343\" width=\"589\" height=\"331\" srcset=\"https:\/\/campdrive.es\/wp-content\/uploads\/2020\/05\/MOTO-CAMPDRIVE.jpeg 960w, https:\/\/campdrive.es\/wp-content\/uploads\/2020\/05\/MOTO-CAMPDRIVE-300x169.jpeg 300w, https:\/\/campdrive.es\/wp-content\/uploads\/2020\/05\/MOTO-CAMPDRIVE-768x432.jpeg 768w\" sizes=\"auto, (max-width: 589px) 100vw, 589px\" \/><\/figure>\n\n\n\n<p style=\"color:#4a4d24\" class=\"has-text-color has-text-align-center has-large-font-size\"><strong>   <strong>REALIZAMOS CURSOS PERSONALIZADOS A TUS HORARIOS Y DISPONIBILIDAD<\/strong><\/strong> PERMISO A <\/p>\n\n\n\n<figure class=\"wp-block-image size-large is-style-default\"><img loading=\"lazy\" decoding=\"async\" width=\"1024\" height=\"709\" src=\"https:\/\/campdrive.es\/wp-content\/uploads\/2020\/05\/WhatsApp-Image-2020-05-19-at-20.42.19-1024x709.jpeg\" alt=\"\" class=\"wp-image-239\" srcset=\"https:\/\/campdrive.es\/wp-content\/uploads\/2020\/05\/WhatsApp-Image-2020-05-19-at-20.42.19-1024x709.jpeg 1024w, https:\/\/campdrive.es\/wp-content\/uploads\/2020\/05\/WhatsApp-Image-2020-05-19-at-20.42.19-300x208.jpeg 300w, https:\/\/campdrive.es\/wp-content\/uploads\/2020\/05\/WhatsApp-Image-2020-05-19-at-20.42.19-768x532.jpeg 768w, https:\/\/campdrive.es\/wp-content\/uploads\/2020\/05\/WhatsApp-Image-2020-05-19-at-20.42.19.jpeg 1028w\" sizes=\"auto, (max-width: 1024px) 100vw, 1024px\" \/><\/figure>\n\n\n\n<div class=\"wp-block-themeisle-blocks-advanced-columns alignfull has-2-columns has-desktop-oneTwo-layout has-tablet-equal-layout has-mobile-collapsedRows-layout has-default-gap has-vertical-unset\" id=\"wp-block-themeisle-blocks-advanced-columns-fff411ab\"><div class=\"wp-block-themeisle-blocks-advanced-columns-overlay\"><\/div><div class=\"innerblocks-wrap\">\n<div class=\"wp-block-themeisle-blocks-advanced-column\" id=\"wp-block-themeisle-blocks-advanced-column-f8f32cf5\">\n<figure class=\"wp-block-image size-large\"><img loading=\"lazy\" decoding=\"async\" width=\"651\" height=\"503\" src=\"https:\/\/campdrive.es\/wp-content\/uploads\/2020\/02\/CARNET-MOTO-1.jpg\" alt=\"\" class=\"wp-image-88\" srcset=\"https:\/\/campdrive.es\/wp-content\/uploads\/2020\/02\/CARNET-MOTO-1.jpg 651w, https:\/\/campdrive.es\/wp-content\/uploads\/2020\/02\/CARNET-MOTO-1-300x232.jpg 300w\" sizes=\"auto, (max-width: 651px) 100vw, 651px\" \/><\/figure>\n<\/div>\n\n\n\n<div class=\"wp-block-themeisle-blocks-advanced-column\" id=\"wp-block-themeisle-blocks-advanced-column-af71a830\">\n<p class=\"has-text-color has-background has-text-align-center has-background-color-color has-black-background-color\"><strong>DISPONEMOS  DE TODOS LOS PERMISOS DE MOTO AUTORIZADOS POR LA DGT  <\/strong> <\/p>\n\n\n\n<h2 class=\"has-accent-color has-text-color wp-block-heading\">AM      CICLOMOTOR<\/h2>\n\n\n\n<p class=\"has-text-color has-background has-background-color-color has-accent-background-color\">Para obtener este permiso. debes tener como <strong>m\u00ednimo 15 a\u00f1os<\/strong>. Te permite conducir: ciclomotores de 2 y 3 ruedas, as\u00ed como cuadric\u00edclos ligeros <\/p>\n\n\n\n<h2 class=\"has-accent-color has-text-color wp-block-heading\">A1 <\/h2>\n\n\n\n<p class=\"has-text-color has-background has-white-color has-accent-background-color\">Para obtener el A1 debes tener como <strong>m\u00ednimo 16 a\u00f1os.<\/strong><br><br>Te permite conducir: Motocicletas cilindrada m\u00e1xima de 125 cc con potencia m\u00e1xima de 11 kW (14.96 cv). La relaci\u00f3n potencia\/peso m\u00e1ximo no debe exceder de 0.1 kW\/kg. Tambi\u00e9n triciclos de motor cuya potencia m\u00e1xima no exceda de 15kW (20.4 cv). Y podr\u00e1s conducir aquellos veh\u00edculos que autoriza a conducir el permiso AM y la licencia LCM. <\/p>\n\n\n\n<h2 class=\"has-accent-color has-text-color wp-block-heading\">A2 <\/h2>\n\n\n\n<p class=\"has-text-color has-background has-background-color-color has-accent-background-color\">Para obtener el A2, debes tener corno <strong>m\u00ednimo 18 a\u00f1os.<\/strong><br><br>Te permite conducir: motocicletas (incluido sidecar) con: Potencia m\u00e1xima de 35 kW (47.2 cv). Una relaci\u00f3n potencia\/peso m\u00e1ximo 0.2 kW y no derivadas de un veh\u00edculo con m\u00e1s del doble de su potencia. Y aquellos veh\u00edculos que autoriza a conducir el permiso A1. <br> <\/p>\n\n\n\n<h2 class=\"has-accent-color has-text-color wp-block-heading\">A<\/h2>\n\n\n\n<p class=\"has-text-color has-background has-white-color has-accent-background-color\">Este curso se debe realizar para conducir motocicletas sin l\u00edmite de potencia. <br><br><strong> REQUISITOS :<\/strong>Disponer del carnet de conducir de la clase A2 (al menos 2 a\u00f1os), tener 20 a\u00f1os, obtener el certificado m\u00e9dico, no estar privado del derecho a conducir y tener residencia en Espa\u00f1a.  <strong>CONTENIDOS:<\/strong> 9 horas (3 horas de te\u00f3rica, 4 horas de destreza (cerrado) y 2 horas de circulaci\u00f3n (Abierto), m\u00e1s los descansos correspondientes.  <strong>REALIZAMOS CURSOS PERSONALIZADOS A TUS  HORARIOS  Y DISPONIBILIDAD.<\/strong><\/p>\n<\/div>\n<\/div><\/div>\n\n\n\n<figure class=\"wp-block-image size-large is-style-default\"><img loading=\"lazy\" decoding=\"async\" width=\"1018\" height=\"134\" src=\"https:\/\/campdrive.es\/wp-content\/uploads\/2020\/05\/TELEFONO-CAMPDRIVE-10.jpg\" alt=\"\" class=\"wp-image-336\" srcset=\"https:\/\/campdrive.es\/wp-content\/uploads\/2020\/05\/TELEFONO-CAMPDRIVE-10.jpg 1018w, https:\/\/campdrive.es\/wp-content\/uploads\/2020\/05\/TELEFONO-CAMPDRIVE-10-300x39.jpg 300w, https:\/\/campdrive.es\/wp-content\/uploads\/2020\/05\/TELEFONO-CAMPDRIVE-10-768x101.jpg 768w\" sizes=\"auto, (max-width: 1018px) 100vw, 1018px\" \/><\/figure>\n\n\n\n<figure class=\"wp-block-image size-large is-style-default\"><img loading=\"lazy\" decoding=\"async\" width=\"1024\" height=\"332\" src=\"https:\/\/campdrive.es\/wp-content\/uploads\/2020\/05\/pie-foto-con-menos-datos-1-1024x332.png\" alt=\"\" class=\"wp-image-275\" srcset=\"https:\/\/campdrive.es\/wp-content\/uploads\/2020\/05\/pie-foto-con-menos-datos-1-1024x332.png 1024w, https:\/\/campdrive.es\/wp-content\/uploads\/2020\/05\/pie-foto-con-menos-datos-1-300x97.png 300w, https:\/\/campdrive.es\/wp-content\/uploads\/2020\/05\/pie-foto-con-menos-datos-1-768x249.png 768w, https:\/\/campdrive.es\/wp-content\/uploads\/2020\/05\/pie-foto-con-menos-datos-1.png 1050w\" sizes=\"auto, (max-width: 1024px) 100vw, 1024px\" \/><\/figure>\n","protected":false},"excerpt":{"rendered":"<p>REALIZAMOS CURSOS PERSONALIZADOS A TUS HORARIOS Y DISPONIBILIDAD PERMISO A<\/p>\n","protected":false},"author":2,"featured_media":67,"parent":34,"menu_order":0,"comment_status":"closed","ping_status":"closed","template":"","meta":{"footnotes":""},"class_list":["post-87","page","type-page","status-publish","has-post-thumbnail","hentry"],"yoast_head":"<!-- This site is optimized with the Yoast SEO plugin v27.5 - https:\/\/yoast.com\/product\/yoast-seo-wordpress\/ -->\n<title>PERMISO MOTO - Autoescuela Campdrive<\/title>\n<meta name=\"robots\" content=\"index, follow, max-snippet:-1, max-image-preview:large, max-video-preview:-1\" \/>\n<link rel=\"canonical\" href=\"https:\/\/campdrive.es\/index.php\/permisos\/motocicletas-a1-y-a2\/\" \/>\n<meta property=\"og:locale\" content=\"es_ES\" \/>\n<meta property=\"og:type\" content=\"article\" \/>\n<meta property=\"og:title\" content=\"PERMISO MOTO - Autoescuela Campdrive\" \/>\n<meta property=\"og:description\" content=\"REALIZAMOS CURSOS PERSONALIZADOS A TUS HORARIOS Y DISPONIBILIDAD PERMISO A\" \/>\n<meta property=\"og:url\" content=\"https:\/\/campdrive.es\/index.php\/permisos\/motocicletas-a1-y-a2\/\" \/>\n<meta property=\"og:site_name\" content=\"Autoescuela Campdrive\" \/>\n<meta property=\"article:modified_time\" content=\"2020-05-22T12:15:31+00:00\" \/>\n<meta property=\"og:image\" content=\"https:\/\/campdrive.es\/wp-content\/uploads\/2020\/02\/Centro-de-formacion-TRANSPARENTE.png\" \/>\n\t<meta property=\"og:image:width\" content=\"1633\" \/>\n\t<meta property=\"og:image:height\" content=\"601\" \/>\n\t<meta property=\"og:image:type\" content=\"image\/png\" \/>\n<meta name=\"twitter:card\" content=\"summary_large_image\" \/>\n<meta name=\"twitter:label1\" content=\"Tiempo de lectura\" \/>\n\t<meta name=\"twitter:data1\" content=\"1 minuto\" \/>\n<script type=\"application\/ld+json\" class=\"yoast-schema-graph\">{\"@context\":\"https:\\\/\\\/schema.org\",\"@graph\":[{\"@type\":\"WebPage\",\"@id\":\"https:\\\/\\\/campdrive.es\\\/index.php\\\/permisos\\\/motocicletas-a1-y-a2\\\/\",\"url\":\"https:\\\/\\\/campdrive.es\\\/index.php\\\/permisos\\\/motocicletas-a1-y-a2\\\/\",\"name\":\"PERMISO MOTO - Autoescuela Campdrive\",\"isPartOf\":{\"@id\":\"https:\\\/\\\/campdrive.es\\\/#website\"},\"primaryImageOfPage\":{\"@id\":\"https:\\\/\\\/campdrive.es\\\/index.php\\\/permisos\\\/motocicletas-a1-y-a2\\\/#primaryimage\"},\"image\":{\"@id\":\"https:\\\/\\\/campdrive.es\\\/index.php\\\/permisos\\\/motocicletas-a1-y-a2\\\/#primaryimage\"},\"thumbnailUrl\":\"https:\\\/\\\/campdrive.es\\\/wp-content\\\/uploads\\\/2020\\\/02\\\/Centro-de-formacion-TRANSPARENTE.png\",\"datePublished\":\"2020-02-28T21:03:01+00:00\",\"dateModified\":\"2020-05-22T12:15:31+00:00\",\"breadcrumb\":{\"@id\":\"https:\\\/\\\/campdrive.es\\\/index.php\\\/permisos\\\/motocicletas-a1-y-a2\\\/#breadcrumb\"},\"inLanguage\":\"es\",\"potentialAction\":[{\"@type\":\"ReadAction\",\"target\":[\"https:\\\/\\\/campdrive.es\\\/index.php\\\/permisos\\\/motocicletas-a1-y-a2\\\/\"]}]},{\"@type\":\"ImageObject\",\"inLanguage\":\"es\",\"@id\":\"https:\\\/\\\/campdrive.es\\\/index.php\\\/permisos\\\/motocicletas-a1-y-a2\\\/#primaryimage\",\"url\":\"https:\\\/\\\/campdrive.es\\\/wp-content\\\/uploads\\\/2020\\\/02\\\/Centro-de-formacion-TRANSPARENTE.png\",\"contentUrl\":\"https:\\\/\\\/campdrive.es\\\/wp-content\\\/uploads\\\/2020\\\/02\\\/Centro-de-formacion-TRANSPARENTE.png\",\"width\":1633,\"height\":601},{\"@type\":\"BreadcrumbList\",\"@id\":\"https:\\\/\\\/campdrive.es\\\/index.php\\\/permisos\\\/motocicletas-a1-y-a2\\\/#breadcrumb\",\"itemListElement\":[{\"@type\":\"ListItem\",\"position\":1,\"name\":\"Home\",\"item\":\"https:\\\/\\\/campdrive.es\\\/\"},{\"@type\":\"ListItem\",\"position\":2,\"name\":\"Permisos\",\"item\":\"https:\\\/\\\/campdrive.es\\\/index.php\\\/permisos\\\/\"},{\"@type\":\"ListItem\",\"position\":3,\"name\":\"PERMISO MOTO\"}]},{\"@type\":\"WebSite\",\"@id\":\"https:\\\/\\\/campdrive.es\\\/#website\",\"url\":\"https:\\\/\\\/campdrive.es\\\/\",\"name\":\"Autoescuela Campdrive\",\"description\":\"\",\"publisher\":{\"@id\":\"https:\\\/\\\/campdrive.es\\\/#organization\"},\"potentialAction\":[{\"@type\":\"SearchAction\",\"target\":{\"@type\":\"EntryPoint\",\"urlTemplate\":\"https:\\\/\\\/campdrive.es\\\/?s={search_term_string}\"},\"query-input\":{\"@type\":\"PropertyValueSpecification\",\"valueRequired\":true,\"valueName\":\"search_term_string\"}}],\"inLanguage\":\"es\"},{\"@type\":\"Organization\",\"@id\":\"https:\\\/\\\/campdrive.es\\\/#organization\",\"name\":\"Autoescuela Campdrive\",\"url\":\"https:\\\/\\\/campdrive.es\\\/\",\"logo\":{\"@type\":\"ImageObject\",\"inLanguage\":\"es\",\"@id\":\"https:\\\/\\\/campdrive.es\\\/#\\\/schema\\\/logo\\\/image\\\/\",\"url\":\"https:\\\/\\\/campdrive.es\\\/wp-content\\\/uploads\\\/2020\\\/02\\\/Centro-de-formacion-TRANSPARENTE.png\",\"contentUrl\":\"https:\\\/\\\/campdrive.es\\\/wp-content\\\/uploads\\\/2020\\\/02\\\/Centro-de-formacion-TRANSPARENTE.png\",\"width\":1633,\"height\":601,\"caption\":\"Autoescuela Campdrive\"},\"image\":{\"@id\":\"https:\\\/\\\/campdrive.es\\\/#\\\/schema\\\/logo\\\/image\\\/\"}}]}<\/script>\n<!-- \/ Yoast SEO plugin. -->","yoast_head_json":{"title":"PERMISO MOTO - Autoescuela Campdrive","robots":{"index":"index","follow":"follow","max-snippet":"max-snippet:-1","max-image-preview":"max-image-preview:large","max-video-preview":"max-video-preview:-1"},"canonical":"https:\/\/campdrive.es\/index.php\/permisos\/motocicletas-a1-y-a2\/","og_locale":"es_ES","og_type":"article","og_title":"PERMISO MOTO - Autoescuela Campdrive","og_description":"REALIZAMOS CURSOS PERSONALIZADOS A TUS HORARIOS Y DISPONIBILIDAD PERMISO A","og_url":"https:\/\/campdrive.es\/index.php\/permisos\/motocicletas-a1-y-a2\/","og_site_name":"Autoescuela Campdrive","article_modified_time":"2020-05-22T12:15:31+00:00","og_image":[{"width":1633,"height":601,"url":"https:\/\/campdrive.es\/wp-content\/uploads\/2020\/02\/Centro-de-formacion-TRANSPARENTE.png","type":"image\/png"}],"twitter_card":"summary_large_image","twitter_misc":{"Tiempo de lectura":"1 minuto"},"schema":{"@context":"https:\/\/schema.org","@graph":[{"@type":"WebPage","@id":"https:\/\/campdrive.es\/index.php\/permisos\/motocicletas-a1-y-a2\/","url":"https:\/\/campdrive.es\/index.php\/permisos\/motocicletas-a1-y-a2\/","name":"PERMISO MOTO - Autoescuela Campdrive","isPartOf":{"@id":"https:\/\/campdrive.es\/#website"},"primaryImageOfPage":{"@id":"https:\/\/campdrive.es\/index.php\/permisos\/motocicletas-a1-y-a2\/#primaryimage"},"image":{"@id":"https:\/\/campdrive.es\/index.php\/permisos\/motocicletas-a1-y-a2\/#primaryimage"},"thumbnailUrl":"https:\/\/campdrive.es\/wp-content\/uploads\/2020\/02\/Centro-de-formacion-TRANSPARENTE.png","datePublished":"2020-02-28T21:03:01+00:00","dateModified":"2020-05-22T12:15:31+00:00","breadcrumb":{"@id":"https:\/\/campdrive.es\/index.php\/permisos\/motocicletas-a1-y-a2\/#breadcrumb"},"inLanguage":"es","potentialAction":[{"@type":"ReadAction","target":["https:\/\/campdrive.es\/index.php\/permisos\/motocicletas-a1-y-a2\/"]}]},{"@type":"ImageObject","inLanguage":"es","@id":"https:\/\/campdrive.es\/index.php\/permisos\/motocicletas-a1-y-a2\/#primaryimage","url":"https:\/\/campdrive.es\/wp-content\/uploads\/2020\/02\/Centro-de-formacion-TRANSPARENTE.png","contentUrl":"https:\/\/campdrive.es\/wp-content\/uploads\/2020\/02\/Centro-de-formacion-TRANSPARENTE.png","width":1633,"height":601},{"@type":"BreadcrumbList","@id":"https:\/\/campdrive.es\/index.php\/permisos\/motocicletas-a1-y-a2\/#breadcrumb","itemListElement":[{"@type":"ListItem","position":1,"name":"Home","item":"https:\/\/campdrive.es\/"},{"@type":"ListItem","position":2,"name":"Permisos","item":"https:\/\/campdrive.es\/index.php\/permisos\/"},{"@type":"ListItem","position":3,"name":"PERMISO MOTO"}]},{"@type":"WebSite","@id":"https:\/\/campdrive.es\/#website","url":"https:\/\/campdrive.es\/","name":"Autoescuela Campdrive","description":"","publisher":{"@id":"https:\/\/campdrive.es\/#organization"},"potentialAction":[{"@type":"SearchAction","target":{"@type":"EntryPoint","urlTemplate":"https:\/\/campdrive.es\/?s={search_term_string}"},"query-input":{"@type":"PropertyValueSpecification","valueRequired":true,"valueName":"search_term_string"}}],"inLanguage":"es"},{"@type":"Organization","@id":"https:\/\/campdrive.es\/#organization","name":"Autoescuela Campdrive","url":"https:\/\/campdrive.es\/","logo":{"@type":"ImageObject","inLanguage":"es","@id":"https:\/\/campdrive.es\/#\/schema\/logo\/image\/","url":"https:\/\/campdrive.es\/wp-content\/uploads\/2020\/02\/Centro-de-formacion-TRANSPARENTE.png","contentUrl":"https:\/\/campdrive.es\/wp-content\/uploads\/2020\/02\/Centro-de-formacion-TRANSPARENTE.png","width":1633,"height":601,"caption":"Autoescuela Campdrive"},"image":{"@id":"https:\/\/campdrive.es\/#\/schema\/logo\/image\/"}}]}},"_links":{"self":[{"href":"https:\/\/campdrive.es\/index.php\/wp-json\/wp\/v2\/pages\/87","targetHints":{"allow":["GET"]}}],"collection":[{"href":"https:\/\/campdrive.es\/index.php\/wp-json\/wp\/v2\/pages"}],"about":[{"href":"https:\/\/campdrive.es\/index.php\/wp-json\/wp\/v2\/types\/page"}],"author":[{"embeddable":true,"href":"https:\/\/campdrive.es\/index.php\/wp-json\/wp\/v2\/users\/2"}],"replies":[{"embeddable":true,"href":"https:\/\/campdrive.es\/index.php\/wp-json\/wp\/v2\/comments?post=87"}],"version-history":[{"count":14,"href":"https:\/\/campdrive.es\/index.php\/wp-json\/wp\/v2\/pages\/87\/revisions"}],"predecessor-version":[{"id":344,"href":"https:\/\/campdrive.es\/index.php\/wp-json\/wp\/v2\/pages\/87\/revisions\/344"}],"up":[{"embeddable":true,"href":"https:\/\/campdrive.es\/index.php\/wp-json\/wp\/v2\/pages\/34"}],"wp:featuredmedia":[{"embeddable":true,"href":"https:\/\/campdrive.es\/index.php\/wp-json\/wp\/v2\/media\/67"}],"wp:attachment":[{"href":"https:\/\/campdrive.es\/index.php\/wp-json\/wp\/v2\/media?parent=87"}],"curies":[{"name":"wp","href":"https:\/\/api.w.org\/{rel}","templated":true}]}}