{"id":72,"date":"2020-02-28T17:45:35","date_gmt":"2020-02-28T17:45:35","guid":{"rendered":"https:\/\/campdrive.es\/?page_id=72"},"modified":"2020-05-22T12:49:33","modified_gmt":"2020-05-22T12:49:33","slug":"camion-trailer","status":"publish","type":"page","link":"https:\/\/campdrive.es\/index.php\/permisos\/camion-trailer\/","title":{"rendered":"PERMISO CAMI\u00d3N \/ TRAILER"},"content":{"rendered":"\n<blockquote class=\"wp-block-quote has-text-align-center is-style-default is-layout-flow wp-block-quote-is-layout-flow\"><p><strong> El Permiso de cami\u00f3n es uno de los permisos de conducir m\u00e1s demandados en los \u00faltimos a\u00f1os, por lo que su obtenci\u00f3n abre muchas puertas a nivel laboral. <\/strong><\/p><\/blockquote>\n\n\n\n<figure class=\"wp-block-image size-large is-style-default\"><img loading=\"lazy\" decoding=\"async\" width=\"960\" height=\"540\" src=\"https:\/\/campdrive.es\/wp-content\/uploads\/2020\/05\/WhatsApp-Image-2020-05-19-at-20.40.51.jpeg\" alt=\"\" class=\"wp-image-252\" srcset=\"https:\/\/campdrive.es\/wp-content\/uploads\/2020\/05\/WhatsApp-Image-2020-05-19-at-20.40.51.jpeg 960w, https:\/\/campdrive.es\/wp-content\/uploads\/2020\/05\/WhatsApp-Image-2020-05-19-at-20.40.51-300x169.jpeg 300w, https:\/\/campdrive.es\/wp-content\/uploads\/2020\/05\/WhatsApp-Image-2020-05-19-at-20.40.51-768x432.jpeg 768w\" sizes=\"auto, (max-width: 960px) 100vw, 960px\" \/><\/figure>\n\n\n\n<h2 class=\"has-accent-color has-text-color has-text-align-center wp-block-heading\"><strong>En Campdrive, te proporcionamos todas las facilidades para que obtengas tu carnet de cami\u00f3n C de la forma m\u00e1s c\u00f3moda y flexible<\/strong><\/h2>\n\n\n\n<figure class=\"wp-block-image size-large is-style-default\"><img loading=\"lazy\" decoding=\"async\" width=\"1024\" height=\"571\" src=\"https:\/\/campdrive.es\/wp-content\/uploads\/2020\/03\/CAMION-CAMPDRIVE-1024x571.jpg\" alt=\"\" class=\"wp-image-143\" srcset=\"https:\/\/campdrive.es\/wp-content\/uploads\/2020\/03\/CAMION-CAMPDRIVE-1024x571.jpg 1024w, https:\/\/campdrive.es\/wp-content\/uploads\/2020\/03\/CAMION-CAMPDRIVE-300x167.jpg 300w, https:\/\/campdrive.es\/wp-content\/uploads\/2020\/03\/CAMION-CAMPDRIVE-768x429.jpg 768w, https:\/\/campdrive.es\/wp-content\/uploads\/2020\/03\/CAMION-CAMPDRIVE-1536x857.jpg 1536w, https:\/\/campdrive.es\/wp-content\/uploads\/2020\/03\/CAMION-CAMPDRIVE-2048x1143.jpg 2048w\" sizes=\"auto, (max-width: 1024px) 100vw, 1024px\" \/><\/figure>\n\n\n\n<p class=\"has-text-color has-text-align-center has-accent-color\">La obtenci\u00f3n del carnet de cami\u00f3n se basa en aprobar&nbsp;<strong>tres pruebas<\/strong>&nbsp;determinadas por la DGT. Estas pruebas consisten en un examen te\u00f3rico y dos ex\u00e1menes pr\u00e1cticos.<\/p>\n\n\n\n<figure class=\"wp-block-image size-large is-style-default\"><img loading=\"lazy\" decoding=\"async\" width=\"768\" height=\"1024\" src=\"https:\/\/campdrive.es\/wp-content\/uploads\/2020\/05\/permiso-cami\u00f3n-768x1024.jpeg\" alt=\"\" class=\"wp-image-353\" srcset=\"https:\/\/campdrive.es\/wp-content\/uploads\/2020\/05\/permiso-cami\u00f3n-768x1024.jpeg 768w, https:\/\/campdrive.es\/wp-content\/uploads\/2020\/05\/permiso-cami\u00f3n-225x300.jpeg 225w, https:\/\/campdrive.es\/wp-content\/uploads\/2020\/05\/permiso-cami\u00f3n-1152x1536.jpeg 1152w, https:\/\/campdrive.es\/wp-content\/uploads\/2020\/05\/permiso-cami\u00f3n.jpeg 1200w\" sizes=\"auto, (max-width: 768px) 100vw, 768px\" \/><\/figure>\n\n\n\n<p class=\"has-text-color has-background has-background-color-color has-accent-background-color\"><strong>C<\/strong>&nbsp; Autom\u00f3viles distintos de los que autoriza a conducir el permiso de las clases D1 o D, cuya masa m\u00e1xima autorizada exceda de 3500 kg que est\u00e9n dise\u00f1ados y construidos para el transporte de no m\u00e1s de ocho pasajeros adem\u00e1s del conductor. Dichos autom\u00f3viles podr\u00e1n llevar enganchado un remolque cuya masa m\u00e1xima autorizada no exceda de 750 kg. La edad m\u00ednima para obtenerlo ser\u00e1 de 21 a\u00f1os de edad.<\/p>\n\n\n\n<p class=\"has-text-color has-accent-color\"><strong>C+E CONJUNTO DE VEH\u00cdCULOS <\/strong>acoplados compuestos por un veh\u00edculo tractor de los que autoriza a conducir el permiso de la clase C y un remolque o semirremolque cuya masa m\u00e1xima autorizada exceda de 750 kg, sin perjuicio de las disposiciones que las normas de aprobaci\u00f3n de tipo establezcan para estos veh\u00edculos. La edad m\u00ednima para obtenerlo ser\u00e1 de 21 a\u00f1os.<\/p>\n\n\n\n<figure class=\"wp-block-image size-large is-style-default\"><img loading=\"lazy\" decoding=\"async\" width=\"1018\" height=\"134\" src=\"https:\/\/campdrive.es\/wp-content\/uploads\/2020\/05\/TELEFONO-CAMPDRIVE-9.jpg\" alt=\"\" class=\"wp-image-332\" srcset=\"https:\/\/campdrive.es\/wp-content\/uploads\/2020\/05\/TELEFONO-CAMPDRIVE-9.jpg 1018w, https:\/\/campdrive.es\/wp-content\/uploads\/2020\/05\/TELEFONO-CAMPDRIVE-9-300x39.jpg 300w, https:\/\/campdrive.es\/wp-content\/uploads\/2020\/05\/TELEFONO-CAMPDRIVE-9-768x101.jpg 768w\" sizes=\"auto, (max-width: 1018px) 100vw, 1018px\" \/><\/figure>\n\n\n\n<figure class=\"wp-block-image size-large is-style-default\"><img loading=\"lazy\" decoding=\"async\" width=\"1024\" height=\"332\" src=\"https:\/\/campdrive.es\/wp-content\/uploads\/2020\/05\/campdrive-1024x332.png\" alt=\"\" class=\"wp-image-300\" srcset=\"https:\/\/campdrive.es\/wp-content\/uploads\/2020\/05\/campdrive-1024x332.png 1024w, https:\/\/campdrive.es\/wp-content\/uploads\/2020\/05\/campdrive-300x97.png 300w, https:\/\/campdrive.es\/wp-content\/uploads\/2020\/05\/campdrive-768x249.png 768w, https:\/\/campdrive.es\/wp-content\/uploads\/2020\/05\/campdrive.png 1050w\" sizes=\"auto, (max-width: 1024px) 100vw, 1024px\" \/><\/figure>\n","protected":false},"excerpt":{"rendered":"<p>El Permiso de cami\u00f3n es uno de los permisos de conducir m\u00e1s demandados en los \u00faltimos a\u00f1os, por lo que su obtenci\u00f3n abre muchas puertas a nivel laboral. En Campdrive, te proporcionamos todas las facilidades para que obtengas tu carnet de cami\u00f3n C de la forma m\u00e1s c\u00f3moda y flexible [&hellip;]<\/p>\n","protected":false},"author":2,"featured_media":67,"parent":34,"menu_order":0,"comment_status":"closed","ping_status":"closed","template":"","meta":{"footnotes":""},"class_list":["post-72","page","type-page","status-publish","has-post-thumbnail","hentry"],"yoast_head":"<!-- This site is optimized with the Yoast SEO plugin v27.5 - https:\/\/yoast.com\/product\/yoast-seo-wordpress\/ -->\n<title>PERMISO CAMI\u00d3N \/ TRAILER - Autoescuela Campdrive<\/title>\n<meta name=\"robots\" content=\"index, follow, max-snippet:-1, max-image-preview:large, max-video-preview:-1\" \/>\n<link rel=\"canonical\" href=\"https:\/\/campdrive.es\/index.php\/permisos\/camion-trailer\/\" \/>\n<meta property=\"og:locale\" content=\"es_ES\" \/>\n<meta property=\"og:type\" content=\"article\" \/>\n<meta property=\"og:title\" content=\"PERMISO CAMI\u00d3N \/ TRAILER - Autoescuela Campdrive\" \/>\n<meta property=\"og:description\" content=\"El Permiso de cami\u00f3n es uno de los permisos de conducir m\u00e1s demandados en los \u00faltimos a\u00f1os, por lo que su obtenci\u00f3n abre muchas puertas a nivel laboral. En Campdrive, te proporcionamos todas las facilidades para que obtengas tu carnet de cami\u00f3n C de la forma m\u00e1s c\u00f3moda y flexible [&hellip;]\" \/>\n<meta property=\"og:url\" content=\"https:\/\/campdrive.es\/index.php\/permisos\/camion-trailer\/\" \/>\n<meta property=\"og:site_name\" content=\"Autoescuela Campdrive\" \/>\n<meta property=\"article:modified_time\" content=\"2020-05-22T12:49:33+00:00\" \/>\n<meta property=\"og:image\" content=\"https:\/\/campdrive.es\/wp-content\/uploads\/2020\/02\/Centro-de-formacion-TRANSPARENTE.png\" \/>\n\t<meta property=\"og:image:width\" content=\"1633\" \/>\n\t<meta property=\"og:image:height\" content=\"601\" \/>\n\t<meta property=\"og:image:type\" content=\"image\/png\" \/>\n<meta name=\"twitter:card\" content=\"summary_large_image\" \/>\n<meta name=\"twitter:label1\" content=\"Tiempo de lectura\" \/>\n\t<meta name=\"twitter:data1\" content=\"1 minuto\" \/>\n<script type=\"application\/ld+json\" class=\"yoast-schema-graph\">{\"@context\":\"https:\\\/\\\/schema.org\",\"@graph\":[{\"@type\":\"WebPage\",\"@id\":\"https:\\\/\\\/campdrive.es\\\/index.php\\\/permisos\\\/camion-trailer\\\/\",\"url\":\"https:\\\/\\\/campdrive.es\\\/index.php\\\/permisos\\\/camion-trailer\\\/\",\"name\":\"PERMISO CAMI\u00d3N \\\/ TRAILER - Autoescuela Campdrive\",\"isPartOf\":{\"@id\":\"https:\\\/\\\/campdrive.es\\\/#website\"},\"primaryImageOfPage\":{\"@id\":\"https:\\\/\\\/campdrive.es\\\/index.php\\\/permisos\\\/camion-trailer\\\/#primaryimage\"},\"image\":{\"@id\":\"https:\\\/\\\/campdrive.es\\\/index.php\\\/permisos\\\/camion-trailer\\\/#primaryimage\"},\"thumbnailUrl\":\"https:\\\/\\\/campdrive.es\\\/wp-content\\\/uploads\\\/2020\\\/02\\\/Centro-de-formacion-TRANSPARENTE.png\",\"datePublished\":\"2020-02-28T17:45:35+00:00\",\"dateModified\":\"2020-05-22T12:49:33+00:00\",\"breadcrumb\":{\"@id\":\"https:\\\/\\\/campdrive.es\\\/index.php\\\/permisos\\\/camion-trailer\\\/#breadcrumb\"},\"inLanguage\":\"es\",\"potentialAction\":[{\"@type\":\"ReadAction\",\"target\":[\"https:\\\/\\\/campdrive.es\\\/index.php\\\/permisos\\\/camion-trailer\\\/\"]}]},{\"@type\":\"ImageObject\",\"inLanguage\":\"es\",\"@id\":\"https:\\\/\\\/campdrive.es\\\/index.php\\\/permisos\\\/camion-trailer\\\/#primaryimage\",\"url\":\"https:\\\/\\\/campdrive.es\\\/wp-content\\\/uploads\\\/2020\\\/02\\\/Centro-de-formacion-TRANSPARENTE.png\",\"contentUrl\":\"https:\\\/\\\/campdrive.es\\\/wp-content\\\/uploads\\\/2020\\\/02\\\/Centro-de-formacion-TRANSPARENTE.png\",\"width\":1633,\"height\":601},{\"@type\":\"BreadcrumbList\",\"@id\":\"https:\\\/\\\/campdrive.es\\\/index.php\\\/permisos\\\/camion-trailer\\\/#breadcrumb\",\"itemListElement\":[{\"@type\":\"ListItem\",\"position\":1,\"name\":\"Home\",\"item\":\"https:\\\/\\\/campdrive.es\\\/\"},{\"@type\":\"ListItem\",\"position\":2,\"name\":\"Permisos\",\"item\":\"https:\\\/\\\/campdrive.es\\\/index.php\\\/permisos\\\/\"},{\"@type\":\"ListItem\",\"position\":3,\"name\":\"PERMISO CAMI\u00d3N \\\/ TRAILER\"}]},{\"@type\":\"WebSite\",\"@id\":\"https:\\\/\\\/campdrive.es\\\/#website\",\"url\":\"https:\\\/\\\/campdrive.es\\\/\",\"name\":\"Autoescuela Campdrive\",\"description\":\"\",\"publisher\":{\"@id\":\"https:\\\/\\\/campdrive.es\\\/#organization\"},\"potentialAction\":[{\"@type\":\"SearchAction\",\"target\":{\"@type\":\"EntryPoint\",\"urlTemplate\":\"https:\\\/\\\/campdrive.es\\\/?s={search_term_string}\"},\"query-input\":{\"@type\":\"PropertyValueSpecification\",\"valueRequired\":true,\"valueName\":\"search_term_string\"}}],\"inLanguage\":\"es\"},{\"@type\":\"Organization\",\"@id\":\"https:\\\/\\\/campdrive.es\\\/#organization\",\"name\":\"Autoescuela Campdrive\",\"url\":\"https:\\\/\\\/campdrive.es\\\/\",\"logo\":{\"@type\":\"ImageObject\",\"inLanguage\":\"es\",\"@id\":\"https:\\\/\\\/campdrive.es\\\/#\\\/schema\\\/logo\\\/image\\\/\",\"url\":\"https:\\\/\\\/campdrive.es\\\/wp-content\\\/uploads\\\/2020\\\/02\\\/Centro-de-formacion-TRANSPARENTE.png\",\"contentUrl\":\"https:\\\/\\\/campdrive.es\\\/wp-content\\\/uploads\\\/2020\\\/02\\\/Centro-de-formacion-TRANSPARENTE.png\",\"width\":1633,\"height\":601,\"caption\":\"Autoescuela Campdrive\"},\"image\":{\"@id\":\"https:\\\/\\\/campdrive.es\\\/#\\\/schema\\\/logo\\\/image\\\/\"}}]}<\/script>\n<!-- \/ Yoast SEO plugin. -->","yoast_head_json":{"title":"PERMISO CAMI\u00d3N \/ TRAILER - Autoescuela Campdrive","robots":{"index":"index","follow":"follow","max-snippet":"max-snippet:-1","max-image-preview":"max-image-preview:large","max-video-preview":"max-video-preview:-1"},"canonical":"https:\/\/campdrive.es\/index.php\/permisos\/camion-trailer\/","og_locale":"es_ES","og_type":"article","og_title":"PERMISO CAMI\u00d3N \/ TRAILER - Autoescuela Campdrive","og_description":"El Permiso de cami\u00f3n es uno de los permisos de conducir m\u00e1s demandados en los \u00faltimos a\u00f1os, por lo que su obtenci\u00f3n abre muchas puertas a nivel laboral. En Campdrive, te proporcionamos todas las facilidades para que obtengas tu carnet de cami\u00f3n C de la forma m\u00e1s c\u00f3moda y flexible [&hellip;]","og_url":"https:\/\/campdrive.es\/index.php\/permisos\/camion-trailer\/","og_site_name":"Autoescuela Campdrive","article_modified_time":"2020-05-22T12:49:33+00:00","og_image":[{"width":1633,"height":601,"url":"https:\/\/campdrive.es\/wp-content\/uploads\/2020\/02\/Centro-de-formacion-TRANSPARENTE.png","type":"image\/png"}],"twitter_card":"summary_large_image","twitter_misc":{"Tiempo de lectura":"1 minuto"},"schema":{"@context":"https:\/\/schema.org","@graph":[{"@type":"WebPage","@id":"https:\/\/campdrive.es\/index.php\/permisos\/camion-trailer\/","url":"https:\/\/campdrive.es\/index.php\/permisos\/camion-trailer\/","name":"PERMISO CAMI\u00d3N \/ TRAILER - Autoescuela Campdrive","isPartOf":{"@id":"https:\/\/campdrive.es\/#website"},"primaryImageOfPage":{"@id":"https:\/\/campdrive.es\/index.php\/permisos\/camion-trailer\/#primaryimage"},"image":{"@id":"https:\/\/campdrive.es\/index.php\/permisos\/camion-trailer\/#primaryimage"},"thumbnailUrl":"https:\/\/campdrive.es\/wp-content\/uploads\/2020\/02\/Centro-de-formacion-TRANSPARENTE.png","datePublished":"2020-02-28T17:45:35+00:00","dateModified":"2020-05-22T12:49:33+00:00","breadcrumb":{"@id":"https:\/\/campdrive.es\/index.php\/permisos\/camion-trailer\/#breadcrumb"},"inLanguage":"es","potentialAction":[{"@type":"ReadAction","target":["https:\/\/campdrive.es\/index.php\/permisos\/camion-trailer\/"]}]},{"@type":"ImageObject","inLanguage":"es","@id":"https:\/\/campdrive.es\/index.php\/permisos\/camion-trailer\/#primaryimage","url":"https:\/\/campdrive.es\/wp-content\/uploads\/2020\/02\/Centro-de-formacion-TRANSPARENTE.png","contentUrl":"https:\/\/campdrive.es\/wp-content\/uploads\/2020\/02\/Centro-de-formacion-TRANSPARENTE.png","width":1633,"height":601},{"@type":"BreadcrumbList","@id":"https:\/\/campdrive.es\/index.php\/permisos\/camion-trailer\/#breadcrumb","itemListElement":[{"@type":"ListItem","position":1,"name":"Home","item":"https:\/\/campdrive.es\/"},{"@type":"ListItem","position":2,"name":"Permisos","item":"https:\/\/campdrive.es\/index.php\/permisos\/"},{"@type":"ListItem","position":3,"name":"PERMISO CAMI\u00d3N \/ TRAILER"}]},{"@type":"WebSite","@id":"https:\/\/campdrive.es\/#website","url":"https:\/\/campdrive.es\/","name":"Autoescuela Campdrive","description":"","publisher":{"@id":"https:\/\/campdrive.es\/#organization"},"potentialAction":[{"@type":"SearchAction","target":{"@type":"EntryPoint","urlTemplate":"https:\/\/campdrive.es\/?s={search_term_string}"},"query-input":{"@type":"PropertyValueSpecification","valueRequired":true,"valueName":"search_term_string"}}],"inLanguage":"es"},{"@type":"Organization","@id":"https:\/\/campdrive.es\/#organization","name":"Autoescuela Campdrive","url":"https:\/\/campdrive.es\/","logo":{"@type":"ImageObject","inLanguage":"es","@id":"https:\/\/campdrive.es\/#\/schema\/logo\/image\/","url":"https:\/\/campdrive.es\/wp-content\/uploads\/2020\/02\/Centro-de-formacion-TRANSPARENTE.png","contentUrl":"https:\/\/campdrive.es\/wp-content\/uploads\/2020\/02\/Centro-de-formacion-TRANSPARENTE.png","width":1633,"height":601,"caption":"Autoescuela Campdrive"},"image":{"@id":"https:\/\/campdrive.es\/#\/schema\/logo\/image\/"}}]}},"_links":{"self":[{"href":"https:\/\/campdrive.es\/index.php\/wp-json\/wp\/v2\/pages\/72","targetHints":{"allow":["GET"]}}],"collection":[{"href":"https:\/\/campdrive.es\/index.php\/wp-json\/wp\/v2\/pages"}],"about":[{"href":"https:\/\/campdrive.es\/index.php\/wp-json\/wp\/v2\/types\/page"}],"author":[{"embeddable":true,"href":"https:\/\/campdrive.es\/index.php\/wp-json\/wp\/v2\/users\/2"}],"replies":[{"embeddable":true,"href":"https:\/\/campdrive.es\/index.php\/wp-json\/wp\/v2\/comments?post=72"}],"version-history":[{"count":12,"href":"https:\/\/campdrive.es\/index.php\/wp-json\/wp\/v2\/pages\/72\/revisions"}],"predecessor-version":[{"id":355,"href":"https:\/\/campdrive.es\/index.php\/wp-json\/wp\/v2\/pages\/72\/revisions\/355"}],"up":[{"embeddable":true,"href":"https:\/\/campdrive.es\/index.php\/wp-json\/wp\/v2\/pages\/34"}],"wp:featuredmedia":[{"embeddable":true,"href":"https:\/\/campdrive.es\/index.php\/wp-json\/wp\/v2\/media\/67"}],"wp:attachment":[{"href":"https:\/\/campdrive.es\/index.php\/wp-json\/wp\/v2\/media?parent=72"}],"curies":[{"name":"wp","href":"https:\/\/api.w.org\/{rel}","templated":true}]}}