{"id":44,"date":"2019-12-07T20:08:03","date_gmt":"2019-12-07T20:08:03","guid":{"rendered":"https:\/\/campdrive.es\/?page_id=44"},"modified":"2020-05-22T11:34:38","modified_gmt":"2020-05-22T11:34:38","slug":"tratamiento-piscinas","status":"publish","type":"page","link":"https:\/\/campdrive.es\/index.php\/cursos\/tratamiento-piscinas\/","title":{"rendered":"CURSO TRATAMIENTO DE PISCINAS"},"content":{"rendered":"\n<figure class=\"wp-block-image size-large is-resized is-style-default\"><img loading=\"lazy\" decoding=\"async\" src=\"https:\/\/campdrive.es\/wp-content\/uploads\/2020\/05\/curso-tratamiento-de-piscinas.jpg\" alt=\"\" class=\"wp-image-326\" width=\"589\" height=\"332\" srcset=\"https:\/\/campdrive.es\/wp-content\/uploads\/2020\/05\/curso-tratamiento-de-piscinas.jpg 500w, https:\/\/campdrive.es\/wp-content\/uploads\/2020\/05\/curso-tratamiento-de-piscinas-300x169.jpg 300w\" sizes=\"auto, (max-width: 589px) 100vw, 589px\" \/><\/figure>\n\n\n\n<h2 class=\"has-accent-color has-text-color has-text-align-center wp-block-heading\">TRABAJA en lo que te GUSTA<\/h2>\n\n\n\n<p class=\"has-text-color has-background has-background-color-color has-accent-background-color\">Curso : <strong>Te\u00f3rico &#8211; Pr\u00e1ctico <\/strong> ajustado a la Normativa Vigente con Certificaci\u00f3n para trabajar en Spas, Jacuzzis , Hoteles, Comunidad de Vecinos, Piscinas Municipales<\/p>\n\n\n\n<p class=\"has-text-color has-background has-accent-color has-background-color-background-color\">Destinado para aquellos que quieren trabajar o quieren mejorar en el mantenimiento y limpieza de los equipos de instalaciones de las piscinas.  Se requieren conocimientos b\u00e1sicos de mantenimiento de piscinas para realizar el curso. <\/p>\n\n\n\n<h2 class=\"has-accent-color has-text-color has-text-align-center wp-block-heading\">TU TRABAJO COMO PROFESIONAL EN MANTENIMIENTO DE SPAS , HOTELES, PISCINAS MUNICIPALES cada vez m\u00e1s cerca. <\/h2>\n\n\n\n<figure class=\"wp-block-image size-large is-style-default\"><img loading=\"lazy\" decoding=\"async\" width=\"1018\" height=\"134\" src=\"https:\/\/campdrive.es\/wp-content\/uploads\/2020\/05\/TELEFONO-CAMPDRIVE-8.jpg\" alt=\"\" class=\"wp-image-327\" srcset=\"https:\/\/campdrive.es\/wp-content\/uploads\/2020\/05\/TELEFONO-CAMPDRIVE-8.jpg 1018w, https:\/\/campdrive.es\/wp-content\/uploads\/2020\/05\/TELEFONO-CAMPDRIVE-8-300x39.jpg 300w, https:\/\/campdrive.es\/wp-content\/uploads\/2020\/05\/TELEFONO-CAMPDRIVE-8-768x101.jpg 768w\" sizes=\"auto, (max-width: 1018px) 100vw, 1018px\" \/><\/figure>\n\n\n\n<figure class=\"wp-block-image size-large is-style-default\"><img loading=\"lazy\" decoding=\"async\" width=\"1024\" height=\"332\" src=\"https:\/\/campdrive.es\/wp-content\/uploads\/2020\/05\/campdrive-5-1024x332.png\" alt=\"\" class=\"wp-image-328\" srcset=\"https:\/\/campdrive.es\/wp-content\/uploads\/2020\/05\/campdrive-5-1024x332.png 1024w, https:\/\/campdrive.es\/wp-content\/uploads\/2020\/05\/campdrive-5-300x97.png 300w, https:\/\/campdrive.es\/wp-content\/uploads\/2020\/05\/campdrive-5-768x249.png 768w, https:\/\/campdrive.es\/wp-content\/uploads\/2020\/05\/campdrive-5.png 1050w\" sizes=\"auto, (max-width: 1024px) 100vw, 1024px\" \/><\/figure>\n","protected":false},"excerpt":{"rendered":"<p>TRABAJA en lo que te GUSTA Curso : Te\u00f3rico &#8211; Pr\u00e1ctico ajustado a la Normativa Vigente con Certificaci\u00f3n para trabajar en Spas, Jacuzzis , Hoteles, Comunidad de Vecinos, Piscinas Municipales Destinado para aquellos que quieren trabajar o quieren mejorar en el mantenimiento y limpieza de los equipos de instalaciones de [&hellip;]<\/p>\n","protected":false},"author":1,"featured_media":152,"parent":36,"menu_order":3,"comment_status":"closed","ping_status":"closed","template":"","meta":{"footnotes":""},"class_list":["post-44","page","type-page","status-publish","has-post-thumbnail","hentry"],"yoast_head":"<!-- This site is optimized with the Yoast SEO plugin v27.5 - https:\/\/yoast.com\/product\/yoast-seo-wordpress\/ -->\n<title>CURSO TRATAMIENTO DE PISCINAS - Autoescuela Campdrive<\/title>\n<meta name=\"robots\" content=\"index, follow, max-snippet:-1, max-image-preview:large, max-video-preview:-1\" \/>\n<link rel=\"canonical\" href=\"https:\/\/campdrive.es\/index.php\/cursos\/tratamiento-piscinas\/\" \/>\n<meta property=\"og:locale\" content=\"es_ES\" \/>\n<meta property=\"og:type\" content=\"article\" \/>\n<meta property=\"og:title\" content=\"CURSO TRATAMIENTO DE PISCINAS - Autoescuela Campdrive\" \/>\n<meta property=\"og:description\" content=\"TRABAJA en lo que te GUSTA Curso : Te\u00f3rico &#8211; Pr\u00e1ctico ajustado a la Normativa Vigente con Certificaci\u00f3n para trabajar en Spas, Jacuzzis , Hoteles, Comunidad de Vecinos, Piscinas Municipales Destinado para aquellos que quieren trabajar o quieren mejorar en el mantenimiento y limpieza de los equipos de instalaciones de [&hellip;]\" \/>\n<meta property=\"og:url\" content=\"https:\/\/campdrive.es\/index.php\/cursos\/tratamiento-piscinas\/\" \/>\n<meta property=\"og:site_name\" content=\"Autoescuela Campdrive\" \/>\n<meta property=\"article:modified_time\" content=\"2020-05-22T11:34:38+00:00\" \/>\n<meta property=\"og:image\" content=\"https:\/\/campdrive.es\/wp-content\/uploads\/2020\/03\/TRATAMIENTO-PISCINAS-CAMPDRIVE.jpg\" \/>\n\t<meta property=\"og:image:width\" content=\"350\" \/>\n\t<meta property=\"og:image:height\" content=\"144\" \/>\n\t<meta property=\"og:image:type\" content=\"image\/jpeg\" \/>\n<meta name=\"twitter:card\" content=\"summary_large_image\" \/>\n<script type=\"application\/ld+json\" class=\"yoast-schema-graph\">{\"@context\":\"https:\\\/\\\/schema.org\",\"@graph\":[{\"@type\":\"WebPage\",\"@id\":\"https:\\\/\\\/campdrive.es\\\/index.php\\\/cursos\\\/tratamiento-piscinas\\\/\",\"url\":\"https:\\\/\\\/campdrive.es\\\/index.php\\\/cursos\\\/tratamiento-piscinas\\\/\",\"name\":\"CURSO TRATAMIENTO DE PISCINAS - Autoescuela Campdrive\",\"isPartOf\":{\"@id\":\"https:\\\/\\\/campdrive.es\\\/#website\"},\"primaryImageOfPage\":{\"@id\":\"https:\\\/\\\/campdrive.es\\\/index.php\\\/cursos\\\/tratamiento-piscinas\\\/#primaryimage\"},\"image\":{\"@id\":\"https:\\\/\\\/campdrive.es\\\/index.php\\\/cursos\\\/tratamiento-piscinas\\\/#primaryimage\"},\"thumbnailUrl\":\"https:\\\/\\\/campdrive.es\\\/wp-content\\\/uploads\\\/2020\\\/03\\\/TRATAMIENTO-PISCINAS-CAMPDRIVE.jpg\",\"datePublished\":\"2019-12-07T20:08:03+00:00\",\"dateModified\":\"2020-05-22T11:34:38+00:00\",\"breadcrumb\":{\"@id\":\"https:\\\/\\\/campdrive.es\\\/index.php\\\/cursos\\\/tratamiento-piscinas\\\/#breadcrumb\"},\"inLanguage\":\"es\",\"potentialAction\":[{\"@type\":\"ReadAction\",\"target\":[\"https:\\\/\\\/campdrive.es\\\/index.php\\\/cursos\\\/tratamiento-piscinas\\\/\"]}]},{\"@type\":\"ImageObject\",\"inLanguage\":\"es\",\"@id\":\"https:\\\/\\\/campdrive.es\\\/index.php\\\/cursos\\\/tratamiento-piscinas\\\/#primaryimage\",\"url\":\"https:\\\/\\\/campdrive.es\\\/wp-content\\\/uploads\\\/2020\\\/03\\\/TRATAMIENTO-PISCINAS-CAMPDRIVE.jpg\",\"contentUrl\":\"https:\\\/\\\/campdrive.es\\\/wp-content\\\/uploads\\\/2020\\\/03\\\/TRATAMIENTO-PISCINAS-CAMPDRIVE.jpg\",\"width\":350,\"height\":144},{\"@type\":\"BreadcrumbList\",\"@id\":\"https:\\\/\\\/campdrive.es\\\/index.php\\\/cursos\\\/tratamiento-piscinas\\\/#breadcrumb\",\"itemListElement\":[{\"@type\":\"ListItem\",\"position\":1,\"name\":\"Home\",\"item\":\"https:\\\/\\\/campdrive.es\\\/\"},{\"@type\":\"ListItem\",\"position\":2,\"name\":\"Cursos\",\"item\":\"https:\\\/\\\/campdrive.es\\\/index.php\\\/cursos\\\/\"},{\"@type\":\"ListItem\",\"position\":3,\"name\":\"CURSO TRATAMIENTO DE PISCINAS\"}]},{\"@type\":\"WebSite\",\"@id\":\"https:\\\/\\\/campdrive.es\\\/#website\",\"url\":\"https:\\\/\\\/campdrive.es\\\/\",\"name\":\"Autoescuela Campdrive\",\"description\":\"\",\"publisher\":{\"@id\":\"https:\\\/\\\/campdrive.es\\\/#organization\"},\"potentialAction\":[{\"@type\":\"SearchAction\",\"target\":{\"@type\":\"EntryPoint\",\"urlTemplate\":\"https:\\\/\\\/campdrive.es\\\/?s={search_term_string}\"},\"query-input\":{\"@type\":\"PropertyValueSpecification\",\"valueRequired\":true,\"valueName\":\"search_term_string\"}}],\"inLanguage\":\"es\"},{\"@type\":\"Organization\",\"@id\":\"https:\\\/\\\/campdrive.es\\\/#organization\",\"name\":\"Autoescuela Campdrive\",\"url\":\"https:\\\/\\\/campdrive.es\\\/\",\"logo\":{\"@type\":\"ImageObject\",\"inLanguage\":\"es\",\"@id\":\"https:\\\/\\\/campdrive.es\\\/#\\\/schema\\\/logo\\\/image\\\/\",\"url\":\"https:\\\/\\\/campdrive.es\\\/wp-content\\\/uploads\\\/2020\\\/02\\\/Centro-de-formacion-TRANSPARENTE.png\",\"contentUrl\":\"https:\\\/\\\/campdrive.es\\\/wp-content\\\/uploads\\\/2020\\\/02\\\/Centro-de-formacion-TRANSPARENTE.png\",\"width\":1633,\"height\":601,\"caption\":\"Autoescuela Campdrive\"},\"image\":{\"@id\":\"https:\\\/\\\/campdrive.es\\\/#\\\/schema\\\/logo\\\/image\\\/\"}}]}<\/script>\n<!-- \/ Yoast SEO plugin. -->","yoast_head_json":{"title":"CURSO TRATAMIENTO DE PISCINAS - Autoescuela Campdrive","robots":{"index":"index","follow":"follow","max-snippet":"max-snippet:-1","max-image-preview":"max-image-preview:large","max-video-preview":"max-video-preview:-1"},"canonical":"https:\/\/campdrive.es\/index.php\/cursos\/tratamiento-piscinas\/","og_locale":"es_ES","og_type":"article","og_title":"CURSO TRATAMIENTO DE PISCINAS - Autoescuela Campdrive","og_description":"TRABAJA en lo que te GUSTA Curso : Te\u00f3rico &#8211; Pr\u00e1ctico ajustado a la Normativa Vigente con Certificaci\u00f3n para trabajar en Spas, Jacuzzis , Hoteles, Comunidad de Vecinos, Piscinas Municipales Destinado para aquellos que quieren trabajar o quieren mejorar en el mantenimiento y limpieza de los equipos de instalaciones de [&hellip;]","og_url":"https:\/\/campdrive.es\/index.php\/cursos\/tratamiento-piscinas\/","og_site_name":"Autoescuela Campdrive","article_modified_time":"2020-05-22T11:34:38+00:00","og_image":[{"width":350,"height":144,"url":"https:\/\/campdrive.es\/wp-content\/uploads\/2020\/03\/TRATAMIENTO-PISCINAS-CAMPDRIVE.jpg","type":"image\/jpeg"}],"twitter_card":"summary_large_image","schema":{"@context":"https:\/\/schema.org","@graph":[{"@type":"WebPage","@id":"https:\/\/campdrive.es\/index.php\/cursos\/tratamiento-piscinas\/","url":"https:\/\/campdrive.es\/index.php\/cursos\/tratamiento-piscinas\/","name":"CURSO TRATAMIENTO DE PISCINAS - Autoescuela Campdrive","isPartOf":{"@id":"https:\/\/campdrive.es\/#website"},"primaryImageOfPage":{"@id":"https:\/\/campdrive.es\/index.php\/cursos\/tratamiento-piscinas\/#primaryimage"},"image":{"@id":"https:\/\/campdrive.es\/index.php\/cursos\/tratamiento-piscinas\/#primaryimage"},"thumbnailUrl":"https:\/\/campdrive.es\/wp-content\/uploads\/2020\/03\/TRATAMIENTO-PISCINAS-CAMPDRIVE.jpg","datePublished":"2019-12-07T20:08:03+00:00","dateModified":"2020-05-22T11:34:38+00:00","breadcrumb":{"@id":"https:\/\/campdrive.es\/index.php\/cursos\/tratamiento-piscinas\/#breadcrumb"},"inLanguage":"es","potentialAction":[{"@type":"ReadAction","target":["https:\/\/campdrive.es\/index.php\/cursos\/tratamiento-piscinas\/"]}]},{"@type":"ImageObject","inLanguage":"es","@id":"https:\/\/campdrive.es\/index.php\/cursos\/tratamiento-piscinas\/#primaryimage","url":"https:\/\/campdrive.es\/wp-content\/uploads\/2020\/03\/TRATAMIENTO-PISCINAS-CAMPDRIVE.jpg","contentUrl":"https:\/\/campdrive.es\/wp-content\/uploads\/2020\/03\/TRATAMIENTO-PISCINAS-CAMPDRIVE.jpg","width":350,"height":144},{"@type":"BreadcrumbList","@id":"https:\/\/campdrive.es\/index.php\/cursos\/tratamiento-piscinas\/#breadcrumb","itemListElement":[{"@type":"ListItem","position":1,"name":"Home","item":"https:\/\/campdrive.es\/"},{"@type":"ListItem","position":2,"name":"Cursos","item":"https:\/\/campdrive.es\/index.php\/cursos\/"},{"@type":"ListItem","position":3,"name":"CURSO TRATAMIENTO DE PISCINAS"}]},{"@type":"WebSite","@id":"https:\/\/campdrive.es\/#website","url":"https:\/\/campdrive.es\/","name":"Autoescuela Campdrive","description":"","publisher":{"@id":"https:\/\/campdrive.es\/#organization"},"potentialAction":[{"@type":"SearchAction","target":{"@type":"EntryPoint","urlTemplate":"https:\/\/campdrive.es\/?s={search_term_string}"},"query-input":{"@type":"PropertyValueSpecification","valueRequired":true,"valueName":"search_term_string"}}],"inLanguage":"es"},{"@type":"Organization","@id":"https:\/\/campdrive.es\/#organization","name":"Autoescuela Campdrive","url":"https:\/\/campdrive.es\/","logo":{"@type":"ImageObject","inLanguage":"es","@id":"https:\/\/campdrive.es\/#\/schema\/logo\/image\/","url":"https:\/\/campdrive.es\/wp-content\/uploads\/2020\/02\/Centro-de-formacion-TRANSPARENTE.png","contentUrl":"https:\/\/campdrive.es\/wp-content\/uploads\/2020\/02\/Centro-de-formacion-TRANSPARENTE.png","width":1633,"height":601,"caption":"Autoescuela Campdrive"},"image":{"@id":"https:\/\/campdrive.es\/#\/schema\/logo\/image\/"}}]}},"_links":{"self":[{"href":"https:\/\/campdrive.es\/index.php\/wp-json\/wp\/v2\/pages\/44","targetHints":{"allow":["GET"]}}],"collection":[{"href":"https:\/\/campdrive.es\/index.php\/wp-json\/wp\/v2\/pages"}],"about":[{"href":"https:\/\/campdrive.es\/index.php\/wp-json\/wp\/v2\/types\/page"}],"author":[{"embeddable":true,"href":"https:\/\/campdrive.es\/index.php\/wp-json\/wp\/v2\/users\/1"}],"replies":[{"embeddable":true,"href":"https:\/\/campdrive.es\/index.php\/wp-json\/wp\/v2\/comments?post=44"}],"version-history":[{"count":4,"href":"https:\/\/campdrive.es\/index.php\/wp-json\/wp\/v2\/pages\/44\/revisions"}],"predecessor-version":[{"id":330,"href":"https:\/\/campdrive.es\/index.php\/wp-json\/wp\/v2\/pages\/44\/revisions\/330"}],"up":[{"embeddable":true,"href":"https:\/\/campdrive.es\/index.php\/wp-json\/wp\/v2\/pages\/36"}],"wp:featuredmedia":[{"embeddable":true,"href":"https:\/\/campdrive.es\/index.php\/wp-json\/wp\/v2\/media\/152"}],"wp:attachment":[{"href":"https:\/\/campdrive.es\/index.php\/wp-json\/wp\/v2\/media?parent=44"}],"curies":[{"name":"wp","href":"https:\/\/api.w.org\/{rel}","templated":true}]}}