{"id":38,"date":"2019-12-07T20:07:19","date_gmt":"2019-12-07T20:07:19","guid":{"rendered":"https:\/\/campdrive.es\/?page_id=38"},"modified":"2020-05-22T11:17:22","modified_gmt":"2020-05-22T11:17:22","slug":"cap","status":"publish","type":"page","link":"https:\/\/campdrive.es\/index.php\/cursos\/cap\/","title":{"rendered":"CURSOS CAP CONTINUO E INICIAL"},"content":{"rendered":"\n<div class=\"wp-block-themeisle-blocks-advanced-columns alignwide has-2-columns has-desktop-oneTwo-layout has-tablet-equal-layout has-mobile-collapsedRows-layout has-default-gap has-vertical-unset\" id=\"wp-block-themeisle-blocks-advanced-columns-fb920068\"><div class=\"wp-block-themeisle-blocks-advanced-columns-overlay\"><\/div><div class=\"innerblocks-wrap\">\n<div class=\"wp-block-themeisle-blocks-advanced-column\" id=\"wp-block-themeisle-blocks-advanced-column-1d6ba0e8\">\n<figure class=\"wp-block-image size-medium is-resized is-style-default\"><img loading=\"lazy\" decoding=\"async\" src=\"https:\/\/campdrive.es\/wp-content\/uploads\/2020\/03\/cap-300x224.jpg\" alt=\"\" class=\"wp-image-110\" width=\"276\" height=\"205\" srcset=\"https:\/\/campdrive.es\/wp-content\/uploads\/2020\/03\/cap-300x224.jpg 300w, https:\/\/campdrive.es\/wp-content\/uploads\/2020\/03\/cap-1024x765.jpg 1024w, https:\/\/campdrive.es\/wp-content\/uploads\/2020\/03\/cap-768x574.jpg 768w, https:\/\/campdrive.es\/wp-content\/uploads\/2020\/03\/cap.jpg 1028w\" sizes=\"auto, (max-width: 276px) 100vw, 276px\" \/><\/figure>\n\n\n\n<figure class=\"wp-block-image size-large is-style-default\"><img loading=\"lazy\" decoding=\"async\" width=\"1024\" height=\"767\" src=\"https:\/\/campdrive.es\/wp-content\/uploads\/2020\/05\/WhatsApp-Image-2020-05-19-at-20.59.58-1-1024x767.jpeg\" alt=\"\" class=\"wp-image-249\" srcset=\"https:\/\/campdrive.es\/wp-content\/uploads\/2020\/05\/WhatsApp-Image-2020-05-19-at-20.59.58-1-1024x767.jpeg 1024w, https:\/\/campdrive.es\/wp-content\/uploads\/2020\/05\/WhatsApp-Image-2020-05-19-at-20.59.58-1-300x225.jpeg 300w, https:\/\/campdrive.es\/wp-content\/uploads\/2020\/05\/WhatsApp-Image-2020-05-19-at-20.59.58-1-768x575.jpeg 768w, https:\/\/campdrive.es\/wp-content\/uploads\/2020\/05\/WhatsApp-Image-2020-05-19-at-20.59.58-1.jpeg 1026w\" sizes=\"auto, (max-width: 1024px) 100vw, 1024px\" \/><\/figure>\n<\/div>\n\n\n\n<div class=\"wp-block-themeisle-blocks-advanced-column\" id=\"wp-block-themeisle-blocks-advanced-column-8225fa88\">\n<p class=\"has-text-color has-background has-background-color-color has-accent-background-color\">Realizamos cursos <strong>CAP&nbsp; de FORMACI\u00d3N CONTiNUA Y FORMACI\u00d3N INiCIAL &nbsp;&nbsp;<\/strong><\/p>\n\n\n\n<p class=\"has-text-color has-background has-accent-color has-background-color-background-color\">CON BOLSA DE EMPLEO PARA LOS PROFESIONALES<\/p>\n\n\n\n<p class=\"has-text-color has-background has-background-color-color has-accent-background-color\"> \u00bf Cu\u00e1l es el que necesitas?<\/p>\n\n\n\n<p class=\"has-text-color has-background has-background-color-color has-black-background-color\"><strong>RENUEVA TU CAP CON NOSOTROS <\/strong> TODOS LOS MESES Tenemos CURSOS  en horario de tarde o ma\u00f1anas y de Fin de semana.<\/p>\n\n\n\n<figure class=\"wp-block-image size-large is-style-default\"><img loading=\"lazy\" decoding=\"async\" width=\"1018\" height=\"134\" src=\"https:\/\/campdrive.es\/wp-content\/uploads\/2020\/05\/TELEFONO-CAMPDRIVE-6.jpg\" alt=\"\" class=\"wp-image-319\" srcset=\"https:\/\/campdrive.es\/wp-content\/uploads\/2020\/05\/TELEFONO-CAMPDRIVE-6.jpg 1018w, https:\/\/campdrive.es\/wp-content\/uploads\/2020\/05\/TELEFONO-CAMPDRIVE-6-300x39.jpg 300w, https:\/\/campdrive.es\/wp-content\/uploads\/2020\/05\/TELEFONO-CAMPDRIVE-6-768x101.jpg 768w\" sizes=\"auto, (max-width: 1018px) 100vw, 1018px\" \/><\/figure>\n\n\n\n<p class=\"has-text-color has-background has-large-font-size has-background-color-color has-accent-background-color\"><strong>CAP INICIAL<\/strong> 98% APTOS<\/p>\n\n\n\n<p style=\"font-size:-1px\" class=\"has-text-color has-accent-color\">CAP inicial (140h):CURSO TEORICO- PRACTICO<\/p>\n\n\n\n<p class=\"has-text-color has-background has-background-color-color has-accent-background-color\">Consiste en una nueva formaci\u00f3n obligatoria para los\nconductores profesionales de veh\u00edculos destinados al transporte de mercanc\u00edas o\nde viajeros por carretera. Prep\u00e1rate con nosotros, Inf\u00f3rmate de nuestros\npr\u00f3ximos cursos. Tenemos un 98% de aprobados. <\/p>\n\n\n\n<p class=\"has-text-color has-background has-background-color-color has-black-background-color\">Preparaci\u00f3n intensiva para conseguir el APTO con formaci\u00f3n presencial .<\/p>\n\n\n\n<p style=\"font-size:34px\" class=\"has-text-color has-background has-background-color-color has-accent-background-color\"><strong>CAP CONTINUO<\/strong><strong><\/strong><\/p>\n\n\n\n<p> CAP Continuo (35 h):CURSO TE\u00d3RICO<\/p>\n\n\n\n<p class=\"has-text-color has-background has-background-color-color has-accent-background-color\">Los Cursos de renovaci\u00f3n CAP, tambi\u00e9n conocidos como CAP Continuo, deben hacerlo todos los conductores profesionales cada cinco a\u00f1os. Estos cursos para renovar el CAP para el transporte de mercancias y viajeros deben realizarse durante toda su vida profesional, constan de 35 horas te\u00f3ricas, sin pr\u00e1cticas obligatorias y sin examen .<\/p>\n\n\n\n<p style=\"font-size:39px\" class=\"has-text-color has-background has-accent-color has-white-background-color\"><strong>Inf\u00f3rmate de los pr\u00f3ximos cursos <\/strong><\/p>\n<\/div>\n<\/div><\/div>\n\n\n\n<figure class=\"wp-block-image size-large is-style-default\"><img loading=\"lazy\" decoding=\"async\" width=\"1018\" height=\"134\" src=\"https:\/\/campdrive.es\/wp-content\/uploads\/2020\/05\/TELEFONO-CAMPDRIVE-5.jpg\" alt=\"\" class=\"wp-image-316\" srcset=\"https:\/\/campdrive.es\/wp-content\/uploads\/2020\/05\/TELEFONO-CAMPDRIVE-5.jpg 1018w, https:\/\/campdrive.es\/wp-content\/uploads\/2020\/05\/TELEFONO-CAMPDRIVE-5-300x39.jpg 300w, https:\/\/campdrive.es\/wp-content\/uploads\/2020\/05\/TELEFONO-CAMPDRIVE-5-768x101.jpg 768w\" sizes=\"auto, (max-width: 1018px) 100vw, 1018px\" \/><\/figure>\n\n\n\n<figure class=\"wp-block-image size-large is-style-default\"><img loading=\"lazy\" decoding=\"async\" width=\"1024\" height=\"332\" src=\"https:\/\/campdrive.es\/wp-content\/uploads\/2020\/05\/campdrive-3-1024x332.png\" alt=\"\" class=\"wp-image-317\" srcset=\"https:\/\/campdrive.es\/wp-content\/uploads\/2020\/05\/campdrive-3-1024x332.png 1024w, https:\/\/campdrive.es\/wp-content\/uploads\/2020\/05\/campdrive-3-300x97.png 300w, https:\/\/campdrive.es\/wp-content\/uploads\/2020\/05\/campdrive-3-768x249.png 768w, https:\/\/campdrive.es\/wp-content\/uploads\/2020\/05\/campdrive-3.png 1050w\" sizes=\"auto, (max-width: 1024px) 100vw, 1024px\" \/><\/figure>\n","protected":false},"excerpt":{"rendered":"","protected":false},"author":2,"featured_media":67,"parent":36,"menu_order":1,"comment_status":"closed","ping_status":"closed","template":"","meta":{"footnotes":""},"class_list":["post-38","page","type-page","status-publish","has-post-thumbnail","hentry"],"yoast_head":"<!-- This site is optimized with the Yoast SEO plugin v27.5 - https:\/\/yoast.com\/product\/yoast-seo-wordpress\/ -->\n<title>CURSOS CAP CONTINUO E INICIAL - Autoescuela Campdrive<\/title>\n<meta name=\"robots\" content=\"index, follow, max-snippet:-1, max-image-preview:large, max-video-preview:-1\" \/>\n<link rel=\"canonical\" href=\"https:\/\/campdrive.es\/index.php\/cursos\/cap\/\" \/>\n<meta property=\"og:locale\" content=\"es_ES\" \/>\n<meta property=\"og:type\" content=\"article\" \/>\n<meta property=\"og:title\" content=\"CURSOS CAP CONTINUO E INICIAL - Autoescuela Campdrive\" \/>\n<meta property=\"og:url\" content=\"https:\/\/campdrive.es\/index.php\/cursos\/cap\/\" \/>\n<meta property=\"og:site_name\" content=\"Autoescuela Campdrive\" \/>\n<meta property=\"article:modified_time\" content=\"2020-05-22T11:17:22+00:00\" \/>\n<meta property=\"og:image\" content=\"https:\/\/campdrive.es\/wp-content\/uploads\/2020\/02\/Centro-de-formacion-TRANSPARENTE.png\" \/>\n\t<meta property=\"og:image:width\" content=\"1633\" \/>\n\t<meta property=\"og:image:height\" content=\"601\" \/>\n\t<meta property=\"og:image:type\" content=\"image\/png\" \/>\n<meta name=\"twitter:card\" content=\"summary_large_image\" \/>\n<meta name=\"twitter:label1\" content=\"Tiempo de lectura\" \/>\n\t<meta name=\"twitter:data1\" content=\"1 minuto\" \/>\n<script type=\"application\/ld+json\" class=\"yoast-schema-graph\">{\"@context\":\"https:\\\/\\\/schema.org\",\"@graph\":[{\"@type\":\"WebPage\",\"@id\":\"https:\\\/\\\/campdrive.es\\\/index.php\\\/cursos\\\/cap\\\/\",\"url\":\"https:\\\/\\\/campdrive.es\\\/index.php\\\/cursos\\\/cap\\\/\",\"name\":\"CURSOS CAP CONTINUO E INICIAL - Autoescuela Campdrive\",\"isPartOf\":{\"@id\":\"https:\\\/\\\/campdrive.es\\\/#website\"},\"primaryImageOfPage\":{\"@id\":\"https:\\\/\\\/campdrive.es\\\/index.php\\\/cursos\\\/cap\\\/#primaryimage\"},\"image\":{\"@id\":\"https:\\\/\\\/campdrive.es\\\/index.php\\\/cursos\\\/cap\\\/#primaryimage\"},\"thumbnailUrl\":\"https:\\\/\\\/campdrive.es\\\/wp-content\\\/uploads\\\/2020\\\/02\\\/Centro-de-formacion-TRANSPARENTE.png\",\"datePublished\":\"2019-12-07T20:07:19+00:00\",\"dateModified\":\"2020-05-22T11:17:22+00:00\",\"breadcrumb\":{\"@id\":\"https:\\\/\\\/campdrive.es\\\/index.php\\\/cursos\\\/cap\\\/#breadcrumb\"},\"inLanguage\":\"es\",\"potentialAction\":[{\"@type\":\"ReadAction\",\"target\":[\"https:\\\/\\\/campdrive.es\\\/index.php\\\/cursos\\\/cap\\\/\"]}]},{\"@type\":\"ImageObject\",\"inLanguage\":\"es\",\"@id\":\"https:\\\/\\\/campdrive.es\\\/index.php\\\/cursos\\\/cap\\\/#primaryimage\",\"url\":\"https:\\\/\\\/campdrive.es\\\/wp-content\\\/uploads\\\/2020\\\/02\\\/Centro-de-formacion-TRANSPARENTE.png\",\"contentUrl\":\"https:\\\/\\\/campdrive.es\\\/wp-content\\\/uploads\\\/2020\\\/02\\\/Centro-de-formacion-TRANSPARENTE.png\",\"width\":1633,\"height\":601},{\"@type\":\"BreadcrumbList\",\"@id\":\"https:\\\/\\\/campdrive.es\\\/index.php\\\/cursos\\\/cap\\\/#breadcrumb\",\"itemListElement\":[{\"@type\":\"ListItem\",\"position\":1,\"name\":\"Home\",\"item\":\"https:\\\/\\\/campdrive.es\\\/\"},{\"@type\":\"ListItem\",\"position\":2,\"name\":\"Cursos\",\"item\":\"https:\\\/\\\/campdrive.es\\\/index.php\\\/cursos\\\/\"},{\"@type\":\"ListItem\",\"position\":3,\"name\":\"CURSOS CAP CONTINUO E INICIAL\"}]},{\"@type\":\"WebSite\",\"@id\":\"https:\\\/\\\/campdrive.es\\\/#website\",\"url\":\"https:\\\/\\\/campdrive.es\\\/\",\"name\":\"Autoescuela Campdrive\",\"description\":\"\",\"publisher\":{\"@id\":\"https:\\\/\\\/campdrive.es\\\/#organization\"},\"potentialAction\":[{\"@type\":\"SearchAction\",\"target\":{\"@type\":\"EntryPoint\",\"urlTemplate\":\"https:\\\/\\\/campdrive.es\\\/?s={search_term_string}\"},\"query-input\":{\"@type\":\"PropertyValueSpecification\",\"valueRequired\":true,\"valueName\":\"search_term_string\"}}],\"inLanguage\":\"es\"},{\"@type\":\"Organization\",\"@id\":\"https:\\\/\\\/campdrive.es\\\/#organization\",\"name\":\"Autoescuela Campdrive\",\"url\":\"https:\\\/\\\/campdrive.es\\\/\",\"logo\":{\"@type\":\"ImageObject\",\"inLanguage\":\"es\",\"@id\":\"https:\\\/\\\/campdrive.es\\\/#\\\/schema\\\/logo\\\/image\\\/\",\"url\":\"https:\\\/\\\/campdrive.es\\\/wp-content\\\/uploads\\\/2020\\\/02\\\/Centro-de-formacion-TRANSPARENTE.png\",\"contentUrl\":\"https:\\\/\\\/campdrive.es\\\/wp-content\\\/uploads\\\/2020\\\/02\\\/Centro-de-formacion-TRANSPARENTE.png\",\"width\":1633,\"height\":601,\"caption\":\"Autoescuela Campdrive\"},\"image\":{\"@id\":\"https:\\\/\\\/campdrive.es\\\/#\\\/schema\\\/logo\\\/image\\\/\"}}]}<\/script>\n<!-- \/ Yoast SEO plugin. -->","yoast_head_json":{"title":"CURSOS CAP CONTINUO E INICIAL - Autoescuela Campdrive","robots":{"index":"index","follow":"follow","max-snippet":"max-snippet:-1","max-image-preview":"max-image-preview:large","max-video-preview":"max-video-preview:-1"},"canonical":"https:\/\/campdrive.es\/index.php\/cursos\/cap\/","og_locale":"es_ES","og_type":"article","og_title":"CURSOS CAP CONTINUO E INICIAL - Autoescuela Campdrive","og_url":"https:\/\/campdrive.es\/index.php\/cursos\/cap\/","og_site_name":"Autoescuela Campdrive","article_modified_time":"2020-05-22T11:17:22+00:00","og_image":[{"width":1633,"height":601,"url":"https:\/\/campdrive.es\/wp-content\/uploads\/2020\/02\/Centro-de-formacion-TRANSPARENTE.png","type":"image\/png"}],"twitter_card":"summary_large_image","twitter_misc":{"Tiempo de lectura":"1 minuto"},"schema":{"@context":"https:\/\/schema.org","@graph":[{"@type":"WebPage","@id":"https:\/\/campdrive.es\/index.php\/cursos\/cap\/","url":"https:\/\/campdrive.es\/index.php\/cursos\/cap\/","name":"CURSOS CAP CONTINUO E INICIAL - Autoescuela Campdrive","isPartOf":{"@id":"https:\/\/campdrive.es\/#website"},"primaryImageOfPage":{"@id":"https:\/\/campdrive.es\/index.php\/cursos\/cap\/#primaryimage"},"image":{"@id":"https:\/\/campdrive.es\/index.php\/cursos\/cap\/#primaryimage"},"thumbnailUrl":"https:\/\/campdrive.es\/wp-content\/uploads\/2020\/02\/Centro-de-formacion-TRANSPARENTE.png","datePublished":"2019-12-07T20:07:19+00:00","dateModified":"2020-05-22T11:17:22+00:00","breadcrumb":{"@id":"https:\/\/campdrive.es\/index.php\/cursos\/cap\/#breadcrumb"},"inLanguage":"es","potentialAction":[{"@type":"ReadAction","target":["https:\/\/campdrive.es\/index.php\/cursos\/cap\/"]}]},{"@type":"ImageObject","inLanguage":"es","@id":"https:\/\/campdrive.es\/index.php\/cursos\/cap\/#primaryimage","url":"https:\/\/campdrive.es\/wp-content\/uploads\/2020\/02\/Centro-de-formacion-TRANSPARENTE.png","contentUrl":"https:\/\/campdrive.es\/wp-content\/uploads\/2020\/02\/Centro-de-formacion-TRANSPARENTE.png","width":1633,"height":601},{"@type":"BreadcrumbList","@id":"https:\/\/campdrive.es\/index.php\/cursos\/cap\/#breadcrumb","itemListElement":[{"@type":"ListItem","position":1,"name":"Home","item":"https:\/\/campdrive.es\/"},{"@type":"ListItem","position":2,"name":"Cursos","item":"https:\/\/campdrive.es\/index.php\/cursos\/"},{"@type":"ListItem","position":3,"name":"CURSOS CAP CONTINUO E INICIAL"}]},{"@type":"WebSite","@id":"https:\/\/campdrive.es\/#website","url":"https:\/\/campdrive.es\/","name":"Autoescuela Campdrive","description":"","publisher":{"@id":"https:\/\/campdrive.es\/#organization"},"potentialAction":[{"@type":"SearchAction","target":{"@type":"EntryPoint","urlTemplate":"https:\/\/campdrive.es\/?s={search_term_string}"},"query-input":{"@type":"PropertyValueSpecification","valueRequired":true,"valueName":"search_term_string"}}],"inLanguage":"es"},{"@type":"Organization","@id":"https:\/\/campdrive.es\/#organization","name":"Autoescuela Campdrive","url":"https:\/\/campdrive.es\/","logo":{"@type":"ImageObject","inLanguage":"es","@id":"https:\/\/campdrive.es\/#\/schema\/logo\/image\/","url":"https:\/\/campdrive.es\/wp-content\/uploads\/2020\/02\/Centro-de-formacion-TRANSPARENTE.png","contentUrl":"https:\/\/campdrive.es\/wp-content\/uploads\/2020\/02\/Centro-de-formacion-TRANSPARENTE.png","width":1633,"height":601,"caption":"Autoescuela Campdrive"},"image":{"@id":"https:\/\/campdrive.es\/#\/schema\/logo\/image\/"}}]}},"_links":{"self":[{"href":"https:\/\/campdrive.es\/index.php\/wp-json\/wp\/v2\/pages\/38","targetHints":{"allow":["GET"]}}],"collection":[{"href":"https:\/\/campdrive.es\/index.php\/wp-json\/wp\/v2\/pages"}],"about":[{"href":"https:\/\/campdrive.es\/index.php\/wp-json\/wp\/v2\/types\/page"}],"author":[{"embeddable":true,"href":"https:\/\/campdrive.es\/index.php\/wp-json\/wp\/v2\/users\/2"}],"replies":[{"embeddable":true,"href":"https:\/\/campdrive.es\/index.php\/wp-json\/wp\/v2\/comments?post=38"}],"version-history":[{"count":13,"href":"https:\/\/campdrive.es\/index.php\/wp-json\/wp\/v2\/pages\/38\/revisions"}],"predecessor-version":[{"id":320,"href":"https:\/\/campdrive.es\/index.php\/wp-json\/wp\/v2\/pages\/38\/revisions\/320"}],"up":[{"embeddable":true,"href":"https:\/\/campdrive.es\/index.php\/wp-json\/wp\/v2\/pages\/36"}],"wp:featuredmedia":[{"embeddable":true,"href":"https:\/\/campdrive.es\/index.php\/wp-json\/wp\/v2\/media\/67"}],"wp:attachment":[{"href":"https:\/\/campdrive.es\/index.php\/wp-json\/wp\/v2\/media?parent=38"}],"curies":[{"name":"wp","href":"https:\/\/api.w.org\/{rel}","templated":true}]}}