{"id":36,"date":"2019-12-07T20:07:09","date_gmt":"2019-12-07T20:07:09","guid":{"rendered":"https:\/\/campdrive.es\/?page_id=36"},"modified":"2020-05-22T11:13:12","modified_gmt":"2020-05-22T11:13:12","slug":"cursos","status":"publish","type":"page","link":"https:\/\/campdrive.es\/index.php\/cursos\/","title":{"rendered":"Cursos"},"content":{"rendered":"\n<div class=\"wp-block-themeisle-blocks-advanced-columns has-1-columns has-desktop-equal-layout has-tablet-equal-layout has-mobile-equal-layout has-default-gap has-vertical-unset\" id=\"wp-block-themeisle-blocks-advanced-columns-1aa4b141\"><div class=\"wp-block-themeisle-blocks-advanced-columns-overlay\"><\/div><div class=\"innerblocks-wrap\">\n<div class=\"wp-block-themeisle-blocks-advanced-column\" id=\"wp-block-themeisle-blocks-advanced-column-798c7468\">\n<figure class=\"wp-block-image size-large is-resized is-style-default\"><img loading=\"lazy\" decoding=\"async\" src=\"https:\/\/campdrive.es\/wp-content\/uploads\/2020\/05\/pie-foto-con-menos-datos-3-1024x332.png\" alt=\"\" class=\"wp-image-288\" width=\"546\" height=\"177\" srcset=\"https:\/\/campdrive.es\/wp-content\/uploads\/2020\/05\/pie-foto-con-menos-datos-3-1024x332.png 1024w, https:\/\/campdrive.es\/wp-content\/uploads\/2020\/05\/pie-foto-con-menos-datos-3-300x97.png 300w, https:\/\/campdrive.es\/wp-content\/uploads\/2020\/05\/pie-foto-con-menos-datos-3-768x249.png 768w, https:\/\/campdrive.es\/wp-content\/uploads\/2020\/05\/pie-foto-con-menos-datos-3.png 1050w\" sizes=\"auto, (max-width: 546px) 100vw, 546px\" \/><\/figure>\n<\/div>\n<\/div><\/div>\n\n\n\n<figure class=\"wp-block-pullquote is-style-default\"><blockquote><p>Disponemos de multitud de Cursos Profesionales para su formaci\u00f3n<\/p><p>CURSOS PARA EMPRESAS y PARTICULARES<\/p><p><\/p><\/blockquote><\/figure>\n\n\n\n<p class=\"has-text-color has-background has-text-align-center has-background-color-color has-accent-background-color\">Curso:&nbsp;<strong>Cap Inicial  Mercanc\u00edas  y Viajeros <\/strong> 140 horas , formaci\u00f3n te\u00f3rica &#8211; pr\u00e1ctica. 98% de APTOS.  Horarios Intensivos.<\/p>\n\n\n\n<p class=\"has-text-color has-background has-text-align-center has-background-color-color has-accent-background-color\"><strong>CAP Continuo&nbsp;<\/strong>35 HORAS . Horarios de ma\u00f1ana , tarde y de fines de semana ,          TODOS LOS MESES.<\/p>\n\n\n\n<p class=\"has-text-color has-background has-text-align-center has-accent-color has-background-color-background-color\">SERVICIO DE : &nbsp;<strong>DUPLICADOS POR PERDIDA O ROBO TARJETA CAP y RENOVACI\u00d3N TARJETA TAC\u00d3GRAFO<\/strong><\/p>\n\n\n\n<p class=\"has-text-color has-background has-text-align-center has-background-color-color has-accent-background-color\">CURSO &nbsp;<strong>ADR  MERCANCIAS PELIGROSAS<\/strong>: B\u00c1SICO \u2013 CISTERNAS- EXPLOSIVOS \u2013 RADIACTIVOS \u2013 Preparaci\u00f3n para el <strong>examen DGT. <\/strong>Cursos de Fin de semana y entre semana. Cursos para empresas y particulares.<\/p>\n\n\n\n<p class=\"has-text-color has-background has-text-align-center has-accent-color has-background-color-background-color\">&nbsp;<strong>Manipulador de Plaguicidas<\/strong>&nbsp;( Carnet Fito-Sanitario) B\u00e1sico y Profesional . Cursos Presenciales.<\/p>\n\n\n\n<p class=\"has-text-color has-background has-text-align-center has-background-color-color has-accent-background-color\">&nbsp;<strong>Tratamiento de Piscinas<\/strong>. Preparaci\u00f3n Ajustada a la normativa vigente. Certificado de  Curso para trabajar en piscinas p\u00fablicas y privadas, hoteles , spas&#8230;<\/p>\n\n\n\n<p class=\"has-text-color has-background has-text-align-center has-accent-color has-background-color-background-color\">CURSO DE&nbsp;<strong>Manipulaci\u00f3n de Alimentos<\/strong>    <\/p>\n\n\n\n<p class=\"has-text-color has-background has-text-align-center has-background-color-color has-accent-background-color\">CURSO de&nbsp;<strong>Transporte de Animales Vivos<\/strong>&nbsp;( Bienestar Animal ) Ajustado a la Normativa Vigente . Certificaci\u00f3n Homologada por la Conselleria de Agricultura , Pesca y Alimentaci\u00f3n.<\/p>\n\n\n\n<p class=\"has-text-color has-background has-text-align-center has-accent-color has-background-color-background-color\">CURSO Te\u00f3rico Pr\u00e1ctico&nbsp;<strong>CARRETILLA y PLATAFORMAS ELEVADORAS<\/strong><\/p>\n\n\n\n<p class=\"has-text-color has-background has-text-align-center has-background-color-color has-accent-background-color\">y&#8230; muchos cursos M\u00c1S&#8230;. INF\u00d3RMATE SIN COMPROMISO <\/p>\n\n\n\n<figure class=\"wp-block-image size-large is-style-default\"><img loading=\"lazy\" decoding=\"async\" width=\"1018\" height=\"134\" src=\"https:\/\/campdrive.es\/wp-content\/uploads\/2020\/05\/TELEFONO-CAMPDRIVE-3.jpg\" alt=\"\" class=\"wp-image-312\" srcset=\"https:\/\/campdrive.es\/wp-content\/uploads\/2020\/05\/TELEFONO-CAMPDRIVE-3.jpg 1018w, https:\/\/campdrive.es\/wp-content\/uploads\/2020\/05\/TELEFONO-CAMPDRIVE-3-300x39.jpg 300w, https:\/\/campdrive.es\/wp-content\/uploads\/2020\/05\/TELEFONO-CAMPDRIVE-3-768x101.jpg 768w\" sizes=\"auto, (max-width: 1018px) 100vw, 1018px\" \/><\/figure>\n\n\n\n<figure class=\"wp-block-image size-large is-style-default\"><img loading=\"lazy\" decoding=\"async\" width=\"1024\" height=\"332\" src=\"https:\/\/campdrive.es\/wp-content\/uploads\/2020\/05\/pie-foto-con-menos-datos-4-1024x332.png\" alt=\"\" class=\"wp-image-290\" srcset=\"https:\/\/campdrive.es\/wp-content\/uploads\/2020\/05\/pie-foto-con-menos-datos-4-1024x332.png 1024w, https:\/\/campdrive.es\/wp-content\/uploads\/2020\/05\/pie-foto-con-menos-datos-4-300x97.png 300w, https:\/\/campdrive.es\/wp-content\/uploads\/2020\/05\/pie-foto-con-menos-datos-4-768x249.png 768w, https:\/\/campdrive.es\/wp-content\/uploads\/2020\/05\/pie-foto-con-menos-datos-4.png 1050w\" sizes=\"auto, (max-width: 1024px) 100vw, 1024px\" \/><\/figure>\n\n\n\n<p><\/p>\n","protected":false},"excerpt":{"rendered":"<p>Disponemos de multitud de Cursos Profesionales para su formaci\u00f3n CURSOS PARA EMPRESAS y PARTICULARES Curso:&nbsp;Cap Inicial Mercanc\u00edas y Viajeros 140 horas , formaci\u00f3n te\u00f3rica &#8211; pr\u00e1ctica. 98% de APTOS. Horarios Intensivos. CAP Continuo&nbsp;35 HORAS . Horarios de ma\u00f1ana , tarde y de fines de semana , TODOS LOS MESES. SERVICIO [&hellip;]<\/p>\n","protected":false},"author":1,"featured_media":67,"parent":0,"menu_order":0,"comment_status":"closed","ping_status":"closed","template":"","meta":{"footnotes":""},"class_list":["post-36","page","type-page","status-publish","has-post-thumbnail","hentry"],"yoast_head":"<!-- This site is optimized with the Yoast SEO plugin v27.5 - https:\/\/yoast.com\/product\/yoast-seo-wordpress\/ -->\n<title>Cursos - Autoescuela Campdrive<\/title>\n<meta name=\"robots\" content=\"index, follow, max-snippet:-1, max-image-preview:large, max-video-preview:-1\" \/>\n<link rel=\"canonical\" href=\"https:\/\/campdrive.es\/index.php\/cursos\/\" \/>\n<meta property=\"og:locale\" content=\"es_ES\" \/>\n<meta property=\"og:type\" content=\"article\" \/>\n<meta property=\"og:title\" content=\"Cursos - Autoescuela Campdrive\" \/>\n<meta property=\"og:description\" content=\"Disponemos de multitud de Cursos Profesionales para su formaci\u00f3n CURSOS PARA EMPRESAS y PARTICULARES Curso:&nbsp;Cap Inicial Mercanc\u00edas y Viajeros 140 horas , formaci\u00f3n te\u00f3rica &#8211; pr\u00e1ctica. 98% de APTOS. Horarios Intensivos. CAP Continuo&nbsp;35 HORAS . Horarios de ma\u00f1ana , tarde y de fines de semana , TODOS LOS MESES. SERVICIO [&hellip;]\" \/>\n<meta property=\"og:url\" content=\"https:\/\/campdrive.es\/index.php\/cursos\/\" \/>\n<meta property=\"og:site_name\" content=\"Autoescuela Campdrive\" \/>\n<meta property=\"article:modified_time\" content=\"2020-05-22T11:13:12+00:00\" \/>\n<meta property=\"og:image\" content=\"https:\/\/campdrive.es\/wp-content\/uploads\/2020\/02\/Centro-de-formacion-TRANSPARENTE.png\" \/>\n\t<meta property=\"og:image:width\" content=\"1633\" \/>\n\t<meta property=\"og:image:height\" content=\"601\" \/>\n\t<meta property=\"og:image:type\" content=\"image\/png\" \/>\n<meta name=\"twitter:card\" content=\"summary_large_image\" \/>\n<meta name=\"twitter:label1\" content=\"Tiempo de lectura\" \/>\n\t<meta name=\"twitter:data1\" content=\"1 minuto\" \/>\n<script type=\"application\/ld+json\" class=\"yoast-schema-graph\">{\"@context\":\"https:\\\/\\\/schema.org\",\"@graph\":[{\"@type\":\"WebPage\",\"@id\":\"https:\\\/\\\/campdrive.es\\\/index.php\\\/cursos\\\/\",\"url\":\"https:\\\/\\\/campdrive.es\\\/index.php\\\/cursos\\\/\",\"name\":\"Cursos - Autoescuela Campdrive\",\"isPartOf\":{\"@id\":\"https:\\\/\\\/campdrive.es\\\/#website\"},\"primaryImageOfPage\":{\"@id\":\"https:\\\/\\\/campdrive.es\\\/index.php\\\/cursos\\\/#primaryimage\"},\"image\":{\"@id\":\"https:\\\/\\\/campdrive.es\\\/index.php\\\/cursos\\\/#primaryimage\"},\"thumbnailUrl\":\"https:\\\/\\\/campdrive.es\\\/wp-content\\\/uploads\\\/2020\\\/02\\\/Centro-de-formacion-TRANSPARENTE.png\",\"datePublished\":\"2019-12-07T20:07:09+00:00\",\"dateModified\":\"2020-05-22T11:13:12+00:00\",\"breadcrumb\":{\"@id\":\"https:\\\/\\\/campdrive.es\\\/index.php\\\/cursos\\\/#breadcrumb\"},\"inLanguage\":\"es\",\"potentialAction\":[{\"@type\":\"ReadAction\",\"target\":[\"https:\\\/\\\/campdrive.es\\\/index.php\\\/cursos\\\/\"]}]},{\"@type\":\"ImageObject\",\"inLanguage\":\"es\",\"@id\":\"https:\\\/\\\/campdrive.es\\\/index.php\\\/cursos\\\/#primaryimage\",\"url\":\"https:\\\/\\\/campdrive.es\\\/wp-content\\\/uploads\\\/2020\\\/02\\\/Centro-de-formacion-TRANSPARENTE.png\",\"contentUrl\":\"https:\\\/\\\/campdrive.es\\\/wp-content\\\/uploads\\\/2020\\\/02\\\/Centro-de-formacion-TRANSPARENTE.png\",\"width\":1633,\"height\":601},{\"@type\":\"BreadcrumbList\",\"@id\":\"https:\\\/\\\/campdrive.es\\\/index.php\\\/cursos\\\/#breadcrumb\",\"itemListElement\":[{\"@type\":\"ListItem\",\"position\":1,\"name\":\"Home\",\"item\":\"https:\\\/\\\/campdrive.es\\\/\"},{\"@type\":\"ListItem\",\"position\":2,\"name\":\"Cursos\"}]},{\"@type\":\"WebSite\",\"@id\":\"https:\\\/\\\/campdrive.es\\\/#website\",\"url\":\"https:\\\/\\\/campdrive.es\\\/\",\"name\":\"Autoescuela Campdrive\",\"description\":\"\",\"publisher\":{\"@id\":\"https:\\\/\\\/campdrive.es\\\/#organization\"},\"potentialAction\":[{\"@type\":\"SearchAction\",\"target\":{\"@type\":\"EntryPoint\",\"urlTemplate\":\"https:\\\/\\\/campdrive.es\\\/?s={search_term_string}\"},\"query-input\":{\"@type\":\"PropertyValueSpecification\",\"valueRequired\":true,\"valueName\":\"search_term_string\"}}],\"inLanguage\":\"es\"},{\"@type\":\"Organization\",\"@id\":\"https:\\\/\\\/campdrive.es\\\/#organization\",\"name\":\"Autoescuela Campdrive\",\"url\":\"https:\\\/\\\/campdrive.es\\\/\",\"logo\":{\"@type\":\"ImageObject\",\"inLanguage\":\"es\",\"@id\":\"https:\\\/\\\/campdrive.es\\\/#\\\/schema\\\/logo\\\/image\\\/\",\"url\":\"https:\\\/\\\/campdrive.es\\\/wp-content\\\/uploads\\\/2020\\\/02\\\/Centro-de-formacion-TRANSPARENTE.png\",\"contentUrl\":\"https:\\\/\\\/campdrive.es\\\/wp-content\\\/uploads\\\/2020\\\/02\\\/Centro-de-formacion-TRANSPARENTE.png\",\"width\":1633,\"height\":601,\"caption\":\"Autoescuela Campdrive\"},\"image\":{\"@id\":\"https:\\\/\\\/campdrive.es\\\/#\\\/schema\\\/logo\\\/image\\\/\"}}]}<\/script>\n<!-- \/ Yoast SEO plugin. -->","yoast_head_json":{"title":"Cursos - Autoescuela Campdrive","robots":{"index":"index","follow":"follow","max-snippet":"max-snippet:-1","max-image-preview":"max-image-preview:large","max-video-preview":"max-video-preview:-1"},"canonical":"https:\/\/campdrive.es\/index.php\/cursos\/","og_locale":"es_ES","og_type":"article","og_title":"Cursos - Autoescuela Campdrive","og_description":"Disponemos de multitud de Cursos Profesionales para su formaci\u00f3n CURSOS PARA EMPRESAS y PARTICULARES Curso:&nbsp;Cap Inicial Mercanc\u00edas y Viajeros 140 horas , formaci\u00f3n te\u00f3rica &#8211; pr\u00e1ctica. 98% de APTOS. Horarios Intensivos. CAP Continuo&nbsp;35 HORAS . Horarios de ma\u00f1ana , tarde y de fines de semana , TODOS LOS MESES. SERVICIO [&hellip;]","og_url":"https:\/\/campdrive.es\/index.php\/cursos\/","og_site_name":"Autoescuela Campdrive","article_modified_time":"2020-05-22T11:13:12+00:00","og_image":[{"width":1633,"height":601,"url":"https:\/\/campdrive.es\/wp-content\/uploads\/2020\/02\/Centro-de-formacion-TRANSPARENTE.png","type":"image\/png"}],"twitter_card":"summary_large_image","twitter_misc":{"Tiempo de lectura":"1 minuto"},"schema":{"@context":"https:\/\/schema.org","@graph":[{"@type":"WebPage","@id":"https:\/\/campdrive.es\/index.php\/cursos\/","url":"https:\/\/campdrive.es\/index.php\/cursos\/","name":"Cursos - Autoescuela Campdrive","isPartOf":{"@id":"https:\/\/campdrive.es\/#website"},"primaryImageOfPage":{"@id":"https:\/\/campdrive.es\/index.php\/cursos\/#primaryimage"},"image":{"@id":"https:\/\/campdrive.es\/index.php\/cursos\/#primaryimage"},"thumbnailUrl":"https:\/\/campdrive.es\/wp-content\/uploads\/2020\/02\/Centro-de-formacion-TRANSPARENTE.png","datePublished":"2019-12-07T20:07:09+00:00","dateModified":"2020-05-22T11:13:12+00:00","breadcrumb":{"@id":"https:\/\/campdrive.es\/index.php\/cursos\/#breadcrumb"},"inLanguage":"es","potentialAction":[{"@type":"ReadAction","target":["https:\/\/campdrive.es\/index.php\/cursos\/"]}]},{"@type":"ImageObject","inLanguage":"es","@id":"https:\/\/campdrive.es\/index.php\/cursos\/#primaryimage","url":"https:\/\/campdrive.es\/wp-content\/uploads\/2020\/02\/Centro-de-formacion-TRANSPARENTE.png","contentUrl":"https:\/\/campdrive.es\/wp-content\/uploads\/2020\/02\/Centro-de-formacion-TRANSPARENTE.png","width":1633,"height":601},{"@type":"BreadcrumbList","@id":"https:\/\/campdrive.es\/index.php\/cursos\/#breadcrumb","itemListElement":[{"@type":"ListItem","position":1,"name":"Home","item":"https:\/\/campdrive.es\/"},{"@type":"ListItem","position":2,"name":"Cursos"}]},{"@type":"WebSite","@id":"https:\/\/campdrive.es\/#website","url":"https:\/\/campdrive.es\/","name":"Autoescuela Campdrive","description":"","publisher":{"@id":"https:\/\/campdrive.es\/#organization"},"potentialAction":[{"@type":"SearchAction","target":{"@type":"EntryPoint","urlTemplate":"https:\/\/campdrive.es\/?s={search_term_string}"},"query-input":{"@type":"PropertyValueSpecification","valueRequired":true,"valueName":"search_term_string"}}],"inLanguage":"es"},{"@type":"Organization","@id":"https:\/\/campdrive.es\/#organization","name":"Autoescuela Campdrive","url":"https:\/\/campdrive.es\/","logo":{"@type":"ImageObject","inLanguage":"es","@id":"https:\/\/campdrive.es\/#\/schema\/logo\/image\/","url":"https:\/\/campdrive.es\/wp-content\/uploads\/2020\/02\/Centro-de-formacion-TRANSPARENTE.png","contentUrl":"https:\/\/campdrive.es\/wp-content\/uploads\/2020\/02\/Centro-de-formacion-TRANSPARENTE.png","width":1633,"height":601,"caption":"Autoescuela Campdrive"},"image":{"@id":"https:\/\/campdrive.es\/#\/schema\/logo\/image\/"}}]}},"_links":{"self":[{"href":"https:\/\/campdrive.es\/index.php\/wp-json\/wp\/v2\/pages\/36","targetHints":{"allow":["GET"]}}],"collection":[{"href":"https:\/\/campdrive.es\/index.php\/wp-json\/wp\/v2\/pages"}],"about":[{"href":"https:\/\/campdrive.es\/index.php\/wp-json\/wp\/v2\/types\/page"}],"author":[{"embeddable":true,"href":"https:\/\/campdrive.es\/index.php\/wp-json\/wp\/v2\/users\/1"}],"replies":[{"embeddable":true,"href":"https:\/\/campdrive.es\/index.php\/wp-json\/wp\/v2\/comments?post=36"}],"version-history":[{"count":4,"href":"https:\/\/campdrive.es\/index.php\/wp-json\/wp\/v2\/pages\/36\/revisions"}],"predecessor-version":[{"id":412,"href":"https:\/\/campdrive.es\/index.php\/wp-json\/wp\/v2\/pages\/36\/revisions\/412"}],"wp:featuredmedia":[{"embeddable":true,"href":"https:\/\/campdrive.es\/index.php\/wp-json\/wp\/v2\/media\/67"}],"wp:attachment":[{"href":"https:\/\/campdrive.es\/index.php\/wp-json\/wp\/v2\/media?parent=36"}],"curies":[{"name":"wp","href":"https:\/\/api.w.org\/{rel}","templated":true}]}}