{"id":357,"date":"2020-05-22T19:24:07","date_gmt":"2020-05-22T19:24:07","guid":{"rendered":"https:\/\/campdrive.es\/?page_id=357"},"modified":"2020-05-25T10:59:37","modified_gmt":"2020-05-25T10:59:37","slug":"renovacion-tarjeta-tacografo-y-cap","status":"publish","type":"page","link":"https:\/\/campdrive.es\/index.php\/cursos\/renovacion-tarjeta-tacografo-y-cap\/","title":{"rendered":"SERVICIO DE RENOVACI\u00d3N TARJETA  Tac\u00f3grafo  y CAP"},"content":{"rendered":"\n<figure class=\"wp-block-image size-large is-resized is-style-default\"><img loading=\"lazy\" decoding=\"async\" src=\"https:\/\/campdrive.es\/wp-content\/uploads\/2020\/05\/CAP-CAMPDRIVE.png\" alt=\"\" class=\"wp-image-361\" width=\"565\" height=\"374\" srcset=\"https:\/\/campdrive.es\/wp-content\/uploads\/2020\/05\/CAP-CAMPDRIVE.png 453w, https:\/\/campdrive.es\/wp-content\/uploads\/2020\/05\/CAP-CAMPDRIVE-300x199.png 300w\" sizes=\"auto, (max-width: 565px) 100vw, 565px\" \/><\/figure>\n\n\n\n<h2 class=\"has-accent-color has-text-color has-text-align-center wp-block-heading\">Tramitamos Renovaci\u00f3n Tarjeta Tac\u00f3grafo  <\/h2>\n\n\n\n<figure class=\"wp-block-image size-large is-resized is-style-default\"><img loading=\"lazy\" decoding=\"async\" src=\"https:\/\/campdrive.es\/wp-content\/uploads\/2020\/05\/RENOVACION-TARJETA-TACOGRAFO-1.jpg\" alt=\"\" class=\"wp-image-360\" width=\"397\" height=\"249\"\/><\/figure>\n\n\n\n<p class=\"has-text-align-center\">Si tienes la tarjeta de Tac\u00f3grafo a punto de caducar , has sufrido un robo o p\u00e9rdida  de la misma, te tramitamos tu nueva tarjeta del Tac\u00f3grafo.<\/p>\n\n\n\n<p class=\"has-text-color has-text-align-center has-accent-color\"><strong>Documentaci\u00f3n para renovar la tarjeta de tac\u00f3grafo digital&nbsp;<\/strong>:<\/p>\n\n\n\n<ul class=\"wp-block-list\"><li>Copia DNI&nbsp;en vigor.<\/li><li>Fotograf\u00eda a color tama\u00f1o Dni ( realizamos desde el mismo Centro la fotograf\u00eda ) <\/li><li>Fotocopia de la tarjeta en casos de renovaci\u00f3n. Copia de denuncia por perdida o robo y tarjeta original en casos de mal funcionamiento<\/li><li>Firma y abono de  la tasa entre otros documentos + gastos de gesti\u00f3n  correspondiente <\/li><li>Tardanza 20 -30 d\u00edas aprox. <\/li><\/ul>\n\n\n\n<h2 class=\"has-accent-color has-text-color has-text-align-center wp-block-heading\">Tramitamos Renovaci\u00f3n Tarjeta CAP<\/h2>\n\n\n\n<figure class=\"wp-block-image size-large is-style-default\"><img loading=\"lazy\" decoding=\"async\" width=\"696\" height=\"607\" src=\"https:\/\/campdrive.es\/wp-content\/uploads\/2020\/05\/TARJETA-CAP-RENOVACION.jpg\" alt=\"\" class=\"wp-image-359\" srcset=\"https:\/\/campdrive.es\/wp-content\/uploads\/2020\/05\/TARJETA-CAP-RENOVACION.jpg 696w, https:\/\/campdrive.es\/wp-content\/uploads\/2020\/05\/TARJETA-CAP-RENOVACION-300x262.jpg 300w\" sizes=\"auto, (max-width: 696px) 100vw, 696px\" \/><\/figure>\n\n\n\n<p class=\"has-text-color has-text-align-center has-accent-color\">Realizamos duplicados y Renovaciones de la Tarjeta CAP. <\/p>\n\n\n\n<p class=\"has-text-color has-text-align-center has-accent-color\"><strong>Documentaci\u00f3n para duplicar la tarjeta CAP <\/strong>:<\/p>\n\n\n\n<ul class=\"wp-block-list\"><li>Copia DNI&nbsp;en vigor.<\/li><li>Fotograf\u00eda a color tama\u00f1o Dni ( realizamos desde el mismo Centro la fotograf\u00eda )<\/li><li> Copia de denuncia por perdida o robo y tarjeta original en caso de rotura o tarjeta defectuosa.<\/li><li>Firma y abono de la tasa entre otros documentos + gastos de gesti\u00f3n correspondiente<\/li><li>Tardanza 20 -30 d\u00edas aprox.<\/li><\/ul>\n\n\n\n<figure class=\"wp-block-image size-large is-style-default\"><img loading=\"lazy\" decoding=\"async\" width=\"1018\" height=\"134\" src=\"https:\/\/campdrive.es\/wp-content\/uploads\/2020\/05\/TELEFONO-CAMPDRIVE-10.jpg\" alt=\"\" class=\"wp-image-336\" srcset=\"https:\/\/campdrive.es\/wp-content\/uploads\/2020\/05\/TELEFONO-CAMPDRIVE-10.jpg 1018w, https:\/\/campdrive.es\/wp-content\/uploads\/2020\/05\/TELEFONO-CAMPDRIVE-10-300x39.jpg 300w, https:\/\/campdrive.es\/wp-content\/uploads\/2020\/05\/TELEFONO-CAMPDRIVE-10-768x101.jpg 768w\" sizes=\"auto, (max-width: 1018px) 100vw, 1018px\" \/><\/figure>\n\n\n\n<figure class=\"wp-block-image size-large is-style-default\"><img loading=\"lazy\" decoding=\"async\" width=\"1024\" height=\"332\" src=\"https:\/\/campdrive.es\/wp-content\/uploads\/2020\/05\/pie-foto-con-menos-datos-1024x332.png\" alt=\"\" class=\"wp-image-273\" srcset=\"https:\/\/campdrive.es\/wp-content\/uploads\/2020\/05\/pie-foto-con-menos-datos-1024x332.png 1024w, https:\/\/campdrive.es\/wp-content\/uploads\/2020\/05\/pie-foto-con-menos-datos-300x97.png 300w, https:\/\/campdrive.es\/wp-content\/uploads\/2020\/05\/pie-foto-con-menos-datos-768x249.png 768w, https:\/\/campdrive.es\/wp-content\/uploads\/2020\/05\/pie-foto-con-menos-datos.png 1050w\" sizes=\"auto, (max-width: 1024px) 100vw, 1024px\" \/><\/figure>\n\n\n\n<p><\/p>\n","protected":false},"excerpt":{"rendered":"<p>Tramitamos Renovaci\u00f3n Tarjeta Tac\u00f3grafo Si tienes la tarjeta de Tac\u00f3grafo a punto de caducar , has sufrido un robo o p\u00e9rdida de la misma, te tramitamos tu nueva tarjeta del Tac\u00f3grafo. Documentaci\u00f3n para renovar la tarjeta de tac\u00f3grafo digital&nbsp;: Copia DNI&nbsp;en vigor. Fotograf\u00eda a color tama\u00f1o Dni ( realizamos desde [&hellip;]<\/p>\n","protected":false},"author":2,"featured_media":361,"parent":36,"menu_order":1,"comment_status":"closed","ping_status":"closed","template":"","meta":{"footnotes":""},"class_list":["post-357","page","type-page","status-publish","has-post-thumbnail","hentry"],"yoast_head":"<!-- This site is optimized with the Yoast SEO plugin v27.5 - https:\/\/yoast.com\/product\/yoast-seo-wordpress\/ -->\n<title>SERVICIO DE RENOVACI\u00d3N TARJETA Tac\u00f3grafo y CAP - Autoescuela Campdrive<\/title>\n<meta name=\"robots\" content=\"index, follow, max-snippet:-1, max-image-preview:large, max-video-preview:-1\" \/>\n<link rel=\"canonical\" href=\"https:\/\/campdrive.es\/index.php\/cursos\/renovacion-tarjeta-tacografo-y-cap\/\" \/>\n<meta property=\"og:locale\" content=\"es_ES\" \/>\n<meta property=\"og:type\" content=\"article\" \/>\n<meta property=\"og:title\" content=\"SERVICIO DE RENOVACI\u00d3N TARJETA Tac\u00f3grafo y CAP - Autoescuela Campdrive\" \/>\n<meta property=\"og:description\" content=\"Tramitamos Renovaci\u00f3n Tarjeta Tac\u00f3grafo Si tienes la tarjeta de Tac\u00f3grafo a punto de caducar , has sufrido un robo o p\u00e9rdida de la misma, te tramitamos tu nueva tarjeta del Tac\u00f3grafo. Documentaci\u00f3n para renovar la tarjeta de tac\u00f3grafo digital&nbsp;: Copia DNI&nbsp;en vigor. Fotograf\u00eda a color tama\u00f1o Dni ( realizamos desde [&hellip;]\" \/>\n<meta property=\"og:url\" content=\"https:\/\/campdrive.es\/index.php\/cursos\/renovacion-tarjeta-tacografo-y-cap\/\" \/>\n<meta property=\"og:site_name\" content=\"Autoescuela Campdrive\" \/>\n<meta property=\"article:modified_time\" content=\"2020-05-25T10:59:37+00:00\" \/>\n<meta property=\"og:image\" content=\"https:\/\/campdrive.es\/wp-content\/uploads\/2020\/05\/CAP-CAMPDRIVE.png\" \/>\n\t<meta property=\"og:image:width\" content=\"453\" \/>\n\t<meta property=\"og:image:height\" content=\"300\" \/>\n\t<meta property=\"og:image:type\" content=\"image\/png\" \/>\n<meta name=\"twitter:card\" content=\"summary_large_image\" \/>\n<meta name=\"twitter:label1\" content=\"Tiempo de lectura\" \/>\n\t<meta name=\"twitter:data1\" content=\"1 minuto\" \/>\n<script type=\"application\/ld+json\" class=\"yoast-schema-graph\">{\"@context\":\"https:\\\/\\\/schema.org\",\"@graph\":[{\"@type\":\"WebPage\",\"@id\":\"https:\\\/\\\/campdrive.es\\\/index.php\\\/cursos\\\/renovacion-tarjeta-tacografo-y-cap\\\/\",\"url\":\"https:\\\/\\\/campdrive.es\\\/index.php\\\/cursos\\\/renovacion-tarjeta-tacografo-y-cap\\\/\",\"name\":\"SERVICIO DE RENOVACI\u00d3N TARJETA Tac\u00f3grafo y CAP - Autoescuela Campdrive\",\"isPartOf\":{\"@id\":\"https:\\\/\\\/campdrive.es\\\/#website\"},\"primaryImageOfPage\":{\"@id\":\"https:\\\/\\\/campdrive.es\\\/index.php\\\/cursos\\\/renovacion-tarjeta-tacografo-y-cap\\\/#primaryimage\"},\"image\":{\"@id\":\"https:\\\/\\\/campdrive.es\\\/index.php\\\/cursos\\\/renovacion-tarjeta-tacografo-y-cap\\\/#primaryimage\"},\"thumbnailUrl\":\"https:\\\/\\\/campdrive.es\\\/wp-content\\\/uploads\\\/2020\\\/05\\\/CAP-CAMPDRIVE.png\",\"datePublished\":\"2020-05-22T19:24:07+00:00\",\"dateModified\":\"2020-05-25T10:59:37+00:00\",\"breadcrumb\":{\"@id\":\"https:\\\/\\\/campdrive.es\\\/index.php\\\/cursos\\\/renovacion-tarjeta-tacografo-y-cap\\\/#breadcrumb\"},\"inLanguage\":\"es\",\"potentialAction\":[{\"@type\":\"ReadAction\",\"target\":[\"https:\\\/\\\/campdrive.es\\\/index.php\\\/cursos\\\/renovacion-tarjeta-tacografo-y-cap\\\/\"]}]},{\"@type\":\"ImageObject\",\"inLanguage\":\"es\",\"@id\":\"https:\\\/\\\/campdrive.es\\\/index.php\\\/cursos\\\/renovacion-tarjeta-tacografo-y-cap\\\/#primaryimage\",\"url\":\"https:\\\/\\\/campdrive.es\\\/wp-content\\\/uploads\\\/2020\\\/05\\\/CAP-CAMPDRIVE.png\",\"contentUrl\":\"https:\\\/\\\/campdrive.es\\\/wp-content\\\/uploads\\\/2020\\\/05\\\/CAP-CAMPDRIVE.png\",\"width\":453,\"height\":300},{\"@type\":\"BreadcrumbList\",\"@id\":\"https:\\\/\\\/campdrive.es\\\/index.php\\\/cursos\\\/renovacion-tarjeta-tacografo-y-cap\\\/#breadcrumb\",\"itemListElement\":[{\"@type\":\"ListItem\",\"position\":1,\"name\":\"Home\",\"item\":\"https:\\\/\\\/campdrive.es\\\/\"},{\"@type\":\"ListItem\",\"position\":2,\"name\":\"Cursos\",\"item\":\"https:\\\/\\\/campdrive.es\\\/index.php\\\/cursos\\\/\"},{\"@type\":\"ListItem\",\"position\":3,\"name\":\"SERVICIO DE RENOVACI\u00d3N TARJETA Tac\u00f3grafo y CAP\"}]},{\"@type\":\"WebSite\",\"@id\":\"https:\\\/\\\/campdrive.es\\\/#website\",\"url\":\"https:\\\/\\\/campdrive.es\\\/\",\"name\":\"Autoescuela Campdrive\",\"description\":\"\",\"publisher\":{\"@id\":\"https:\\\/\\\/campdrive.es\\\/#organization\"},\"potentialAction\":[{\"@type\":\"SearchAction\",\"target\":{\"@type\":\"EntryPoint\",\"urlTemplate\":\"https:\\\/\\\/campdrive.es\\\/?s={search_term_string}\"},\"query-input\":{\"@type\":\"PropertyValueSpecification\",\"valueRequired\":true,\"valueName\":\"search_term_string\"}}],\"inLanguage\":\"es\"},{\"@type\":\"Organization\",\"@id\":\"https:\\\/\\\/campdrive.es\\\/#organization\",\"name\":\"Autoescuela Campdrive\",\"url\":\"https:\\\/\\\/campdrive.es\\\/\",\"logo\":{\"@type\":\"ImageObject\",\"inLanguage\":\"es\",\"@id\":\"https:\\\/\\\/campdrive.es\\\/#\\\/schema\\\/logo\\\/image\\\/\",\"url\":\"https:\\\/\\\/campdrive.es\\\/wp-content\\\/uploads\\\/2020\\\/02\\\/Centro-de-formacion-TRANSPARENTE.png\",\"contentUrl\":\"https:\\\/\\\/campdrive.es\\\/wp-content\\\/uploads\\\/2020\\\/02\\\/Centro-de-formacion-TRANSPARENTE.png\",\"width\":1633,\"height\":601,\"caption\":\"Autoescuela Campdrive\"},\"image\":{\"@id\":\"https:\\\/\\\/campdrive.es\\\/#\\\/schema\\\/logo\\\/image\\\/\"}}]}<\/script>\n<!-- \/ Yoast SEO plugin. -->","yoast_head_json":{"title":"SERVICIO DE RENOVACI\u00d3N TARJETA Tac\u00f3grafo y CAP - Autoescuela Campdrive","robots":{"index":"index","follow":"follow","max-snippet":"max-snippet:-1","max-image-preview":"max-image-preview:large","max-video-preview":"max-video-preview:-1"},"canonical":"https:\/\/campdrive.es\/index.php\/cursos\/renovacion-tarjeta-tacografo-y-cap\/","og_locale":"es_ES","og_type":"article","og_title":"SERVICIO DE RENOVACI\u00d3N TARJETA Tac\u00f3grafo y CAP - Autoescuela Campdrive","og_description":"Tramitamos Renovaci\u00f3n Tarjeta Tac\u00f3grafo Si tienes la tarjeta de Tac\u00f3grafo a punto de caducar , has sufrido un robo o p\u00e9rdida de la misma, te tramitamos tu nueva tarjeta del Tac\u00f3grafo. Documentaci\u00f3n para renovar la tarjeta de tac\u00f3grafo digital&nbsp;: Copia DNI&nbsp;en vigor. Fotograf\u00eda a color tama\u00f1o Dni ( realizamos desde [&hellip;]","og_url":"https:\/\/campdrive.es\/index.php\/cursos\/renovacion-tarjeta-tacografo-y-cap\/","og_site_name":"Autoescuela Campdrive","article_modified_time":"2020-05-25T10:59:37+00:00","og_image":[{"width":453,"height":300,"url":"https:\/\/campdrive.es\/wp-content\/uploads\/2020\/05\/CAP-CAMPDRIVE.png","type":"image\/png"}],"twitter_card":"summary_large_image","twitter_misc":{"Tiempo de lectura":"1 minuto"},"schema":{"@context":"https:\/\/schema.org","@graph":[{"@type":"WebPage","@id":"https:\/\/campdrive.es\/index.php\/cursos\/renovacion-tarjeta-tacografo-y-cap\/","url":"https:\/\/campdrive.es\/index.php\/cursos\/renovacion-tarjeta-tacografo-y-cap\/","name":"SERVICIO DE RENOVACI\u00d3N TARJETA Tac\u00f3grafo y CAP - Autoescuela Campdrive","isPartOf":{"@id":"https:\/\/campdrive.es\/#website"},"primaryImageOfPage":{"@id":"https:\/\/campdrive.es\/index.php\/cursos\/renovacion-tarjeta-tacografo-y-cap\/#primaryimage"},"image":{"@id":"https:\/\/campdrive.es\/index.php\/cursos\/renovacion-tarjeta-tacografo-y-cap\/#primaryimage"},"thumbnailUrl":"https:\/\/campdrive.es\/wp-content\/uploads\/2020\/05\/CAP-CAMPDRIVE.png","datePublished":"2020-05-22T19:24:07+00:00","dateModified":"2020-05-25T10:59:37+00:00","breadcrumb":{"@id":"https:\/\/campdrive.es\/index.php\/cursos\/renovacion-tarjeta-tacografo-y-cap\/#breadcrumb"},"inLanguage":"es","potentialAction":[{"@type":"ReadAction","target":["https:\/\/campdrive.es\/index.php\/cursos\/renovacion-tarjeta-tacografo-y-cap\/"]}]},{"@type":"ImageObject","inLanguage":"es","@id":"https:\/\/campdrive.es\/index.php\/cursos\/renovacion-tarjeta-tacografo-y-cap\/#primaryimage","url":"https:\/\/campdrive.es\/wp-content\/uploads\/2020\/05\/CAP-CAMPDRIVE.png","contentUrl":"https:\/\/campdrive.es\/wp-content\/uploads\/2020\/05\/CAP-CAMPDRIVE.png","width":453,"height":300},{"@type":"BreadcrumbList","@id":"https:\/\/campdrive.es\/index.php\/cursos\/renovacion-tarjeta-tacografo-y-cap\/#breadcrumb","itemListElement":[{"@type":"ListItem","position":1,"name":"Home","item":"https:\/\/campdrive.es\/"},{"@type":"ListItem","position":2,"name":"Cursos","item":"https:\/\/campdrive.es\/index.php\/cursos\/"},{"@type":"ListItem","position":3,"name":"SERVICIO DE RENOVACI\u00d3N TARJETA Tac\u00f3grafo y CAP"}]},{"@type":"WebSite","@id":"https:\/\/campdrive.es\/#website","url":"https:\/\/campdrive.es\/","name":"Autoescuela Campdrive","description":"","publisher":{"@id":"https:\/\/campdrive.es\/#organization"},"potentialAction":[{"@type":"SearchAction","target":{"@type":"EntryPoint","urlTemplate":"https:\/\/campdrive.es\/?s={search_term_string}"},"query-input":{"@type":"PropertyValueSpecification","valueRequired":true,"valueName":"search_term_string"}}],"inLanguage":"es"},{"@type":"Organization","@id":"https:\/\/campdrive.es\/#organization","name":"Autoescuela Campdrive","url":"https:\/\/campdrive.es\/","logo":{"@type":"ImageObject","inLanguage":"es","@id":"https:\/\/campdrive.es\/#\/schema\/logo\/image\/","url":"https:\/\/campdrive.es\/wp-content\/uploads\/2020\/02\/Centro-de-formacion-TRANSPARENTE.png","contentUrl":"https:\/\/campdrive.es\/wp-content\/uploads\/2020\/02\/Centro-de-formacion-TRANSPARENTE.png","width":1633,"height":601,"caption":"Autoescuela Campdrive"},"image":{"@id":"https:\/\/campdrive.es\/#\/schema\/logo\/image\/"}}]}},"_links":{"self":[{"href":"https:\/\/campdrive.es\/index.php\/wp-json\/wp\/v2\/pages\/357","targetHints":{"allow":["GET"]}}],"collection":[{"href":"https:\/\/campdrive.es\/index.php\/wp-json\/wp\/v2\/pages"}],"about":[{"href":"https:\/\/campdrive.es\/index.php\/wp-json\/wp\/v2\/types\/page"}],"author":[{"embeddable":true,"href":"https:\/\/campdrive.es\/index.php\/wp-json\/wp\/v2\/users\/2"}],"replies":[{"embeddable":true,"href":"https:\/\/campdrive.es\/index.php\/wp-json\/wp\/v2\/comments?post=357"}],"version-history":[{"count":3,"href":"https:\/\/campdrive.es\/index.php\/wp-json\/wp\/v2\/pages\/357\/revisions"}],"predecessor-version":[{"id":371,"href":"https:\/\/campdrive.es\/index.php\/wp-json\/wp\/v2\/pages\/357\/revisions\/371"}],"up":[{"embeddable":true,"href":"https:\/\/campdrive.es\/index.php\/wp-json\/wp\/v2\/pages\/36"}],"wp:featuredmedia":[{"embeddable":true,"href":"https:\/\/campdrive.es\/index.php\/wp-json\/wp\/v2\/media\/361"}],"wp:attachment":[{"href":"https:\/\/campdrive.es\/index.php\/wp-json\/wp\/v2\/media?parent=357"}],"curies":[{"name":"wp","href":"https:\/\/api.w.org\/{rel}","templated":true}]}}