{"id":34,"date":"2019-12-07T20:06:47","date_gmt":"2019-12-07T20:06:47","guid":{"rendered":"https:\/\/campdrive.es\/?page_id=34"},"modified":"2020-05-22T18:58:57","modified_gmt":"2020-05-22T18:58:57","slug":"permisos","status":"publish","type":"page","link":"https:\/\/campdrive.es\/index.php\/permisos\/","title":{"rendered":"Permisos"},"content":{"rendered":"\n<figure class=\"wp-block-image size-large is-style-default\"><img loading=\"lazy\" decoding=\"async\" width=\"1024\" height=\"332\" src=\"https:\/\/campdrive.es\/wp-content\/uploads\/2020\/05\/pie-foto-con-menos-datos-1-1024x332.png\" alt=\"\" class=\"wp-image-275\" srcset=\"https:\/\/campdrive.es\/wp-content\/uploads\/2020\/05\/pie-foto-con-menos-datos-1-1024x332.png 1024w, https:\/\/campdrive.es\/wp-content\/uploads\/2020\/05\/pie-foto-con-menos-datos-1-300x97.png 300w, https:\/\/campdrive.es\/wp-content\/uploads\/2020\/05\/pie-foto-con-menos-datos-1-768x249.png 768w, https:\/\/campdrive.es\/wp-content\/uploads\/2020\/05\/pie-foto-con-menos-datos-1.png 1050w\" sizes=\"auto, (max-width: 1024px) 100vw, 1024px\" \/><\/figure>\n\n\n\n<p class=\"has-text-color has-background has-text-align-center has-accent-color has-background-color-background-color\">Disponemos de todos los permisos : <strong>MOTO , COCHE , CAMI\u00d3N , TRAILER, AUTOB\u00daS,<\/strong> al mejor precio y con los mejores PROFESIONALES de la conducci\u00f3n .<\/p>\n\n\n\n<p class=\"has-text-color has-background has-background-color-color has-accent-background-color\">Cursos PROFESIONALES : <strong>Cap Inicial , CAP Continuo <\/strong> 35 HORAS <\/p>\n\n\n\n<p class=\"has-text-color has-background has-text-align-center has-accent-color has-background-color-background-color\">CURSO Presencial  <strong>ADR MERCANCIAS PELIGROSAS<\/strong>: B\u00c1SICO &#8211; CISTERNAS- EXPLOSIVOS &#8211; RADIACTIVOS &#8211;  Preparaci\u00f3n para el examen DGT.<\/p>\n\n\n\n<p class=\"has-text-color has-background has-background-color-color has-accent-background-color\">CURSO de <strong>Manipulador de Plaguicidas<\/strong> ( Carnet Fito-Sanitario) B\u00e1sico y Profesional . Cursos Presenciales.<\/p>\n\n\n\n<p class=\"has-text-color has-background has-text-align-center has-accent-color has-background-color-background-color\">CURSO DE <strong>Tratamiento de Piscinas<\/strong>. Preparaci\u00f3n Ajustada a la normativa vigente.<\/p>\n\n\n\n<p class=\"has-text-color has-background has-text-align-center has-background-color-color has-accent-background-color\">CURSO DE <strong>Manipulaci\u00f3n de Alimentos <\/strong><\/p>\n\n\n\n<p class=\"has-text-color has-background has-text-align-center has-accent-color has-background-color-background-color\">CURSO de <strong>Transporte de Animales Vivos<\/strong> ( Bienestar Animal ) <\/p>\n\n\n\n<p class=\"has-text-color has-background has-text-align-center has-background-color-color has-accent-background-color\">CURSO Te\u00f3rico Pr\u00e1ctico <strong>CARRETILLA y PLATAFORMAS ELEVADORAS<\/strong><\/p>\n\n\n\n<p class=\"has-text-color has-background has-text-align-center has-accent-color has-background-color-background-color\">Tambi\u00e9n Realizamos <strong>DUPLICADOS POR PERDIDA O ROBO TARJETA CAP y RENOVACI\u00d3N TARJETA FOT\u00d3GRAFO<\/strong><\/p>\n","protected":false},"excerpt":{"rendered":"<p>Disponemos de todos los permisos : MOTO , COCHE , CAMI\u00d3N , TRAILER, AUTOB\u00daS, al mejor precio y con los mejores PROFESIONALES de la conducci\u00f3n . Cursos PROFESIONALES : Cap Inicial , CAP Continuo 35 HORAS CURSO Presencial ADR MERCANCIAS PELIGROSAS: B\u00c1SICO &#8211; CISTERNAS- EXPLOSIVOS &#8211; RADIACTIVOS &#8211; Preparaci\u00f3n para [&hellip;]<\/p>\n","protected":false},"author":1,"featured_media":67,"parent":0,"menu_order":0,"comment_status":"closed","ping_status":"closed","template":"","meta":{"footnotes":""},"class_list":["post-34","page","type-page","status-publish","has-post-thumbnail","hentry"],"yoast_head":"<!-- This site is optimized with the Yoast SEO plugin v27.5 - https:\/\/yoast.com\/product\/yoast-seo-wordpress\/ -->\n<title>Permisos - Autoescuela Campdrive<\/title>\n<meta name=\"robots\" content=\"index, follow, max-snippet:-1, max-image-preview:large, max-video-preview:-1\" \/>\n<link rel=\"canonical\" href=\"https:\/\/campdrive.es\/index.php\/permisos\/\" \/>\n<meta property=\"og:locale\" content=\"es_ES\" \/>\n<meta property=\"og:type\" content=\"article\" \/>\n<meta property=\"og:title\" content=\"Permisos - Autoescuela Campdrive\" \/>\n<meta property=\"og:description\" content=\"Disponemos de todos los permisos : MOTO , COCHE , CAMI\u00d3N , TRAILER, AUTOB\u00daS, al mejor precio y con los mejores PROFESIONALES de la conducci\u00f3n . Cursos PROFESIONALES : Cap Inicial , CAP Continuo 35 HORAS CURSO Presencial ADR MERCANCIAS PELIGROSAS: B\u00c1SICO &#8211; CISTERNAS- EXPLOSIVOS &#8211; RADIACTIVOS &#8211; Preparaci\u00f3n para [&hellip;]\" \/>\n<meta property=\"og:url\" content=\"https:\/\/campdrive.es\/index.php\/permisos\/\" \/>\n<meta property=\"og:site_name\" content=\"Autoescuela Campdrive\" \/>\n<meta property=\"article:modified_time\" content=\"2020-05-22T18:58:57+00:00\" \/>\n<meta property=\"og:image\" content=\"https:\/\/campdrive.es\/wp-content\/uploads\/2020\/02\/Centro-de-formacion-TRANSPARENTE.png\" \/>\n\t<meta property=\"og:image:width\" content=\"1633\" \/>\n\t<meta property=\"og:image:height\" content=\"601\" \/>\n\t<meta property=\"og:image:type\" content=\"image\/png\" \/>\n<meta name=\"twitter:card\" content=\"summary_large_image\" \/>\n<meta name=\"twitter:label1\" content=\"Tiempo de lectura\" \/>\n\t<meta name=\"twitter:data1\" content=\"1 minuto\" \/>\n<script type=\"application\/ld+json\" class=\"yoast-schema-graph\">{\"@context\":\"https:\\\/\\\/schema.org\",\"@graph\":[{\"@type\":\"WebPage\",\"@id\":\"https:\\\/\\\/campdrive.es\\\/index.php\\\/permisos\\\/\",\"url\":\"https:\\\/\\\/campdrive.es\\\/index.php\\\/permisos\\\/\",\"name\":\"Permisos - Autoescuela Campdrive\",\"isPartOf\":{\"@id\":\"https:\\\/\\\/campdrive.es\\\/#website\"},\"primaryImageOfPage\":{\"@id\":\"https:\\\/\\\/campdrive.es\\\/index.php\\\/permisos\\\/#primaryimage\"},\"image\":{\"@id\":\"https:\\\/\\\/campdrive.es\\\/index.php\\\/permisos\\\/#primaryimage\"},\"thumbnailUrl\":\"https:\\\/\\\/campdrive.es\\\/wp-content\\\/uploads\\\/2020\\\/02\\\/Centro-de-formacion-TRANSPARENTE.png\",\"datePublished\":\"2019-12-07T20:06:47+00:00\",\"dateModified\":\"2020-05-22T18:58:57+00:00\",\"breadcrumb\":{\"@id\":\"https:\\\/\\\/campdrive.es\\\/index.php\\\/permisos\\\/#breadcrumb\"},\"inLanguage\":\"es\",\"potentialAction\":[{\"@type\":\"ReadAction\",\"target\":[\"https:\\\/\\\/campdrive.es\\\/index.php\\\/permisos\\\/\"]}]},{\"@type\":\"ImageObject\",\"inLanguage\":\"es\",\"@id\":\"https:\\\/\\\/campdrive.es\\\/index.php\\\/permisos\\\/#primaryimage\",\"url\":\"https:\\\/\\\/campdrive.es\\\/wp-content\\\/uploads\\\/2020\\\/02\\\/Centro-de-formacion-TRANSPARENTE.png\",\"contentUrl\":\"https:\\\/\\\/campdrive.es\\\/wp-content\\\/uploads\\\/2020\\\/02\\\/Centro-de-formacion-TRANSPARENTE.png\",\"width\":1633,\"height\":601},{\"@type\":\"BreadcrumbList\",\"@id\":\"https:\\\/\\\/campdrive.es\\\/index.php\\\/permisos\\\/#breadcrumb\",\"itemListElement\":[{\"@type\":\"ListItem\",\"position\":1,\"name\":\"Home\",\"item\":\"https:\\\/\\\/campdrive.es\\\/\"},{\"@type\":\"ListItem\",\"position\":2,\"name\":\"Permisos\"}]},{\"@type\":\"WebSite\",\"@id\":\"https:\\\/\\\/campdrive.es\\\/#website\",\"url\":\"https:\\\/\\\/campdrive.es\\\/\",\"name\":\"Autoescuela Campdrive\",\"description\":\"\",\"publisher\":{\"@id\":\"https:\\\/\\\/campdrive.es\\\/#organization\"},\"potentialAction\":[{\"@type\":\"SearchAction\",\"target\":{\"@type\":\"EntryPoint\",\"urlTemplate\":\"https:\\\/\\\/campdrive.es\\\/?s={search_term_string}\"},\"query-input\":{\"@type\":\"PropertyValueSpecification\",\"valueRequired\":true,\"valueName\":\"search_term_string\"}}],\"inLanguage\":\"es\"},{\"@type\":\"Organization\",\"@id\":\"https:\\\/\\\/campdrive.es\\\/#organization\",\"name\":\"Autoescuela Campdrive\",\"url\":\"https:\\\/\\\/campdrive.es\\\/\",\"logo\":{\"@type\":\"ImageObject\",\"inLanguage\":\"es\",\"@id\":\"https:\\\/\\\/campdrive.es\\\/#\\\/schema\\\/logo\\\/image\\\/\",\"url\":\"https:\\\/\\\/campdrive.es\\\/wp-content\\\/uploads\\\/2020\\\/02\\\/Centro-de-formacion-TRANSPARENTE.png\",\"contentUrl\":\"https:\\\/\\\/campdrive.es\\\/wp-content\\\/uploads\\\/2020\\\/02\\\/Centro-de-formacion-TRANSPARENTE.png\",\"width\":1633,\"height\":601,\"caption\":\"Autoescuela Campdrive\"},\"image\":{\"@id\":\"https:\\\/\\\/campdrive.es\\\/#\\\/schema\\\/logo\\\/image\\\/\"}}]}<\/script>\n<!-- \/ Yoast SEO plugin. -->","yoast_head_json":{"title":"Permisos - Autoescuela Campdrive","robots":{"index":"index","follow":"follow","max-snippet":"max-snippet:-1","max-image-preview":"max-image-preview:large","max-video-preview":"max-video-preview:-1"},"canonical":"https:\/\/campdrive.es\/index.php\/permisos\/","og_locale":"es_ES","og_type":"article","og_title":"Permisos - Autoescuela Campdrive","og_description":"Disponemos de todos los permisos : MOTO , COCHE , CAMI\u00d3N , TRAILER, AUTOB\u00daS, al mejor precio y con los mejores PROFESIONALES de la conducci\u00f3n . Cursos PROFESIONALES : Cap Inicial , CAP Continuo 35 HORAS CURSO Presencial ADR MERCANCIAS PELIGROSAS: B\u00c1SICO &#8211; CISTERNAS- EXPLOSIVOS &#8211; RADIACTIVOS &#8211; Preparaci\u00f3n para [&hellip;]","og_url":"https:\/\/campdrive.es\/index.php\/permisos\/","og_site_name":"Autoescuela Campdrive","article_modified_time":"2020-05-22T18:58:57+00:00","og_image":[{"width":1633,"height":601,"url":"https:\/\/campdrive.es\/wp-content\/uploads\/2020\/02\/Centro-de-formacion-TRANSPARENTE.png","type":"image\/png"}],"twitter_card":"summary_large_image","twitter_misc":{"Tiempo de lectura":"1 minuto"},"schema":{"@context":"https:\/\/schema.org","@graph":[{"@type":"WebPage","@id":"https:\/\/campdrive.es\/index.php\/permisos\/","url":"https:\/\/campdrive.es\/index.php\/permisos\/","name":"Permisos - Autoescuela Campdrive","isPartOf":{"@id":"https:\/\/campdrive.es\/#website"},"primaryImageOfPage":{"@id":"https:\/\/campdrive.es\/index.php\/permisos\/#primaryimage"},"image":{"@id":"https:\/\/campdrive.es\/index.php\/permisos\/#primaryimage"},"thumbnailUrl":"https:\/\/campdrive.es\/wp-content\/uploads\/2020\/02\/Centro-de-formacion-TRANSPARENTE.png","datePublished":"2019-12-07T20:06:47+00:00","dateModified":"2020-05-22T18:58:57+00:00","breadcrumb":{"@id":"https:\/\/campdrive.es\/index.php\/permisos\/#breadcrumb"},"inLanguage":"es","potentialAction":[{"@type":"ReadAction","target":["https:\/\/campdrive.es\/index.php\/permisos\/"]}]},{"@type":"ImageObject","inLanguage":"es","@id":"https:\/\/campdrive.es\/index.php\/permisos\/#primaryimage","url":"https:\/\/campdrive.es\/wp-content\/uploads\/2020\/02\/Centro-de-formacion-TRANSPARENTE.png","contentUrl":"https:\/\/campdrive.es\/wp-content\/uploads\/2020\/02\/Centro-de-formacion-TRANSPARENTE.png","width":1633,"height":601},{"@type":"BreadcrumbList","@id":"https:\/\/campdrive.es\/index.php\/permisos\/#breadcrumb","itemListElement":[{"@type":"ListItem","position":1,"name":"Home","item":"https:\/\/campdrive.es\/"},{"@type":"ListItem","position":2,"name":"Permisos"}]},{"@type":"WebSite","@id":"https:\/\/campdrive.es\/#website","url":"https:\/\/campdrive.es\/","name":"Autoescuela Campdrive","description":"","publisher":{"@id":"https:\/\/campdrive.es\/#organization"},"potentialAction":[{"@type":"SearchAction","target":{"@type":"EntryPoint","urlTemplate":"https:\/\/campdrive.es\/?s={search_term_string}"},"query-input":{"@type":"PropertyValueSpecification","valueRequired":true,"valueName":"search_term_string"}}],"inLanguage":"es"},{"@type":"Organization","@id":"https:\/\/campdrive.es\/#organization","name":"Autoescuela Campdrive","url":"https:\/\/campdrive.es\/","logo":{"@type":"ImageObject","inLanguage":"es","@id":"https:\/\/campdrive.es\/#\/schema\/logo\/image\/","url":"https:\/\/campdrive.es\/wp-content\/uploads\/2020\/02\/Centro-de-formacion-TRANSPARENTE.png","contentUrl":"https:\/\/campdrive.es\/wp-content\/uploads\/2020\/02\/Centro-de-formacion-TRANSPARENTE.png","width":1633,"height":601,"caption":"Autoescuela Campdrive"},"image":{"@id":"https:\/\/campdrive.es\/#\/schema\/logo\/image\/"}}]}},"_links":{"self":[{"href":"https:\/\/campdrive.es\/index.php\/wp-json\/wp\/v2\/pages\/34","targetHints":{"allow":["GET"]}}],"collection":[{"href":"https:\/\/campdrive.es\/index.php\/wp-json\/wp\/v2\/pages"}],"about":[{"href":"https:\/\/campdrive.es\/index.php\/wp-json\/wp\/v2\/types\/page"}],"author":[{"embeddable":true,"href":"https:\/\/campdrive.es\/index.php\/wp-json\/wp\/v2\/users\/1"}],"replies":[{"embeddable":true,"href":"https:\/\/campdrive.es\/index.php\/wp-json\/wp\/v2\/comments?post=34"}],"version-history":[{"count":5,"href":"https:\/\/campdrive.es\/index.php\/wp-json\/wp\/v2\/pages\/34\/revisions"}],"predecessor-version":[{"id":356,"href":"https:\/\/campdrive.es\/index.php\/wp-json\/wp\/v2\/pages\/34\/revisions\/356"}],"wp:featuredmedia":[{"embeddable":true,"href":"https:\/\/campdrive.es\/index.php\/wp-json\/wp\/v2\/media\/67"}],"wp:attachment":[{"href":"https:\/\/campdrive.es\/index.php\/wp-json\/wp\/v2\/media?parent=34"}],"curies":[{"name":"wp","href":"https:\/\/api.w.org\/{rel}","templated":true}]}}