{"id":178,"date":"2020-04-07T14:12:49","date_gmt":"2020-04-07T14:12:49","guid":{"rendered":"https:\/\/campdrive.es\/?page_id=178"},"modified":"2020-05-22T12:00:22","modified_gmt":"2020-05-22T12:00:22","slug":"cursos-fitosanitario","status":"publish","type":"page","link":"https:\/\/campdrive.es\/index.php\/cursos\/cursos-fitosanitario\/","title":{"rendered":"FITOSANITARIO"},"content":{"rendered":"\n<figure class=\"wp-block-image size-large is-style-default\"><img loading=\"lazy\" decoding=\"async\" width=\"693\" height=\"286\" src=\"https:\/\/campdrive.es\/wp-content\/uploads\/2020\/05\/PLAGUICIDAS.jpg\" alt=\"\" class=\"wp-image-335\" srcset=\"https:\/\/campdrive.es\/wp-content\/uploads\/2020\/05\/PLAGUICIDAS.jpg 693w, https:\/\/campdrive.es\/wp-content\/uploads\/2020\/05\/PLAGUICIDAS-300x124.jpg 300w\" sizes=\"auto, (max-width: 693px) 100vw, 693px\" \/><\/figure>\n\n\n\n<h2 class=\"has-accent-color has-text-color has-text-align-center wp-block-heading\">CARNET FITOSANITARIO<\/h2>\n\n\n\n<h2 class=\"has-accent-color has-text-color has-text-align-center wp-block-heading\">Si eres agricultor, particular o un vendedor de productos fitosanitarios , ESTE ES TU CURSO<\/h2>\n\n\n\n<p class=\"has-text-color has-background has-text-align-center has-background-color-color has-accent-background-color\">El Real Decreto 1311\/2012 de 14 de Septiembre, es el que da el car\u00e1cter obligatorio a la formaci\u00f3n en Manipulaci\u00f3n de Productos Fitosanitarios a todos los usuarios profesionales y vendedores de productos fitosanitarios. <\/p>\n\n\n\n<p class=\"has-text-color has-text-align-center has-accent-color\"><strong>DOS TIPOS DE FORMACI\u00d3N<\/strong>: <strong>Nivel b\u00e1sico<\/strong> : 25 horas , y <strong>Nivel Cualificado<\/strong> : 60 horas.<\/p>\n\n\n\n<h2 class=\"has-accent-color has-text-color has-text-align-center wp-block-heading\">REALIZAMOS CURSOS EN MODALIDAD PRESENCIAL     NUEVOS CURSOS TODOS LOS MESES<\/h2>\n\n\n\n<figure class=\"wp-block-image size-large is-style-default\"><img loading=\"lazy\" decoding=\"async\" width=\"1018\" height=\"134\" src=\"https:\/\/campdrive.es\/wp-content\/uploads\/2020\/05\/TELEFONO-CAMPDRIVE-10.jpg\" alt=\"\" class=\"wp-image-336\" srcset=\"https:\/\/campdrive.es\/wp-content\/uploads\/2020\/05\/TELEFONO-CAMPDRIVE-10.jpg 1018w, https:\/\/campdrive.es\/wp-content\/uploads\/2020\/05\/TELEFONO-CAMPDRIVE-10-300x39.jpg 300w, https:\/\/campdrive.es\/wp-content\/uploads\/2020\/05\/TELEFONO-CAMPDRIVE-10-768x101.jpg 768w\" sizes=\"auto, (max-width: 1018px) 100vw, 1018px\" \/><\/figure>\n\n\n\n<figure class=\"wp-block-image size-large is-style-default\"><img loading=\"lazy\" decoding=\"async\" width=\"1024\" height=\"332\" src=\"https:\/\/campdrive.es\/wp-content\/uploads\/2020\/05\/campdrive-7-1024x332.png\" alt=\"\" class=\"wp-image-337\" srcset=\"https:\/\/campdrive.es\/wp-content\/uploads\/2020\/05\/campdrive-7-1024x332.png 1024w, https:\/\/campdrive.es\/wp-content\/uploads\/2020\/05\/campdrive-7-300x97.png 300w, https:\/\/campdrive.es\/wp-content\/uploads\/2020\/05\/campdrive-7-768x249.png 768w, https:\/\/campdrive.es\/wp-content\/uploads\/2020\/05\/campdrive-7.png 1050w\" sizes=\"auto, (max-width: 1024px) 100vw, 1024px\" \/><\/figure>\n","protected":false},"excerpt":{"rendered":"<p>CARNET FITOSANITARIO Si eres agricultor, particular o un vendedor de productos fitosanitarios , ESTE ES TU CURSO El Real Decreto 1311\/2012 de 14 de Septiembre, es el que da el car\u00e1cter obligatorio a la formaci\u00f3n en Manipulaci\u00f3n de Productos Fitosanitarios a todos los usuarios profesionales y vendedores de productos fitosanitarios. [&hellip;]<\/p>\n","protected":false},"author":2,"featured_media":67,"parent":36,"menu_order":4,"comment_status":"closed","ping_status":"closed","template":"","meta":{"footnotes":""},"class_list":["post-178","page","type-page","status-publish","has-post-thumbnail","hentry"],"yoast_head":"<!-- This site is optimized with the Yoast SEO plugin v27.5 - https:\/\/yoast.com\/product\/yoast-seo-wordpress\/ -->\n<title>FITOSANITARIO - Autoescuela Campdrive<\/title>\n<meta name=\"robots\" content=\"index, follow, max-snippet:-1, max-image-preview:large, max-video-preview:-1\" \/>\n<link rel=\"canonical\" href=\"https:\/\/campdrive.es\/index.php\/cursos\/cursos-fitosanitario\/\" \/>\n<meta property=\"og:locale\" content=\"es_ES\" \/>\n<meta property=\"og:type\" content=\"article\" \/>\n<meta property=\"og:title\" content=\"FITOSANITARIO - Autoescuela Campdrive\" \/>\n<meta property=\"og:description\" content=\"CARNET FITOSANITARIO Si eres agricultor, particular o un vendedor de productos fitosanitarios , ESTE ES TU CURSO El Real Decreto 1311\/2012 de 14 de Septiembre, es el que da el car\u00e1cter obligatorio a la formaci\u00f3n en Manipulaci\u00f3n de Productos Fitosanitarios a todos los usuarios profesionales y vendedores de productos fitosanitarios. [&hellip;]\" \/>\n<meta property=\"og:url\" content=\"https:\/\/campdrive.es\/index.php\/cursos\/cursos-fitosanitario\/\" \/>\n<meta property=\"og:site_name\" content=\"Autoescuela Campdrive\" \/>\n<meta property=\"article:modified_time\" content=\"2020-05-22T12:00:22+00:00\" \/>\n<meta property=\"og:image\" content=\"https:\/\/campdrive.es\/wp-content\/uploads\/2020\/02\/Centro-de-formacion-TRANSPARENTE.png\" \/>\n\t<meta property=\"og:image:width\" content=\"1633\" \/>\n\t<meta property=\"og:image:height\" content=\"601\" \/>\n\t<meta property=\"og:image:type\" content=\"image\/png\" \/>\n<meta name=\"twitter:card\" content=\"summary_large_image\" \/>\n<script type=\"application\/ld+json\" class=\"yoast-schema-graph\">{\"@context\":\"https:\\\/\\\/schema.org\",\"@graph\":[{\"@type\":\"WebPage\",\"@id\":\"https:\\\/\\\/campdrive.es\\\/index.php\\\/cursos\\\/cursos-fitosanitario\\\/\",\"url\":\"https:\\\/\\\/campdrive.es\\\/index.php\\\/cursos\\\/cursos-fitosanitario\\\/\",\"name\":\"FITOSANITARIO - Autoescuela Campdrive\",\"isPartOf\":{\"@id\":\"https:\\\/\\\/campdrive.es\\\/#website\"},\"primaryImageOfPage\":{\"@id\":\"https:\\\/\\\/campdrive.es\\\/index.php\\\/cursos\\\/cursos-fitosanitario\\\/#primaryimage\"},\"image\":{\"@id\":\"https:\\\/\\\/campdrive.es\\\/index.php\\\/cursos\\\/cursos-fitosanitario\\\/#primaryimage\"},\"thumbnailUrl\":\"https:\\\/\\\/campdrive.es\\\/wp-content\\\/uploads\\\/2020\\\/02\\\/Centro-de-formacion-TRANSPARENTE.png\",\"datePublished\":\"2020-04-07T14:12:49+00:00\",\"dateModified\":\"2020-05-22T12:00:22+00:00\",\"breadcrumb\":{\"@id\":\"https:\\\/\\\/campdrive.es\\\/index.php\\\/cursos\\\/cursos-fitosanitario\\\/#breadcrumb\"},\"inLanguage\":\"es\",\"potentialAction\":[{\"@type\":\"ReadAction\",\"target\":[\"https:\\\/\\\/campdrive.es\\\/index.php\\\/cursos\\\/cursos-fitosanitario\\\/\"]}]},{\"@type\":\"ImageObject\",\"inLanguage\":\"es\",\"@id\":\"https:\\\/\\\/campdrive.es\\\/index.php\\\/cursos\\\/cursos-fitosanitario\\\/#primaryimage\",\"url\":\"https:\\\/\\\/campdrive.es\\\/wp-content\\\/uploads\\\/2020\\\/02\\\/Centro-de-formacion-TRANSPARENTE.png\",\"contentUrl\":\"https:\\\/\\\/campdrive.es\\\/wp-content\\\/uploads\\\/2020\\\/02\\\/Centro-de-formacion-TRANSPARENTE.png\",\"width\":1633,\"height\":601},{\"@type\":\"BreadcrumbList\",\"@id\":\"https:\\\/\\\/campdrive.es\\\/index.php\\\/cursos\\\/cursos-fitosanitario\\\/#breadcrumb\",\"itemListElement\":[{\"@type\":\"ListItem\",\"position\":1,\"name\":\"Home\",\"item\":\"https:\\\/\\\/campdrive.es\\\/\"},{\"@type\":\"ListItem\",\"position\":2,\"name\":\"Cursos\",\"item\":\"https:\\\/\\\/campdrive.es\\\/index.php\\\/cursos\\\/\"},{\"@type\":\"ListItem\",\"position\":3,\"name\":\"FITOSANITARIO\"}]},{\"@type\":\"WebSite\",\"@id\":\"https:\\\/\\\/campdrive.es\\\/#website\",\"url\":\"https:\\\/\\\/campdrive.es\\\/\",\"name\":\"Autoescuela Campdrive\",\"description\":\"\",\"publisher\":{\"@id\":\"https:\\\/\\\/campdrive.es\\\/#organization\"},\"potentialAction\":[{\"@type\":\"SearchAction\",\"target\":{\"@type\":\"EntryPoint\",\"urlTemplate\":\"https:\\\/\\\/campdrive.es\\\/?s={search_term_string}\"},\"query-input\":{\"@type\":\"PropertyValueSpecification\",\"valueRequired\":true,\"valueName\":\"search_term_string\"}}],\"inLanguage\":\"es\"},{\"@type\":\"Organization\",\"@id\":\"https:\\\/\\\/campdrive.es\\\/#organization\",\"name\":\"Autoescuela Campdrive\",\"url\":\"https:\\\/\\\/campdrive.es\\\/\",\"logo\":{\"@type\":\"ImageObject\",\"inLanguage\":\"es\",\"@id\":\"https:\\\/\\\/campdrive.es\\\/#\\\/schema\\\/logo\\\/image\\\/\",\"url\":\"https:\\\/\\\/campdrive.es\\\/wp-content\\\/uploads\\\/2020\\\/02\\\/Centro-de-formacion-TRANSPARENTE.png\",\"contentUrl\":\"https:\\\/\\\/campdrive.es\\\/wp-content\\\/uploads\\\/2020\\\/02\\\/Centro-de-formacion-TRANSPARENTE.png\",\"width\":1633,\"height\":601,\"caption\":\"Autoescuela Campdrive\"},\"image\":{\"@id\":\"https:\\\/\\\/campdrive.es\\\/#\\\/schema\\\/logo\\\/image\\\/\"}}]}<\/script>\n<!-- \/ Yoast SEO plugin. -->","yoast_head_json":{"title":"FITOSANITARIO - Autoescuela Campdrive","robots":{"index":"index","follow":"follow","max-snippet":"max-snippet:-1","max-image-preview":"max-image-preview:large","max-video-preview":"max-video-preview:-1"},"canonical":"https:\/\/campdrive.es\/index.php\/cursos\/cursos-fitosanitario\/","og_locale":"es_ES","og_type":"article","og_title":"FITOSANITARIO - Autoescuela Campdrive","og_description":"CARNET FITOSANITARIO Si eres agricultor, particular o un vendedor de productos fitosanitarios , ESTE ES TU CURSO El Real Decreto 1311\/2012 de 14 de Septiembre, es el que da el car\u00e1cter obligatorio a la formaci\u00f3n en Manipulaci\u00f3n de Productos Fitosanitarios a todos los usuarios profesionales y vendedores de productos fitosanitarios. [&hellip;]","og_url":"https:\/\/campdrive.es\/index.php\/cursos\/cursos-fitosanitario\/","og_site_name":"Autoescuela Campdrive","article_modified_time":"2020-05-22T12:00:22+00:00","og_image":[{"width":1633,"height":601,"url":"https:\/\/campdrive.es\/wp-content\/uploads\/2020\/02\/Centro-de-formacion-TRANSPARENTE.png","type":"image\/png"}],"twitter_card":"summary_large_image","schema":{"@context":"https:\/\/schema.org","@graph":[{"@type":"WebPage","@id":"https:\/\/campdrive.es\/index.php\/cursos\/cursos-fitosanitario\/","url":"https:\/\/campdrive.es\/index.php\/cursos\/cursos-fitosanitario\/","name":"FITOSANITARIO - Autoescuela Campdrive","isPartOf":{"@id":"https:\/\/campdrive.es\/#website"},"primaryImageOfPage":{"@id":"https:\/\/campdrive.es\/index.php\/cursos\/cursos-fitosanitario\/#primaryimage"},"image":{"@id":"https:\/\/campdrive.es\/index.php\/cursos\/cursos-fitosanitario\/#primaryimage"},"thumbnailUrl":"https:\/\/campdrive.es\/wp-content\/uploads\/2020\/02\/Centro-de-formacion-TRANSPARENTE.png","datePublished":"2020-04-07T14:12:49+00:00","dateModified":"2020-05-22T12:00:22+00:00","breadcrumb":{"@id":"https:\/\/campdrive.es\/index.php\/cursos\/cursos-fitosanitario\/#breadcrumb"},"inLanguage":"es","potentialAction":[{"@type":"ReadAction","target":["https:\/\/campdrive.es\/index.php\/cursos\/cursos-fitosanitario\/"]}]},{"@type":"ImageObject","inLanguage":"es","@id":"https:\/\/campdrive.es\/index.php\/cursos\/cursos-fitosanitario\/#primaryimage","url":"https:\/\/campdrive.es\/wp-content\/uploads\/2020\/02\/Centro-de-formacion-TRANSPARENTE.png","contentUrl":"https:\/\/campdrive.es\/wp-content\/uploads\/2020\/02\/Centro-de-formacion-TRANSPARENTE.png","width":1633,"height":601},{"@type":"BreadcrumbList","@id":"https:\/\/campdrive.es\/index.php\/cursos\/cursos-fitosanitario\/#breadcrumb","itemListElement":[{"@type":"ListItem","position":1,"name":"Home","item":"https:\/\/campdrive.es\/"},{"@type":"ListItem","position":2,"name":"Cursos","item":"https:\/\/campdrive.es\/index.php\/cursos\/"},{"@type":"ListItem","position":3,"name":"FITOSANITARIO"}]},{"@type":"WebSite","@id":"https:\/\/campdrive.es\/#website","url":"https:\/\/campdrive.es\/","name":"Autoescuela Campdrive","description":"","publisher":{"@id":"https:\/\/campdrive.es\/#organization"},"potentialAction":[{"@type":"SearchAction","target":{"@type":"EntryPoint","urlTemplate":"https:\/\/campdrive.es\/?s={search_term_string}"},"query-input":{"@type":"PropertyValueSpecification","valueRequired":true,"valueName":"search_term_string"}}],"inLanguage":"es"},{"@type":"Organization","@id":"https:\/\/campdrive.es\/#organization","name":"Autoescuela Campdrive","url":"https:\/\/campdrive.es\/","logo":{"@type":"ImageObject","inLanguage":"es","@id":"https:\/\/campdrive.es\/#\/schema\/logo\/image\/","url":"https:\/\/campdrive.es\/wp-content\/uploads\/2020\/02\/Centro-de-formacion-TRANSPARENTE.png","contentUrl":"https:\/\/campdrive.es\/wp-content\/uploads\/2020\/02\/Centro-de-formacion-TRANSPARENTE.png","width":1633,"height":601,"caption":"Autoescuela Campdrive"},"image":{"@id":"https:\/\/campdrive.es\/#\/schema\/logo\/image\/"}}]}},"_links":{"self":[{"href":"https:\/\/campdrive.es\/index.php\/wp-json\/wp\/v2\/pages\/178","targetHints":{"allow":["GET"]}}],"collection":[{"href":"https:\/\/campdrive.es\/index.php\/wp-json\/wp\/v2\/pages"}],"about":[{"href":"https:\/\/campdrive.es\/index.php\/wp-json\/wp\/v2\/types\/page"}],"author":[{"embeddable":true,"href":"https:\/\/campdrive.es\/index.php\/wp-json\/wp\/v2\/users\/2"}],"replies":[{"embeddable":true,"href":"https:\/\/campdrive.es\/index.php\/wp-json\/wp\/v2\/comments?post=178"}],"version-history":[{"count":5,"href":"https:\/\/campdrive.es\/index.php\/wp-json\/wp\/v2\/pages\/178\/revisions"}],"predecessor-version":[{"id":340,"href":"https:\/\/campdrive.es\/index.php\/wp-json\/wp\/v2\/pages\/178\/revisions\/340"}],"up":[{"embeddable":true,"href":"https:\/\/campdrive.es\/index.php\/wp-json\/wp\/v2\/pages\/36"}],"wp:featuredmedia":[{"embeddable":true,"href":"https:\/\/campdrive.es\/index.php\/wp-json\/wp\/v2\/media\/67"}],"wp:attachment":[{"href":"https:\/\/campdrive.es\/index.php\/wp-json\/wp\/v2\/media?parent=178"}],"curies":[{"name":"wp","href":"https:\/\/api.w.org\/{rel}","templated":true}]}}