{"id":155,"date":"2020-03-31T19:01:06","date_gmt":"2020-03-31T19:01:06","guid":{"rendered":"https:\/\/campdrive.es\/?page_id=155"},"modified":"2020-05-22T11:48:48","modified_gmt":"2020-05-22T11:48:48","slug":"carretilla-elevadora","status":"publish","type":"page","link":"https:\/\/campdrive.es\/index.php\/cursos\/carretilla-elevadora\/","title":{"rendered":"CARRETILLA ELEVADORA"},"content":{"rendered":"\n<figure class=\"wp-block-image size-large is-resized is-style-default\"><img loading=\"lazy\" decoding=\"async\" src=\"https:\/\/campdrive.es\/wp-content\/uploads\/2020\/05\/CURSO-CARRETILLA-ELEVADORA-CAMPDRIVE.jpg\" alt=\"\" class=\"wp-image-331\" width=\"599\" height=\"337\" srcset=\"https:\/\/campdrive.es\/wp-content\/uploads\/2020\/05\/CURSO-CARRETILLA-ELEVADORA-CAMPDRIVE.jpg 710w, https:\/\/campdrive.es\/wp-content\/uploads\/2020\/05\/CURSO-CARRETILLA-ELEVADORA-CAMPDRIVE-300x169.jpg 300w\" sizes=\"auto, (max-width: 599px) 100vw, 599px\" \/><\/figure>\n\n\n\n<p class=\"has-text-color has-accent-color\"> <strong>El&nbsp;carnet de carretilla elevadora o carnet de carretillero&nbsp;<\/strong>es uno de los carn\u00e9ts m\u00e1s demandados en los \u00faltimos a\u00f1os debido a la gran inserci\u00f3n laboral que se consigue al obtenerlo. Para sacarte este carnet,  es necesario realizar el curso de carretillero te\u00f3rico &#8211; pr\u00e1ctico en nuestros centros.<\/p>\n\n\n\n<p class=\"has-text-color has-background has-text-align-center has-medium-font-size has-white-color has-accent-background-color\">HORARIOS FLEXIBLES  <\/p>\n\n\n\n<p class=\"has-text-color has-background has-text-align-center has-background-color-color has-accent-background-color\">CURSOS TE\u00d3RICO PR\u00c1CTICOS <\/p>\n\n\n\n<figure class=\"wp-block-image size-large is-style-default\"><img loading=\"lazy\" decoding=\"async\" width=\"1018\" height=\"134\" src=\"https:\/\/campdrive.es\/wp-content\/uploads\/2020\/05\/TELEFONO-CAMPDRIVE-9.jpg\" alt=\"\" class=\"wp-image-332\" srcset=\"https:\/\/campdrive.es\/wp-content\/uploads\/2020\/05\/TELEFONO-CAMPDRIVE-9.jpg 1018w, https:\/\/campdrive.es\/wp-content\/uploads\/2020\/05\/TELEFONO-CAMPDRIVE-9-300x39.jpg 300w, https:\/\/campdrive.es\/wp-content\/uploads\/2020\/05\/TELEFONO-CAMPDRIVE-9-768x101.jpg 768w\" sizes=\"auto, (max-width: 1018px) 100vw, 1018px\" \/><\/figure>\n\n\n\n<figure class=\"wp-block-image size-large is-style-default\"><img loading=\"lazy\" decoding=\"async\" width=\"1024\" height=\"332\" src=\"https:\/\/campdrive.es\/wp-content\/uploads\/2020\/05\/campdrive-6-1024x332.png\" alt=\"\" class=\"wp-image-333\" srcset=\"https:\/\/campdrive.es\/wp-content\/uploads\/2020\/05\/campdrive-6-1024x332.png 1024w, https:\/\/campdrive.es\/wp-content\/uploads\/2020\/05\/campdrive-6-300x97.png 300w, https:\/\/campdrive.es\/wp-content\/uploads\/2020\/05\/campdrive-6-768x249.png 768w, https:\/\/campdrive.es\/wp-content\/uploads\/2020\/05\/campdrive-6.png 1050w\" sizes=\"auto, (max-width: 1024px) 100vw, 1024px\" \/><\/figure>\n","protected":false},"excerpt":{"rendered":"<p>El&nbsp;carnet de carretilla elevadora o carnet de carretillero&nbsp;es uno de los carn\u00e9ts m\u00e1s demandados en los \u00faltimos a\u00f1os debido a la gran inserci\u00f3n laboral que se consigue al obtenerlo. Para sacarte este carnet, es necesario realizar el curso de carretillero te\u00f3rico &#8211; pr\u00e1ctico en nuestros centros. HORARIOS FLEXIBLES CURSOS TE\u00d3RICO [&hellip;]<\/p>\n","protected":false},"author":1,"featured_media":67,"parent":36,"menu_order":2,"comment_status":"closed","ping_status":"closed","template":"","meta":{"footnotes":""},"class_list":["post-155","page","type-page","status-publish","has-post-thumbnail","hentry"],"yoast_head":"<!-- This site is optimized with the Yoast SEO plugin v27.5 - https:\/\/yoast.com\/product\/yoast-seo-wordpress\/ -->\n<title>CARRETILLA ELEVADORA - Autoescuela Campdrive<\/title>\n<meta name=\"robots\" content=\"index, follow, max-snippet:-1, max-image-preview:large, max-video-preview:-1\" \/>\n<link rel=\"canonical\" href=\"https:\/\/campdrive.es\/index.php\/cursos\/carretilla-elevadora\/\" \/>\n<meta property=\"og:locale\" content=\"es_ES\" \/>\n<meta property=\"og:type\" content=\"article\" \/>\n<meta property=\"og:title\" content=\"CARRETILLA ELEVADORA - Autoescuela Campdrive\" \/>\n<meta property=\"og:description\" content=\"El&nbsp;carnet de carretilla elevadora o carnet de carretillero&nbsp;es uno de los carn\u00e9ts m\u00e1s demandados en los \u00faltimos a\u00f1os debido a la gran inserci\u00f3n laboral que se consigue al obtenerlo. Para sacarte este carnet, es necesario realizar el curso de carretillero te\u00f3rico &#8211; pr\u00e1ctico en nuestros centros. HORARIOS FLEXIBLES CURSOS TE\u00d3RICO [&hellip;]\" \/>\n<meta property=\"og:url\" content=\"https:\/\/campdrive.es\/index.php\/cursos\/carretilla-elevadora\/\" \/>\n<meta property=\"og:site_name\" content=\"Autoescuela Campdrive\" \/>\n<meta property=\"article:modified_time\" content=\"2020-05-22T11:48:48+00:00\" \/>\n<meta property=\"og:image\" content=\"https:\/\/campdrive.es\/wp-content\/uploads\/2020\/02\/Centro-de-formacion-TRANSPARENTE.png\" \/>\n\t<meta property=\"og:image:width\" content=\"1633\" \/>\n\t<meta property=\"og:image:height\" content=\"601\" \/>\n\t<meta property=\"og:image:type\" content=\"image\/png\" \/>\n<meta name=\"twitter:card\" content=\"summary_large_image\" \/>\n<script type=\"application\/ld+json\" class=\"yoast-schema-graph\">{\"@context\":\"https:\\\/\\\/schema.org\",\"@graph\":[{\"@type\":\"WebPage\",\"@id\":\"https:\\\/\\\/campdrive.es\\\/index.php\\\/cursos\\\/carretilla-elevadora\\\/\",\"url\":\"https:\\\/\\\/campdrive.es\\\/index.php\\\/cursos\\\/carretilla-elevadora\\\/\",\"name\":\"CARRETILLA ELEVADORA - Autoescuela Campdrive\",\"isPartOf\":{\"@id\":\"https:\\\/\\\/campdrive.es\\\/#website\"},\"primaryImageOfPage\":{\"@id\":\"https:\\\/\\\/campdrive.es\\\/index.php\\\/cursos\\\/carretilla-elevadora\\\/#primaryimage\"},\"image\":{\"@id\":\"https:\\\/\\\/campdrive.es\\\/index.php\\\/cursos\\\/carretilla-elevadora\\\/#primaryimage\"},\"thumbnailUrl\":\"https:\\\/\\\/campdrive.es\\\/wp-content\\\/uploads\\\/2020\\\/02\\\/Centro-de-formacion-TRANSPARENTE.png\",\"datePublished\":\"2020-03-31T19:01:06+00:00\",\"dateModified\":\"2020-05-22T11:48:48+00:00\",\"breadcrumb\":{\"@id\":\"https:\\\/\\\/campdrive.es\\\/index.php\\\/cursos\\\/carretilla-elevadora\\\/#breadcrumb\"},\"inLanguage\":\"es\",\"potentialAction\":[{\"@type\":\"ReadAction\",\"target\":[\"https:\\\/\\\/campdrive.es\\\/index.php\\\/cursos\\\/carretilla-elevadora\\\/\"]}]},{\"@type\":\"ImageObject\",\"inLanguage\":\"es\",\"@id\":\"https:\\\/\\\/campdrive.es\\\/index.php\\\/cursos\\\/carretilla-elevadora\\\/#primaryimage\",\"url\":\"https:\\\/\\\/campdrive.es\\\/wp-content\\\/uploads\\\/2020\\\/02\\\/Centro-de-formacion-TRANSPARENTE.png\",\"contentUrl\":\"https:\\\/\\\/campdrive.es\\\/wp-content\\\/uploads\\\/2020\\\/02\\\/Centro-de-formacion-TRANSPARENTE.png\",\"width\":1633,\"height\":601},{\"@type\":\"BreadcrumbList\",\"@id\":\"https:\\\/\\\/campdrive.es\\\/index.php\\\/cursos\\\/carretilla-elevadora\\\/#breadcrumb\",\"itemListElement\":[{\"@type\":\"ListItem\",\"position\":1,\"name\":\"Home\",\"item\":\"https:\\\/\\\/campdrive.es\\\/\"},{\"@type\":\"ListItem\",\"position\":2,\"name\":\"Cursos\",\"item\":\"https:\\\/\\\/campdrive.es\\\/index.php\\\/cursos\\\/\"},{\"@type\":\"ListItem\",\"position\":3,\"name\":\"CARRETILLA ELEVADORA\"}]},{\"@type\":\"WebSite\",\"@id\":\"https:\\\/\\\/campdrive.es\\\/#website\",\"url\":\"https:\\\/\\\/campdrive.es\\\/\",\"name\":\"Autoescuela Campdrive\",\"description\":\"\",\"publisher\":{\"@id\":\"https:\\\/\\\/campdrive.es\\\/#organization\"},\"potentialAction\":[{\"@type\":\"SearchAction\",\"target\":{\"@type\":\"EntryPoint\",\"urlTemplate\":\"https:\\\/\\\/campdrive.es\\\/?s={search_term_string}\"},\"query-input\":{\"@type\":\"PropertyValueSpecification\",\"valueRequired\":true,\"valueName\":\"search_term_string\"}}],\"inLanguage\":\"es\"},{\"@type\":\"Organization\",\"@id\":\"https:\\\/\\\/campdrive.es\\\/#organization\",\"name\":\"Autoescuela Campdrive\",\"url\":\"https:\\\/\\\/campdrive.es\\\/\",\"logo\":{\"@type\":\"ImageObject\",\"inLanguage\":\"es\",\"@id\":\"https:\\\/\\\/campdrive.es\\\/#\\\/schema\\\/logo\\\/image\\\/\",\"url\":\"https:\\\/\\\/campdrive.es\\\/wp-content\\\/uploads\\\/2020\\\/02\\\/Centro-de-formacion-TRANSPARENTE.png\",\"contentUrl\":\"https:\\\/\\\/campdrive.es\\\/wp-content\\\/uploads\\\/2020\\\/02\\\/Centro-de-formacion-TRANSPARENTE.png\",\"width\":1633,\"height\":601,\"caption\":\"Autoescuela Campdrive\"},\"image\":{\"@id\":\"https:\\\/\\\/campdrive.es\\\/#\\\/schema\\\/logo\\\/image\\\/\"}}]}<\/script>\n<!-- \/ Yoast SEO plugin. -->","yoast_head_json":{"title":"CARRETILLA ELEVADORA - Autoescuela Campdrive","robots":{"index":"index","follow":"follow","max-snippet":"max-snippet:-1","max-image-preview":"max-image-preview:large","max-video-preview":"max-video-preview:-1"},"canonical":"https:\/\/campdrive.es\/index.php\/cursos\/carretilla-elevadora\/","og_locale":"es_ES","og_type":"article","og_title":"CARRETILLA ELEVADORA - Autoescuela Campdrive","og_description":"El&nbsp;carnet de carretilla elevadora o carnet de carretillero&nbsp;es uno de los carn\u00e9ts m\u00e1s demandados en los \u00faltimos a\u00f1os debido a la gran inserci\u00f3n laboral que se consigue al obtenerlo. Para sacarte este carnet, es necesario realizar el curso de carretillero te\u00f3rico &#8211; pr\u00e1ctico en nuestros centros. HORARIOS FLEXIBLES CURSOS TE\u00d3RICO [&hellip;]","og_url":"https:\/\/campdrive.es\/index.php\/cursos\/carretilla-elevadora\/","og_site_name":"Autoescuela Campdrive","article_modified_time":"2020-05-22T11:48:48+00:00","og_image":[{"width":1633,"height":601,"url":"https:\/\/campdrive.es\/wp-content\/uploads\/2020\/02\/Centro-de-formacion-TRANSPARENTE.png","type":"image\/png"}],"twitter_card":"summary_large_image","schema":{"@context":"https:\/\/schema.org","@graph":[{"@type":"WebPage","@id":"https:\/\/campdrive.es\/index.php\/cursos\/carretilla-elevadora\/","url":"https:\/\/campdrive.es\/index.php\/cursos\/carretilla-elevadora\/","name":"CARRETILLA ELEVADORA - Autoescuela Campdrive","isPartOf":{"@id":"https:\/\/campdrive.es\/#website"},"primaryImageOfPage":{"@id":"https:\/\/campdrive.es\/index.php\/cursos\/carretilla-elevadora\/#primaryimage"},"image":{"@id":"https:\/\/campdrive.es\/index.php\/cursos\/carretilla-elevadora\/#primaryimage"},"thumbnailUrl":"https:\/\/campdrive.es\/wp-content\/uploads\/2020\/02\/Centro-de-formacion-TRANSPARENTE.png","datePublished":"2020-03-31T19:01:06+00:00","dateModified":"2020-05-22T11:48:48+00:00","breadcrumb":{"@id":"https:\/\/campdrive.es\/index.php\/cursos\/carretilla-elevadora\/#breadcrumb"},"inLanguage":"es","potentialAction":[{"@type":"ReadAction","target":["https:\/\/campdrive.es\/index.php\/cursos\/carretilla-elevadora\/"]}]},{"@type":"ImageObject","inLanguage":"es","@id":"https:\/\/campdrive.es\/index.php\/cursos\/carretilla-elevadora\/#primaryimage","url":"https:\/\/campdrive.es\/wp-content\/uploads\/2020\/02\/Centro-de-formacion-TRANSPARENTE.png","contentUrl":"https:\/\/campdrive.es\/wp-content\/uploads\/2020\/02\/Centro-de-formacion-TRANSPARENTE.png","width":1633,"height":601},{"@type":"BreadcrumbList","@id":"https:\/\/campdrive.es\/index.php\/cursos\/carretilla-elevadora\/#breadcrumb","itemListElement":[{"@type":"ListItem","position":1,"name":"Home","item":"https:\/\/campdrive.es\/"},{"@type":"ListItem","position":2,"name":"Cursos","item":"https:\/\/campdrive.es\/index.php\/cursos\/"},{"@type":"ListItem","position":3,"name":"CARRETILLA ELEVADORA"}]},{"@type":"WebSite","@id":"https:\/\/campdrive.es\/#website","url":"https:\/\/campdrive.es\/","name":"Autoescuela Campdrive","description":"","publisher":{"@id":"https:\/\/campdrive.es\/#organization"},"potentialAction":[{"@type":"SearchAction","target":{"@type":"EntryPoint","urlTemplate":"https:\/\/campdrive.es\/?s={search_term_string}"},"query-input":{"@type":"PropertyValueSpecification","valueRequired":true,"valueName":"search_term_string"}}],"inLanguage":"es"},{"@type":"Organization","@id":"https:\/\/campdrive.es\/#organization","name":"Autoescuela Campdrive","url":"https:\/\/campdrive.es\/","logo":{"@type":"ImageObject","inLanguage":"es","@id":"https:\/\/campdrive.es\/#\/schema\/logo\/image\/","url":"https:\/\/campdrive.es\/wp-content\/uploads\/2020\/02\/Centro-de-formacion-TRANSPARENTE.png","contentUrl":"https:\/\/campdrive.es\/wp-content\/uploads\/2020\/02\/Centro-de-formacion-TRANSPARENTE.png","width":1633,"height":601,"caption":"Autoescuela Campdrive"},"image":{"@id":"https:\/\/campdrive.es\/#\/schema\/logo\/image\/"}}]}},"_links":{"self":[{"href":"https:\/\/campdrive.es\/index.php\/wp-json\/wp\/v2\/pages\/155","targetHints":{"allow":["GET"]}}],"collection":[{"href":"https:\/\/campdrive.es\/index.php\/wp-json\/wp\/v2\/pages"}],"about":[{"href":"https:\/\/campdrive.es\/index.php\/wp-json\/wp\/v2\/types\/page"}],"author":[{"embeddable":true,"href":"https:\/\/campdrive.es\/index.php\/wp-json\/wp\/v2\/users\/1"}],"replies":[{"embeddable":true,"href":"https:\/\/campdrive.es\/index.php\/wp-json\/wp\/v2\/comments?post=155"}],"version-history":[{"count":7,"href":"https:\/\/campdrive.es\/index.php\/wp-json\/wp\/v2\/pages\/155\/revisions"}],"predecessor-version":[{"id":334,"href":"https:\/\/campdrive.es\/index.php\/wp-json\/wp\/v2\/pages\/155\/revisions\/334"}],"up":[{"embeddable":true,"href":"https:\/\/campdrive.es\/index.php\/wp-json\/wp\/v2\/pages\/36"}],"wp:featuredmedia":[{"embeddable":true,"href":"https:\/\/campdrive.es\/index.php\/wp-json\/wp\/v2\/media\/67"}],"wp:attachment":[{"href":"https:\/\/campdrive.es\/index.php\/wp-json\/wp\/v2\/media?parent=155"}],"curies":[{"name":"wp","href":"https:\/\/api.w.org\/{rel}","templated":true}]}}